{"id":4305431,"date":"2026-04-27T05:52:29","date_gmt":"2026-04-27T03:52:29","guid":{"rendered":"https:\/\/www.hugobike.cz\/p\/duse-ralson-26x1-75-2-125-47-57-559-av-48mm\/"},"modified":"2026-04-27T05:52:43","modified_gmt":"2026-04-27T03:52:43","slug":"duse-ralson-26x1-75-2-125-47-57-559-av-48mm","status":"publish","type":"product","link":"https:\/\/www.hugobike.cz\/fr\/p\/duse-ralson-26x1-75-2-125-47-57-559-av-48mm\/","title":{"rendered":"Bagues RALSON 26&#8243;x1.75-2.125 (47\/57-559) AV\/48mm"},"content":{"rendered":"","protected":false},"excerpt":{"rendered":"<p>Taille universelle - convient aux pneus 26\u2033 de 1,75 \u00e0 2,125 pouces de large<br \/>\nAutosventilek (AV) - gonflage facile avec une pompe de voiture standard<br \/>\nConception l\u00e9g\u00e8re - seulement 230 g qui n'alourdiront pas votre v\u00e9lo<br \/>\nDurabilit\u00e9 - mat\u00e9riaux de qualit\u00e9 pour une longue dur\u00e9e de vie<br \/>\nInstallation facile - changement rapide et compatibilit\u00e9 avec les roues conventionnelles<\/p>","protected":false},"featured_media":4624430,"comment_status":"closed","ping_status":"open","template":"","meta":{"_acf_changed":false},"product_brand":[],"product_cat":[147],"product_tag":[],"class_list":{"0":"post-4305431","1":"product","2":"type-product","3":"status-publish","4":"has-post-thumbnail","6":"product_cat-duse","8":"first","9":"onbackorder","10":"purchasable","11":"product-type-simple"},"acf":[],"_links":{"self":[{"href":"https:\/\/www.hugobike.cz\/fr\/wp-json\/wp\/v2\/product\/4305431","targetHints":{"allow":["GET"]}}],"collection":[{"href":"https:\/\/www.hugobike.cz\/fr\/wp-json\/wp\/v2\/product"}],"about":[{"href":"https:\/\/www.hugobike.cz\/fr\/wp-json\/wp\/v2\/types\/product"}],"replies":[{"embeddable":true,"href":"https:\/\/www.hugobike.cz\/fr\/wp-json\/wp\/v2\/comments?post=4305431"}],"wp:featuredmedia":[{"embeddable":true,"href":"https:\/\/www.hugobike.cz\/fr\/wp-json\/wp\/v2\/media\/4624430"}],"wp:attachment":[{"href":"https:\/\/www.hugobike.cz\/fr\/wp-json\/wp\/v2\/media?parent=4305431"}],"wp:term":[{"taxonomy":"product_brand","embeddable":true,"href":"https:\/\/www.hugobike.cz\/fr\/wp-json\/wp\/v2\/product_brand?post=4305431"},{"taxonomy":"product_cat","embeddable":true,"href":"https:\/\/www.hugobike.cz\/fr\/wp-json\/wp\/v2\/product_cat?post=4305431"},{"taxonomy":"product_tag","embeddable":true,"href":"https:\/\/www.hugobike.cz\/fr\/wp-json\/wp\/v2\/product_tag?post=4305431"}],"curies":[{"name":"wp","href":"https:\/\/api.w.org\/{rel}","templated":true}]}}