{"id":4209245,"date":"2026-01-09T08:33:05","date_gmt":"2026-01-09T07:33:05","guid":{"rendered":"https:\/\/www.hugobike.cz\/?post_type=product&#038;p=4209245"},"modified":"2026-01-09T08:46:34","modified_gmt":"2026-01-09T07:46:34","slug":"big-one","status":"publish","type":"product","link":"https:\/\/www.hugobike.cz\/fr\/p\/big-one\/","title":{"rendered":"GRANDE UNE"},"content":{"rendered":"","protected":false},"excerpt":{"rendered":"<h2 id=\"headline-2238-256\" class=\"ct-headline text--uppercase text--italic\"><span id=\"span-2239-256\" class=\"ct-span\">Le plus grand<\/span>\u00a0<span id=\"span-2244-256\" class=\"ct-span text--300\">-<\/span>\u00a0<span id=\"span-2240-256\" class=\"ct-span text--300\">2025<\/span><\/h2>\n<p id=\"text_block-222-14\" class=\"ct-text-block text--uppercase margin-bottom--l geom-light width--m\"><span id=\"span-223-14\" class=\"ct-span\">L'e-scooter pour les moins exigeants, qui est \u00e9quip\u00e9 d'un moteur de 1 kW, r\u00e9sistera m\u00eame aux terrains l\u00e9gers et vous permettra d'acqu\u00e9rir une grande exp\u00e9rience des longs trajets.<\/span><\/p>\n<p>Piles<\/p>\n<div>\n<div id=\"text_block-246-14\" class=\"ct-text-block bike-desc_table-column_text\"><span id=\"span-1187-256\" class=\"ct-span\">30 Ah\/35 Ah <\/span><\/div>\n<div class=\"ct-text-block bike-desc_table-column_text\">Moteur<\/div>\n<div id=\"text_block-2663-256\" class=\"ct-text-block bike-desc_table-column_text\"><span id=\"span-2664-256\" class=\"ct-span\">250W - 1 kW<\/span><\/div>\n<div class=\"ct-text-block bike-desc_table-column_text\">Se rendre sur place<\/div>\n<div id=\"text_block-252-14\" class=\"ct-text-block bike-desc_table-column_text\"><span id=\"span-1189-256\" class=\"ct-span\">\u00d8 75-85 km<\/span><\/div>\n<div class=\"ct-text-block bike-desc_table-column_text\">Vitesse<\/div>\n<div id=\"text_block-257-14\" class=\"ct-text-block bike-desc_table-column_text\"><span id=\"span-1191-256\" class=\"ct-span\">25 km\/h *<\/span><\/div>\n<div class=\"ct-text-block bike-desc_table-column_text\">Chargement<\/div>\n<div class=\"ct-text-block bike-desc_table-column_text\">3 A (une puissance sup\u00e9rieure peut \u00eatre achet\u00e9e)<\/div>\n<div class=\"ct-text-block bike-desc_table-column_text\">Destination<\/div>\n<div class=\"ct-text-block bike-desc_table-column_text\">terrain l\u00e9ger<\/div>\n<div class=\"ct-text-block bike-desc_table-column_text\">Cadre<\/div>\n<div class=\"ct-text-block bike-desc_table-column_text\">acier\/double<\/div>\n<div class=\"ct-text-block bike-desc_table-column_text\">Fourche\/amortisseur<\/div>\n<div class=\"ct-text-block bike-desc_table-column_text\">huile 100mm\/no back. amortisseur<\/div>\n<div class=\"ct-text-block bike-desc_table-column_text\">Freins\/disques<\/div>\n<div class=\"ct-text-block bike-desc_table-column_text\">Hydraulique (180 mm) HB<\/div>\n<div class=\"ct-text-block bike-desc_table-column_text\">Taille de la roue<\/div>\n<div class=\"ct-text-block bike-desc_table-column_text\">26\u2033\/20\u2033<\/div>\n<div class=\"ct-text-block bike-desc_table-column_text\">Dimensions<\/div>\n<div class=\"ct-text-block bike-desc_table-column_text\">h x l x p - 118 x 75 x 190 cm<\/div>\n<div class=\"ct-text-block bike-desc_table-column_text\">Poids<\/div>\n<div class=\"ct-text-block bike-desc_table-column_text\">45 kg<\/div>\n<div class=\"ct-text-block bike-desc_table-column_text\">D\u00e9lai de livraison : 6 \u00e0 8 semaines<\/div>\n<\/div>","protected":false},"featured_media":4209249,"comment_status":"open","ping_status":"closed","template":"","meta":{"_acf_changed":false},"product_brand":[],"product_cat":[174],"product_tag":[],"class_list":{"0":"post-4209245","1":"product","2":"type-product","3":"status-publish","4":"has-post-thumbnail","6":"product_cat-e-kolobezky","8":"first","9":"instock","10":"taxable","11":"shipping-taxable","12":"purchasable","13":"product-type-simple"},"acf":[],"_links":{"self":[{"href":"https:\/\/www.hugobike.cz\/fr\/wp-json\/wp\/v2\/product\/4209245","targetHints":{"allow":["GET"]}}],"collection":[{"href":"https:\/\/www.hugobike.cz\/fr\/wp-json\/wp\/v2\/product"}],"about":[{"href":"https:\/\/www.hugobike.cz\/fr\/wp-json\/wp\/v2\/types\/product"}],"replies":[{"embeddable":true,"href":"https:\/\/www.hugobike.cz\/fr\/wp-json\/wp\/v2\/comments?post=4209245"}],"wp:featuredmedia":[{"embeddable":true,"href":"https:\/\/www.hugobike.cz\/fr\/wp-json\/wp\/v2\/media\/4209249"}],"wp:attachment":[{"href":"https:\/\/www.hugobike.cz\/fr\/wp-json\/wp\/v2\/media?parent=4209245"}],"wp:term":[{"taxonomy":"product_brand","embeddable":true,"href":"https:\/\/www.hugobike.cz\/fr\/wp-json\/wp\/v2\/product_brand?post=4209245"},{"taxonomy":"product_cat","embeddable":true,"href":"https:\/\/www.hugobike.cz\/fr\/wp-json\/wp\/v2\/product_cat?post=4209245"},{"taxonomy":"product_tag","embeddable":true,"href":"https:\/\/www.hugobike.cz\/fr\/wp-json\/wp\/v2\/product_tag?post=4209245"}],"curies":[{"name":"wp","href":"https:\/\/api.w.org\/{rel}","templated":true}]}}