{"id":4209240,"date":"2026-01-09T08:13:23","date_gmt":"2026-01-09T07:13:23","guid":{"rendered":"https:\/\/www.hugobike.cz\/?post_type=product&#038;p=4209240"},"modified":"2026-01-09T08:20:40","modified_gmt":"2026-01-09T07:20:40","slug":"big-one-x","status":"publish","type":"product","link":"https:\/\/www.hugobike.cz\/fr\/p\/big-one-x\/","title":{"rendered":"BIG ONE X"},"content":{"rendered":"","protected":false},"excerpt":{"rendered":"<h2 id=\"headline-2238-256\" class=\"ct-headline text--uppercase text--italic\"><span id=\"span-2239-256\" class=\"ct-span\">Un grand X<\/span>\u00a0<span id=\"span-2244-256\" class=\"ct-span text--300\">-<\/span>\u00a0<span id=\"span-2240-256\" class=\"ct-span text--300\">2025<\/span><\/h2>\n<div id=\"text_block-222-14\" class=\"ct-text-block text--uppercase margin-bottom--l geom-light width--m\"><span id=\"span-223-14\" class=\"ct-span\">E-scooter pour les terrains exigeants, mod\u00e9r\u00e9s et vallonn\u00e9s. Dans la version avec moteur de 7 kW (en puissance de pointe 1s jusqu'\u00e0 13 kW)<\/span><\/div>\n<p>Batterie 60 Ah \/52v<\/p>\n<p>Moteur 250W - 7 kW<\/p>\n<p>Port\u00e9e \u00d8 150 km<\/p>\n<p>Vitesse 70 km\/h *<\/p>\n<p>Chargement 3 A (une charge plus forte peut \u00eatre achet\u00e9e)<\/p>\n<p>D\u00e9signation terrain moyen - lourd<\/p>\n<p>Cadre acier\/dual<\/p>\n<p>Fourche\/amortisseur pneumatique 120mm\/pas d'arri\u00e8re. amortisseur<\/p>\n<p>MAGURA MT5e \/ 203 mm freins\/disques<\/p>\n<p>Taille de la roue 26\u2033\/20\u2033<\/p>\n<p>Dimensions h x l x p - 118 x 75 x 201 cm<\/p>\n<p>Poids 55 kg<\/p>\n<p>D\u00e9lai de livraison : 6 \u00e0 8 semaines<\/p>","protected":false},"featured_media":4209242,"comment_status":"open","ping_status":"closed","template":"","meta":{"_acf_changed":false},"product_brand":[],"product_cat":[174],"product_tag":[],"class_list":{"0":"post-4209240","1":"product","2":"type-product","3":"status-publish","4":"has-post-thumbnail","6":"product_cat-e-kolobezky","8":"first","9":"instock","10":"taxable","11":"shipping-taxable","12":"purchasable","13":"product-type-simple"},"acf":[],"_links":{"self":[{"href":"https:\/\/www.hugobike.cz\/fr\/wp-json\/wp\/v2\/product\/4209240","targetHints":{"allow":["GET"]}}],"collection":[{"href":"https:\/\/www.hugobike.cz\/fr\/wp-json\/wp\/v2\/product"}],"about":[{"href":"https:\/\/www.hugobike.cz\/fr\/wp-json\/wp\/v2\/types\/product"}],"replies":[{"embeddable":true,"href":"https:\/\/www.hugobike.cz\/fr\/wp-json\/wp\/v2\/comments?post=4209240"}],"wp:featuredmedia":[{"embeddable":true,"href":"https:\/\/www.hugobike.cz\/fr\/wp-json\/wp\/v2\/media\/4209242"}],"wp:attachment":[{"href":"https:\/\/www.hugobike.cz\/fr\/wp-json\/wp\/v2\/media?parent=4209240"}],"wp:term":[{"taxonomy":"product_brand","embeddable":true,"href":"https:\/\/www.hugobike.cz\/fr\/wp-json\/wp\/v2\/product_brand?post=4209240"},{"taxonomy":"product_cat","embeddable":true,"href":"https:\/\/www.hugobike.cz\/fr\/wp-json\/wp\/v2\/product_cat?post=4209240"},{"taxonomy":"product_tag","embeddable":true,"href":"https:\/\/www.hugobike.cz\/fr\/wp-json\/wp\/v2\/product_tag?post=4209240"}],"curies":[{"name":"wp","href":"https:\/\/api.w.org\/{rel}","templated":true}]}}