{"id":4206137,"date":"2026-01-08T13:54:12","date_gmt":"2026-01-08T12:54:12","guid":{"rendered":"https:\/\/www.hugobike.cz\/?post_type=product&#038;p=4206137"},"modified":"2026-01-08T14:01:09","modified_gmt":"2026-01-08T13:01:09","slug":"4206137","status":"publish","type":"product","link":"https:\/\/www.hugobike.cz\/fr\/p\/4206137\/","title":{"rendered":"SCORPIO"},"content":{"rendered":"<p>Batterie 21 Ah Moteur 1000 W Autonomie Environ 50 km Vitesse 25km Chargement 3 A (plus puissant peut \u00eatre achet\u00e9) Ville D\u00e9signation Cadre Dural Fourche\/amortisseur m\u00e9canique\/sans amortisseur Freins\/roues m\u00e9canique (160 mm) Taille des roues 12\u2033 Dimensions h x l x p - 124 x 61 x 117 cm Poids 17,5 kg D\u00e9lai de livraison : 6 - 8 semaines<\/p>","protected":false},"excerpt":{"rendered":"<h2 id=\"headline-819-14\" class=\"ct-headline text--uppercase text--italic\"><span id=\"span-820-256\" class=\"ct-span\">Scorpion<\/span><\/h2>\n<div id=\"text_block-822-14\" class=\"ct-text-block text--uppercase margin-bottom--l geom-light width--m\"><span id=\"span-823-256\" class=\"ct-span\">Si vous recherchez un scooter \u00e9lectrique qui ne vous laissera pas tomber pour vos d\u00e9placements quotidiens ou vos trajets plus longs, le Scorpio TOP est le bon choix !<\/span><\/div>\n<div>Batterie 21 Ah<\/div>\n<div>Moteur 1000 W<\/div>\n<div>Port\u00e9e Environ 50 km<\/div>\n<div>Vitesse 25km<\/div>\n<div>Chargement 3 A (une charge plus forte peut \u00eatre achet\u00e9e)<\/div>\n<div>Ville de d\u00e9signation<\/div>\n<div>Cadre en duralumin<\/div>\n<div>M\u00e9canique fourche\/amortisseur\/sans amortisseur<\/div>\n<div>Freins\/m\u00e9canique des disques (160 mm)<\/div>\n<div>Taille des roues 12\u2033.<\/div>\n<div>Dimensions h x l x p - 124 x 61 x 117 cm<\/div>\n<div>Poids 17,5 kg<\/div>\n<div><\/div>\n<div>D\u00e9lai de livraison : 6 \u00e0 8 semaines<\/div>","protected":false},"featured_media":4206136,"comment_status":"open","ping_status":"closed","template":"","meta":{"_acf_changed":false},"product_brand":[],"product_cat":[174],"product_tag":[],"class_list":{"0":"post-4206137","1":"product","2":"type-product","3":"status-publish","4":"has-post-thumbnail","6":"product_cat-e-kolobezky","8":"first","9":"instock","10":"taxable","11":"shipping-taxable","12":"purchasable","13":"product-type-simple"},"acf":[],"_links":{"self":[{"href":"https:\/\/www.hugobike.cz\/fr\/wp-json\/wp\/v2\/product\/4206137","targetHints":{"allow":["GET"]}}],"collection":[{"href":"https:\/\/www.hugobike.cz\/fr\/wp-json\/wp\/v2\/product"}],"about":[{"href":"https:\/\/www.hugobike.cz\/fr\/wp-json\/wp\/v2\/types\/product"}],"replies":[{"embeddable":true,"href":"https:\/\/www.hugobike.cz\/fr\/wp-json\/wp\/v2\/comments?post=4206137"}],"wp:featuredmedia":[{"embeddable":true,"href":"https:\/\/www.hugobike.cz\/fr\/wp-json\/wp\/v2\/media\/4206136"}],"wp:attachment":[{"href":"https:\/\/www.hugobike.cz\/fr\/wp-json\/wp\/v2\/media?parent=4206137"}],"wp:term":[{"taxonomy":"product_brand","embeddable":true,"href":"https:\/\/www.hugobike.cz\/fr\/wp-json\/wp\/v2\/product_brand?post=4206137"},{"taxonomy":"product_cat","embeddable":true,"href":"https:\/\/www.hugobike.cz\/fr\/wp-json\/wp\/v2\/product_cat?post=4206137"},{"taxonomy":"product_tag","embeddable":true,"href":"https:\/\/www.hugobike.cz\/fr\/wp-json\/wp\/v2\/product_tag?post=4206137"}],"curies":[{"name":"wp","href":"https:\/\/api.w.org\/{rel}","templated":true}]}}