{"id":2651984,"date":"2026-04-24T22:56:29","date_gmt":"2026-04-24T20:56:29","guid":{"rendered":"https:\/\/www.hugobike.cz\/p\/prilba-cross-cup-2-napa-cassida-piskova-zelena-zluta-fluo-cerna-matna-2025\/"},"modified":"2026-04-24T22:56:36","modified_gmt":"2026-04-24T20:56:36","slug":"casque-cross-cup-2-napa-cassida-colorful-green-gold-fluo-black-matte-2025","status":"publish","type":"product","link":"https:\/\/www.hugobike.cz\/fr\/p\/prilba-cross-cup-2-napa-cassida-piskova-zelena-zluta-fluo-cerna-matna-2025\/","title":{"rendered":"Casque Cross Cup 2 Napa, CASSIDA (sable\/vert\/jaune fluo\/noir mat) 2025"},"content":{"rendered":"","protected":false},"excerpt":{"rendered":"<p>taille XL (61 \u00e0 62 cm)<br \/>\ntaille 2XL (63 \u00e0 64 cm)<\/p>\n<p>Construction :<br \/>\nCoque en polycarbonate.<br \/>\nNoyau int\u00e9rieur en polystyr\u00e8ne EPS.<br \/>\nMoulage sur les c\u00f4t\u00e9s de l'ourlet inf\u00e9rieur du casque.<br \/>\nPoints forts du produit :<br \/>\nDoublure en polyester enti\u00e8rement amovible et lavable.<br \/>\nPanneaux en maille.<br \/>\nFiltre \u00e0 charbon inclus dans la prise d'air avant.<br \/>\nD\u00e9coupes internes dans la zone des joues de l'EPS pour permettre le montage d'un casque de communication.<\/p>","protected":false},"featured_media":4615780,"comment_status":"closed","ping_status":"open","template":"","meta":{"_acf_changed":false},"product_brand":[],"product_cat":[144],"product_tag":[],"class_list":{"0":"post-2651984","1":"product","2":"type-product","3":"status-publish","4":"has-post-thumbnail","6":"product_cat-doplnky","8":"first","9":"onbackorder","10":"purchasable","11":"product-type-simple"},"acf":[],"_links":{"self":[{"href":"https:\/\/www.hugobike.cz\/fr\/wp-json\/wp\/v2\/product\/2651984","targetHints":{"allow":["GET"]}}],"collection":[{"href":"https:\/\/www.hugobike.cz\/fr\/wp-json\/wp\/v2\/product"}],"about":[{"href":"https:\/\/www.hugobike.cz\/fr\/wp-json\/wp\/v2\/types\/product"}],"replies":[{"embeddable":true,"href":"https:\/\/www.hugobike.cz\/fr\/wp-json\/wp\/v2\/comments?post=2651984"}],"wp:featuredmedia":[{"embeddable":true,"href":"https:\/\/www.hugobike.cz\/fr\/wp-json\/wp\/v2\/media\/4615780"}],"wp:attachment":[{"href":"https:\/\/www.hugobike.cz\/fr\/wp-json\/wp\/v2\/media?parent=2651984"}],"wp:term":[{"taxonomy":"product_brand","embeddable":true,"href":"https:\/\/www.hugobike.cz\/fr\/wp-json\/wp\/v2\/product_brand?post=2651984"},{"taxonomy":"product_cat","embeddable":true,"href":"https:\/\/www.hugobike.cz\/fr\/wp-json\/wp\/v2\/product_cat?post=2651984"},{"taxonomy":"product_tag","embeddable":true,"href":"https:\/\/www.hugobike.cz\/fr\/wp-json\/wp\/v2\/product_tag?post=2651984"}],"curies":[{"name":"wp","href":"https:\/\/api.w.org\/{rel}","templated":true}]}}