{"id":2331727,"date":"2026-04-24T22:56:29","date_gmt":"2026-04-24T20:56:29","guid":{"rendered":"https:\/\/www.hugobike.cz\/p\/displej-b04\/"},"modified":"2026-04-24T22:56:31","modified_gmt":"2026-04-24T20:56:31","slug":"affichage-b04","status":"publish","type":"product","link":"https:\/\/www.hugobike.cz\/fr\/p\/displej-b04\/","title":{"rendered":"Affichage B04"},"content":{"rendered":"","protected":false},"excerpt":{"rendered":"<p>Pour le syst\u00e8me : Bafang CAN<br \/>\nDimensions : 89,3\u00d760,8x80mm<br \/>\n\u00c9cran : 3,5\" IPS RGB<br \/>\nR\u00e9solution de l'\u00e9cran : 320x480px<br \/>\nLongueur du c\u00e2ble : 20 cm<br \/>\nTension de fonctionnement : 36-48V<br \/>\nTemp\u00e9rature de fonctionnement : -20\u00b0C - 70\u00b0C<br \/>\n\u00c9tanch\u00e9it\u00e9 : IP67<br \/>\nPoids : 92g<br \/>\nPilote : K31<br \/>\nProtocole de communication : CAN BUS Bafang<br \/>\nBluetooth : 4.0<br \/>\nInterface USB pour la communication de donn\u00e9es et le chargement : USB-C<br \/>\nCertification : RoHS, CE, FCC<\/p>\n<p>L'\u00e9cran affiche : Vitesse actuelle, vitesse moyenne, ODO, ordinateur de bord, codes d'erreur, capacit\u00e9 de la batterie, activation de l'\u00e9clairage, activation du bluetooth, syst\u00e8me de marche.<br \/>\nR\u00e9glages de l'affichage : Luminosit\u00e9 du r\u00e9tro\u00e9clairage, nombre d'assistances, km\/mile, diam\u00e8tre des roues, tension de la batterie, mise en veille de l'\u00e9cran, r\u00e9initialisation, mot de passe, langue du menu (anglais).<\/p>","protected":false},"featured_media":4615777,"comment_status":"closed","ping_status":"open","template":"","meta":{"_acf_changed":false},"product_brand":[],"product_cat":[139],"product_tag":[],"class_list":{"0":"post-2331727","1":"product","2":"type-product","3":"status-publish","4":"has-post-thumbnail","6":"product_cat-displej","8":"first","9":"instock","10":"purchasable","11":"product-type-simple"},"acf":[],"_links":{"self":[{"href":"https:\/\/www.hugobike.cz\/fr\/wp-json\/wp\/v2\/product\/2331727","targetHints":{"allow":["GET"]}}],"collection":[{"href":"https:\/\/www.hugobike.cz\/fr\/wp-json\/wp\/v2\/product"}],"about":[{"href":"https:\/\/www.hugobike.cz\/fr\/wp-json\/wp\/v2\/types\/product"}],"replies":[{"embeddable":true,"href":"https:\/\/www.hugobike.cz\/fr\/wp-json\/wp\/v2\/comments?post=2331727"}],"wp:featuredmedia":[{"embeddable":true,"href":"https:\/\/www.hugobike.cz\/fr\/wp-json\/wp\/v2\/media\/4615777"}],"wp:attachment":[{"href":"https:\/\/www.hugobike.cz\/fr\/wp-json\/wp\/v2\/media?parent=2331727"}],"wp:term":[{"taxonomy":"product_brand","embeddable":true,"href":"https:\/\/www.hugobike.cz\/fr\/wp-json\/wp\/v2\/product_brand?post=2331727"},{"taxonomy":"product_cat","embeddable":true,"href":"https:\/\/www.hugobike.cz\/fr\/wp-json\/wp\/v2\/product_cat?post=2331727"},{"taxonomy":"product_tag","embeddable":true,"href":"https:\/\/www.hugobike.cz\/fr\/wp-json\/wp\/v2\/product_tag?post=2331727"}],"curies":[{"name":"wp","href":"https:\/\/api.w.org\/{rel}","templated":true}]}}