{"id":1829,"date":"2026-04-26T22:56:01","date_gmt":"2026-04-26T20:56:01","guid":{"rendered":"https:\/\/www.hugobike.cz\/p\/ridici-jednotka-silixcon-sc-2\/"},"modified":"2026-04-26T22:56:23","modified_gmt":"2026-04-26T20:56:23","slug":"unite-dentrainement-silixcon-sc","status":"publish","type":"product","link":"https:\/\/www.hugobike.cz\/fr\/p\/ridici-jednotka-silixcon-sc\/","title":{"rendered":"Unit\u00e9 de contr\u00f4le Silixcon SC"},"content":{"rendered":"","protected":false},"excerpt":{"rendered":"<p>Jusqu'\u00e0 15 kW<br \/>\nTension jusqu'\u00e0 84V<br \/>\nCr\u00eate 400 A<br \/>\nPoids 550 g<br \/>\nL'unit\u00e9 de contr\u00f4le comprend le logiciel de verrouillage HUGO BIKE, la configuration peut \u00eatre t\u00e9l\u00e9charg\u00e9e sur les mod\u00e8les BIG ONE S, BIG ONE S et S.E.N. sur demande.<br \/>\nLa modification de la configuration est factur\u00e9e \u00e0 2 000 CZK\/heure, TVA comprise.<\/p>","protected":false},"featured_media":4623515,"comment_status":"closed","ping_status":"open","template":"","meta":{"_acf_changed":false},"product_brand":[],"product_cat":[140],"product_tag":[],"class_list":{"0":"post-1829","1":"product","2":"type-product","3":"status-publish","4":"has-post-thumbnail","6":"product_cat-ridici-jednotky","8":"first","9":"onbackorder","10":"purchasable","11":"product-type-simple"},"acf":[],"_links":{"self":[{"href":"https:\/\/www.hugobike.cz\/fr\/wp-json\/wp\/v2\/product\/1829","targetHints":{"allow":["GET"]}}],"collection":[{"href":"https:\/\/www.hugobike.cz\/fr\/wp-json\/wp\/v2\/product"}],"about":[{"href":"https:\/\/www.hugobike.cz\/fr\/wp-json\/wp\/v2\/types\/product"}],"replies":[{"embeddable":true,"href":"https:\/\/www.hugobike.cz\/fr\/wp-json\/wp\/v2\/comments?post=1829"}],"wp:featuredmedia":[{"embeddable":true,"href":"https:\/\/www.hugobike.cz\/fr\/wp-json\/wp\/v2\/media\/4623515"}],"wp:attachment":[{"href":"https:\/\/www.hugobike.cz\/fr\/wp-json\/wp\/v2\/media?parent=1829"}],"wp:term":[{"taxonomy":"product_brand","embeddable":true,"href":"https:\/\/www.hugobike.cz\/fr\/wp-json\/wp\/v2\/product_brand?post=1829"},{"taxonomy":"product_cat","embeddable":true,"href":"https:\/\/www.hugobike.cz\/fr\/wp-json\/wp\/v2\/product_cat?post=1829"},{"taxonomy":"product_tag","embeddable":true,"href":"https:\/\/www.hugobike.cz\/fr\/wp-json\/wp\/v2\/product_tag?post=1829"}],"curies":[{"name":"wp","href":"https:\/\/api.w.org\/{rel}","templated":true}]}}