{"id":1825,"date":"2026-04-24T22:52:45","date_gmt":"2026-04-24T20:52:45","guid":{"rendered":"https:\/\/www.hugobike.cz\/p\/ram-sunny-model-2022-2023\/"},"modified":"2026-04-24T22:53:17","modified_gmt":"2026-04-24T20:53:17","slug":"ram-sunny-modele-2022-2023","status":"publish","type":"product","link":"https:\/\/www.hugobike.cz\/fr\/p\/ram-sunny-model-2022-2023\/","title":{"rendered":"Cadre Sunny Mod\u00e8le 2022\/2023"},"content":{"rendered":"","protected":false},"excerpt":{"rendered":"<p>Sans vernis, c'est un cadre brut.<br \/>\nNE PEUT \u00caTRE COMMAND\u00c9, UNIQUEMENT SUR DEMANDE<br \/>\nNe comprend pas la plaque d'\u00e9l\u00e9vation, la b\u00e9quille, le rangement de la roue arri\u00e8re, les polices de caract\u00e8res, les d\u00e9calcomanies et le rangement de la poup\u00e9e.<\/p>","protected":false},"featured_media":4615713,"comment_status":"closed","ping_status":"open","template":"","meta":{"_acf_changed":false},"product_brand":[],"product_cat":[137],"product_tag":[],"class_list":{"0":"post-1825","1":"product","2":"type-product","3":"status-publish","4":"has-post-thumbnail","6":"product_cat-ram","8":"first","9":"instock","10":"purchasable","11":"product-type-simple"},"acf":[],"_links":{"self":[{"href":"https:\/\/www.hugobike.cz\/fr\/wp-json\/wp\/v2\/product\/1825","targetHints":{"allow":["GET"]}}],"collection":[{"href":"https:\/\/www.hugobike.cz\/fr\/wp-json\/wp\/v2\/product"}],"about":[{"href":"https:\/\/www.hugobike.cz\/fr\/wp-json\/wp\/v2\/types\/product"}],"replies":[{"embeddable":true,"href":"https:\/\/www.hugobike.cz\/fr\/wp-json\/wp\/v2\/comments?post=1825"}],"wp:featuredmedia":[{"embeddable":true,"href":"https:\/\/www.hugobike.cz\/fr\/wp-json\/wp\/v2\/media\/4615713"}],"wp:attachment":[{"href":"https:\/\/www.hugobike.cz\/fr\/wp-json\/wp\/v2\/media?parent=1825"}],"wp:term":[{"taxonomy":"product_brand","embeddable":true,"href":"https:\/\/www.hugobike.cz\/fr\/wp-json\/wp\/v2\/product_brand?post=1825"},{"taxonomy":"product_cat","embeddable":true,"href":"https:\/\/www.hugobike.cz\/fr\/wp-json\/wp\/v2\/product_cat?post=1825"},{"taxonomy":"product_tag","embeddable":true,"href":"https:\/\/www.hugobike.cz\/fr\/wp-json\/wp\/v2\/product_tag?post=1825"}],"curies":[{"name":"wp","href":"https:\/\/api.w.org\/{rel}","templated":true}]}}