{"id":1807,"date":"2026-04-28T05:52:01","date_gmt":"2026-04-28T03:52:01","guid":{"rendered":"https:\/\/www.hugobike.cz\/p\/zadni-sekvencni-led-blinkry-s-brzdovym-svetlem-lampa-line-sq-rear-90477\/"},"modified":"2026-04-28T05:52:17","modified_gmt":"2026-04-28T03:52:17","slug":"clignotants-sequentiels-arriere-a-led-avec-feu-de-freinage-ligne-sq-arriere-90477","status":"publish","type":"product","link":"https:\/\/www.hugobike.cz\/fr\/p\/zadni-sekvencni-led-blinkry-s-brzdovym-svetlem-lampa-line-sq-rear-90477\/","title":{"rendered":"Feux clignotants arri\u00e8re s\u00e9quentiels \u00e0 LED avec feu stop LAMPA LINE SQ REAR (90477)"},"content":{"rendered":"","protected":false},"excerpt":{"rendered":"<p>Clignotants s\u00e9quentiels arri\u00e8re \u00e0 LED pour moto LINE SQ REAR de la soci\u00e9t\u00e9 italienne Lampa.<\/p>\n<p>Sp\u00e9cifications :<\/p>\n<p>Clignotants s\u00e9quentiels avec affichage moderne de la direction<br \/>\ncomprend \u00e9galement un feu de freinage rouge pour plus de s\u00e9curit\u00e9<br \/>\nles indicateurs de direction sont homologu\u00e9s<br \/>\ndimensions 92 x 16 mm<br \/>\nfiletage M8<br \/>\nImperm\u00e9able \u00e0 l'eau<br \/>\nAlimentation 12V<br \/>\n\u00e9quip\u00e9 de LED SMD de haute qualit\u00e9<br \/>\ndesign moderne et simple<br \/>\nles c\u00e2bles sont \u00e9quip\u00e9s de connecteurs \u00e0 d\u00e9gagement rapide<br \/>\nr\u00e9sistance \u00e9lev\u00e9e aux vibrations<br \/>\nles clignotants sont mont\u00e9s sur un joint en caoutchouc<\/p>","protected":false},"featured_media":4628283,"comment_status":"closed","ping_status":"open","template":"","meta":{"_acf_changed":false},"product_brand":[],"product_cat":[138],"product_tag":[],"class_list":{"0":"post-1807","1":"product","2":"type-product","3":"status-publish","4":"has-post-thumbnail","6":"product_cat-svetla","8":"first","9":"instock","10":"purchasable","11":"product-type-simple"},"acf":[],"_links":{"self":[{"href":"https:\/\/www.hugobike.cz\/fr\/wp-json\/wp\/v2\/product\/1807","targetHints":{"allow":["GET"]}}],"collection":[{"href":"https:\/\/www.hugobike.cz\/fr\/wp-json\/wp\/v2\/product"}],"about":[{"href":"https:\/\/www.hugobike.cz\/fr\/wp-json\/wp\/v2\/types\/product"}],"replies":[{"embeddable":true,"href":"https:\/\/www.hugobike.cz\/fr\/wp-json\/wp\/v2\/comments?post=1807"}],"wp:featuredmedia":[{"embeddable":true,"href":"https:\/\/www.hugobike.cz\/fr\/wp-json\/wp\/v2\/media\/4628283"}],"wp:attachment":[{"href":"https:\/\/www.hugobike.cz\/fr\/wp-json\/wp\/v2\/media?parent=1807"}],"wp:term":[{"taxonomy":"product_brand","embeddable":true,"href":"https:\/\/www.hugobike.cz\/fr\/wp-json\/wp\/v2\/product_brand?post=1807"},{"taxonomy":"product_cat","embeddable":true,"href":"https:\/\/www.hugobike.cz\/fr\/wp-json\/wp\/v2\/product_cat?post=1807"},{"taxonomy":"product_tag","embeddable":true,"href":"https:\/\/www.hugobike.cz\/fr\/wp-json\/wp\/v2\/product_tag?post=1807"}],"curies":[{"name":"wp","href":"https:\/\/api.w.org\/{rel}","templated":true}]}}