{"id":1803,"date":"2026-04-24T22:56:01","date_gmt":"2026-04-24T20:56:01","guid":{"rendered":"https:\/\/www.hugobike.cz\/p\/blinkr-moto-sekvencni-glory-sq-12v-led-2ks\/"},"modified":"2026-04-24T22:56:13","modified_gmt":"2026-04-24T20:56:13","slug":"clignotant-moto-sequentiel-gloire-sq-12v-led-2pcs-90474","status":"publish","type":"product","link":"https:\/\/www.hugobike.cz\/fr\/p\/blinkr-moto-sekvencni-glory-sq-12v-led-2ks-90474\/","title":{"rendered":"Glory-SQ 12V Led 2pcs 90474"},"content":{"rendered":"","protected":false},"excerpt":{"rendered":"<p>Clignotants \u00e0 Led s\u00e9quentiels pour moto Glory SQ 12V\/7 SMD Led de la soci\u00e9t\u00e9 italienne Lampa. Les LED s\u00e9quentielles s'allument progressivement dans le sens du virage, ont une haute r\u00e9sistance aux vibrations et l'homologation E8 50R-009837. Les c\u00e2bles sont \u00e9quip\u00e9s de connecteurs rapides et les dimensions de l'indicateur lui-m\u00eame sont de 98 x 36 mm.<\/p>","protected":false},"featured_media":4615764,"comment_status":"closed","ping_status":"open","template":"","meta":{"_acf_changed":false},"product_brand":[],"product_cat":[138],"product_tag":[],"class_list":{"0":"post-1803","1":"product","2":"type-product","3":"status-publish","4":"has-post-thumbnail","6":"product_cat-svetla","8":"first","9":"instock","10":"purchasable","11":"product-type-simple"},"acf":[],"_links":{"self":[{"href":"https:\/\/www.hugobike.cz\/fr\/wp-json\/wp\/v2\/product\/1803","targetHints":{"allow":["GET"]}}],"collection":[{"href":"https:\/\/www.hugobike.cz\/fr\/wp-json\/wp\/v2\/product"}],"about":[{"href":"https:\/\/www.hugobike.cz\/fr\/wp-json\/wp\/v2\/types\/product"}],"replies":[{"embeddable":true,"href":"https:\/\/www.hugobike.cz\/fr\/wp-json\/wp\/v2\/comments?post=1803"}],"wp:featuredmedia":[{"embeddable":true,"href":"https:\/\/www.hugobike.cz\/fr\/wp-json\/wp\/v2\/media\/4615764"}],"wp:attachment":[{"href":"https:\/\/www.hugobike.cz\/fr\/wp-json\/wp\/v2\/media?parent=1803"}],"wp:term":[{"taxonomy":"product_brand","embeddable":true,"href":"https:\/\/www.hugobike.cz\/fr\/wp-json\/wp\/v2\/product_brand?post=1803"},{"taxonomy":"product_cat","embeddable":true,"href":"https:\/\/www.hugobike.cz\/fr\/wp-json\/wp\/v2\/product_cat?post=1803"},{"taxonomy":"product_tag","embeddable":true,"href":"https:\/\/www.hugobike.cz\/fr\/wp-json\/wp\/v2\/product_tag?post=1803"}],"curies":[{"name":"wp","href":"https:\/\/api.w.org\/{rel}","templated":true}]}}