{"id":1786,"date":"2026-04-24T22:56:01","date_gmt":"2026-04-24T20:56:01","guid":{"rendered":"https:\/\/www.hugobike.cz\/p\/blinkr-led-atom-mini-oxford-sada-vc-odporu-par-elektronika\/"},"modified":"2026-04-24T22:56:02","modified_gmt":"2026-04-24T20:56:02","slug":"clignotant-nano-led-12v","status":"publish","type":"product","link":"https:\/\/www.hugobike.cz\/fr\/p\/blinkr-nano-led-12v\/","title":{"rendered":"Indicateur Nano LED 12V"},"content":{"rendered":"","protected":false},"excerpt":{"rendered":"<p>feu de s\u00e9quence jaune<br \/>\nverre teint\u00e9<br \/>\nc\u00e2bles avec connecteurs rapides<br \/>\nr\u00e9sistance \u00e9lev\u00e9e aux vibrations<br \/>\nhomologu\u00e9 pour une utilisation sur route<br \/>\ndimensions : 35\u00d718 mm<\/p>","protected":false},"featured_media":4615757,"comment_status":"closed","ping_status":"open","template":"","meta":{"_acf_changed":false},"product_brand":[],"product_cat":[138],"product_tag":[],"class_list":{"0":"post-1786","1":"product","2":"type-product","3":"status-publish","4":"has-post-thumbnail","6":"product_cat-svetla","8":"first","9":"instock","10":"purchasable","11":"product-type-simple"},"acf":[],"_links":{"self":[{"href":"https:\/\/www.hugobike.cz\/fr\/wp-json\/wp\/v2\/product\/1786","targetHints":{"allow":["GET"]}}],"collection":[{"href":"https:\/\/www.hugobike.cz\/fr\/wp-json\/wp\/v2\/product"}],"about":[{"href":"https:\/\/www.hugobike.cz\/fr\/wp-json\/wp\/v2\/types\/product"}],"replies":[{"embeddable":true,"href":"https:\/\/www.hugobike.cz\/fr\/wp-json\/wp\/v2\/comments?post=1786"}],"wp:featuredmedia":[{"embeddable":true,"href":"https:\/\/www.hugobike.cz\/fr\/wp-json\/wp\/v2\/media\/4615757"}],"wp:attachment":[{"href":"https:\/\/www.hugobike.cz\/fr\/wp-json\/wp\/v2\/media?parent=1786"}],"wp:term":[{"taxonomy":"product_brand","embeddable":true,"href":"https:\/\/www.hugobike.cz\/fr\/wp-json\/wp\/v2\/product_brand?post=1786"},{"taxonomy":"product_cat","embeddable":true,"href":"https:\/\/www.hugobike.cz\/fr\/wp-json\/wp\/v2\/product_cat?post=1786"},{"taxonomy":"product_tag","embeddable":true,"href":"https:\/\/www.hugobike.cz\/fr\/wp-json\/wp\/v2\/product_tag?post=1786"}],"curies":[{"name":"wp","href":"https:\/\/api.w.org\/{rel}","templated":true}]}}