{"id":1784,"date":"2026-04-30T17:52:01","date_gmt":"2026-04-30T15:52:01","guid":{"rendered":"https:\/\/www.hugobike.cz\/p\/jezek-rizeni-force-1-1-8-samostatny\/"},"modified":"2026-04-30T17:52:01","modified_gmt":"2026-04-30T15:52:01","slug":"hedgehog-risk-force-1-1-8-separate","status":"publish","type":"product","link":"https:\/\/www.hugobike.cz\/fr\/p\/jezek-rizeni-force-1-1-8-samostatny\/","title":{"rendered":"FORCE pilotage h\u00e9risson 1 1\/8\u2033 s\u00e9par\u00e9"},"content":{"rendered":"","protected":false},"excerpt":{"rendered":"<p>h\u00e9risson de direction s\u00e9par\u00e9 sans bouchon et sans vis<br \/>\nmat\u00e9riau : aluminium\/acier<br \/>\npoids 1 pi\u00e8ce : 9,5 g<br \/>\nvente et emballage de 10 pi\u00e8ces<br \/>\nle prix est pour 1 pi\u00e8ce<\/p>","protected":false},"featured_media":4637711,"comment_status":"closed","ping_status":"open","template":"","meta":{"_acf_changed":false},"product_brand":[],"product_cat":[148],"product_tag":[],"class_list":{"0":"post-1784","1":"product","2":"type-product","3":"status-publish","4":"has-post-thumbnail","6":"product_cat-vidlice-tlumice","8":"first","9":"instock","10":"purchasable","11":"product-type-simple"},"acf":[],"_links":{"self":[{"href":"https:\/\/www.hugobike.cz\/fr\/wp-json\/wp\/v2\/product\/1784","targetHints":{"allow":["GET"]}}],"collection":[{"href":"https:\/\/www.hugobike.cz\/fr\/wp-json\/wp\/v2\/product"}],"about":[{"href":"https:\/\/www.hugobike.cz\/fr\/wp-json\/wp\/v2\/types\/product"}],"replies":[{"embeddable":true,"href":"https:\/\/www.hugobike.cz\/fr\/wp-json\/wp\/v2\/comments?post=1784"}],"wp:featuredmedia":[{"embeddable":true,"href":"https:\/\/www.hugobike.cz\/fr\/wp-json\/wp\/v2\/media\/4637711"}],"wp:attachment":[{"href":"https:\/\/www.hugobike.cz\/fr\/wp-json\/wp\/v2\/media?parent=1784"}],"wp:term":[{"taxonomy":"product_brand","embeddable":true,"href":"https:\/\/www.hugobike.cz\/fr\/wp-json\/wp\/v2\/product_brand?post=1784"},{"taxonomy":"product_cat","embeddable":true,"href":"https:\/\/www.hugobike.cz\/fr\/wp-json\/wp\/v2\/product_cat?post=1784"},{"taxonomy":"product_tag","embeddable":true,"href":"https:\/\/www.hugobike.cz\/fr\/wp-json\/wp\/v2\/product_tag?post=1784"}],"curies":[{"name":"wp","href":"https:\/\/api.w.org\/{rel}","templated":true}]}}