{"id":1195,"date":"2026-04-24T22:52:45","date_gmt":"2026-04-24T20:52:45","guid":{"rendered":"https:\/\/www.hugobike.cz\/produkt\/duse-16-x-25-av-zahnuty-45-stupnu\/"},"modified":"2026-04-24T22:53:08","modified_gmt":"2026-04-24T20:53:08","slug":"manchon-16-x-25-et-plie-a-45-degres","status":"publish","type":"product","link":"https:\/\/www.hugobike.cz\/fr\/p\/duse-16-x-25-av-zahnuty-45-stupnu\/","title":{"rendered":"Tube 16 x 2,5 AV courb\u00e9 \u00e0 45 degr\u00e9s"},"content":{"rendered":"","protected":false},"excerpt":{"rendered":"<p>- tube de roue arri\u00e8re avec moteur Sunny 1KW<\/p>","protected":false},"featured_media":4615709,"comment_status":"closed","ping_status":"open","template":"","meta":{"_acf_changed":false},"product_brand":[],"product_cat":[147],"product_tag":[],"class_list":{"0":"post-1195","1":"product","2":"type-product","3":"status-publish","4":"has-post-thumbnail","6":"product_cat-duse","8":"first","9":"instock","10":"purchasable","11":"product-type-simple"},"acf":[],"_links":{"self":[{"href":"https:\/\/www.hugobike.cz\/fr\/wp-json\/wp\/v2\/product\/1195","targetHints":{"allow":["GET"]}}],"collection":[{"href":"https:\/\/www.hugobike.cz\/fr\/wp-json\/wp\/v2\/product"}],"about":[{"href":"https:\/\/www.hugobike.cz\/fr\/wp-json\/wp\/v2\/types\/product"}],"replies":[{"embeddable":true,"href":"https:\/\/www.hugobike.cz\/fr\/wp-json\/wp\/v2\/comments?post=1195"}],"wp:featuredmedia":[{"embeddable":true,"href":"https:\/\/www.hugobike.cz\/fr\/wp-json\/wp\/v2\/media\/4615709"}],"wp:attachment":[{"href":"https:\/\/www.hugobike.cz\/fr\/wp-json\/wp\/v2\/media?parent=1195"}],"wp:term":[{"taxonomy":"product_brand","embeddable":true,"href":"https:\/\/www.hugobike.cz\/fr\/wp-json\/wp\/v2\/product_brand?post=1195"},{"taxonomy":"product_cat","embeddable":true,"href":"https:\/\/www.hugobike.cz\/fr\/wp-json\/wp\/v2\/product_cat?post=1195"},{"taxonomy":"product_tag","embeddable":true,"href":"https:\/\/www.hugobike.cz\/fr\/wp-json\/wp\/v2\/product_tag?post=1195"}],"curies":[{"name":"wp","href":"https:\/\/api.w.org\/{rel}","templated":true}]}}