{"id":1151,"date":"2026-04-24T22:52:45","date_gmt":"2026-04-24T20:52:45","guid":{"rendered":"https:\/\/www.hugobike.cz\/produkt\/brzdovy-kotouc-203mm-reverse-aircon-s-chladicem\/"},"modified":"2026-04-24T22:52:49","modified_gmt":"2026-04-24T20:52:49","slug":"disque-de-frein-203mm-climatisation-inversee-avec-refroidisseur","status":"publish","type":"product","link":"https:\/\/www.hugobike.cz\/fr\/p\/brzdovy-kotouc-203mm-reverse-aircon-s-chladicem\/","title":{"rendered":"Disque de frein 203 mm AirCon invers\u00e9 avec refroidisseur"},"content":{"rendered":"","protected":false},"excerpt":{"rendered":"<p>- conception en trois parties<br \/>\n- disque en acier inoxydable<br \/>\n- manchon en aluminium rivet\u00e9<br \/>\n- radiateur en aluminium a\u00e9ronautique<br \/>\n- r\u00e9sistant aux temp\u00e9ratures extr\u00eames<br \/>\n- dissipation optimale de la chaleur et dissipation<br \/>\n- R\u00e9duction de l'\u00e9chauffement des freins jusqu'\u00e0 7%<br \/>\n- 20 secondes de stabilisation plus rapide du disque \u00e0 la temp\u00e9rature ambiante lors d'un freinage d'une minute<br \/>\n- compatible avec la plupart des freins<br \/>\n- fixation \u00e0 6 trous<br \/>\n- diam\u00e8tre de la lame 203 mm<br \/>\n- poids 215g<\/p>","protected":false},"featured_media":4615698,"comment_status":"closed","ping_status":"open","template":"","meta":{"_acf_changed":false},"product_brand":[],"product_cat":[132],"product_tag":[],"class_list":{"0":"post-1151","1":"product","2":"type-product","3":"status-publish","4":"has-post-thumbnail","6":"product_cat-brzdy","8":"first","9":"instock","10":"purchasable","11":"product-type-simple"},"acf":[],"_links":{"self":[{"href":"https:\/\/www.hugobike.cz\/fr\/wp-json\/wp\/v2\/product\/1151","targetHints":{"allow":["GET"]}}],"collection":[{"href":"https:\/\/www.hugobike.cz\/fr\/wp-json\/wp\/v2\/product"}],"about":[{"href":"https:\/\/www.hugobike.cz\/fr\/wp-json\/wp\/v2\/types\/product"}],"replies":[{"embeddable":true,"href":"https:\/\/www.hugobike.cz\/fr\/wp-json\/wp\/v2\/comments?post=1151"}],"wp:featuredmedia":[{"embeddable":true,"href":"https:\/\/www.hugobike.cz\/fr\/wp-json\/wp\/v2\/media\/4615698"}],"wp:attachment":[{"href":"https:\/\/www.hugobike.cz\/fr\/wp-json\/wp\/v2\/media?parent=1151"}],"wp:term":[{"taxonomy":"product_brand","embeddable":true,"href":"https:\/\/www.hugobike.cz\/fr\/wp-json\/wp\/v2\/product_brand?post=1151"},{"taxonomy":"product_cat","embeddable":true,"href":"https:\/\/www.hugobike.cz\/fr\/wp-json\/wp\/v2\/product_cat?post=1151"},{"taxonomy":"product_tag","embeddable":true,"href":"https:\/\/www.hugobike.cz\/fr\/wp-json\/wp\/v2\/product_tag?post=1151"}],"curies":[{"name":"wp","href":"https:\/\/api.w.org\/{rel}","templated":true}]}}