{"id":1125,"date":"2026-04-24T22:52:01","date_gmt":"2026-04-24T20:52:01","guid":{"rendered":"https:\/\/www.hugobike.cz\/produkt\/akceleracni-packa-3-diody-kratky-kabel\/"},"modified":"2026-04-24T22:52:42","modified_gmt":"2026-04-24T20:52:42","slug":"patte-dacceleration-3-diodes-cable-court","status":"publish","type":"product","link":"https:\/\/www.hugobike.cz\/fr\/p\/akceleracni-packa-3-diody-kratky-kabel\/","title":{"rendered":"Levier d'acc\u00e9l\u00e9ration 3 diodes (c\u00e2ble court)"},"content":{"rendered":"","protected":false},"excerpt":{"rendered":"<p>Levier d'acc\u00e9l\u00e9ration avec indication de la batterie, 36V pour MAGIC<br \/>\nAcc\u00e9l\u00e9rateur avec d\u00e9tection sans contact par sonde \u00e0 effet Hall.<br \/>\nPour les batteries de 36V.<br \/>\nLe bouton-poussoir avec serrure peut \u00eatre utilis\u00e9 pour signaler l'activation de divers syst\u00e8mes auxiliaires (feux, etc.).<\/p>","protected":false},"featured_media":4615694,"comment_status":"closed","ping_status":"open","template":"","meta":{"_acf_changed":false},"product_brand":[],"product_cat":[134],"product_tag":[],"class_list":{"0":"post-1125","1":"product","2":"type-product","3":"status-publish","4":"has-post-thumbnail","6":"product_cat-elektro-prislusenstvi","8":"first","9":"instock","10":"purchasable","11":"product-type-simple"},"acf":[],"_links":{"self":[{"href":"https:\/\/www.hugobike.cz\/fr\/wp-json\/wp\/v2\/product\/1125","targetHints":{"allow":["GET"]}}],"collection":[{"href":"https:\/\/www.hugobike.cz\/fr\/wp-json\/wp\/v2\/product"}],"about":[{"href":"https:\/\/www.hugobike.cz\/fr\/wp-json\/wp\/v2\/types\/product"}],"replies":[{"embeddable":true,"href":"https:\/\/www.hugobike.cz\/fr\/wp-json\/wp\/v2\/comments?post=1125"}],"wp:featuredmedia":[{"embeddable":true,"href":"https:\/\/www.hugobike.cz\/fr\/wp-json\/wp\/v2\/media\/4615694"}],"wp:attachment":[{"href":"https:\/\/www.hugobike.cz\/fr\/wp-json\/wp\/v2\/media?parent=1125"}],"wp:term":[{"taxonomy":"product_brand","embeddable":true,"href":"https:\/\/www.hugobike.cz\/fr\/wp-json\/wp\/v2\/product_brand?post=1125"},{"taxonomy":"product_cat","embeddable":true,"href":"https:\/\/www.hugobike.cz\/fr\/wp-json\/wp\/v2\/product_cat?post=1125"},{"taxonomy":"product_tag","embeddable":true,"href":"https:\/\/www.hugobike.cz\/fr\/wp-json\/wp\/v2\/product_tag?post=1125"}],"curies":[{"name":"wp","href":"https:\/\/api.w.org\/{rel}","templated":true}]}}