{"id":1104,"date":"2026-04-24T22:52:01","date_gmt":"2026-04-24T20:52:01","guid":{"rendered":"https:\/\/www.hugobike.cz\/produkt\/blinkry-do-riditek-fixed-v3-winglights\/"},"modified":"2026-04-24T22:52:30","modified_gmt":"2026-04-24T20:52:30","slug":"correction-de-leclairage-des-ailes-de-la-v3","status":"publish","type":"product","link":"https:\/\/www.hugobike.cz\/fr\/p\/blinkry-do-riditek-fixed-v3-winglights\/","title":{"rendered":"Clignotants de guidon Fixe v3 Winglights"},"content":{"rendered":"","protected":false},"excerpt":{"rendered":"<p>Indicateurs de direction amovibles pour les cyclistes<br \/>\nSe fixe aux extr\u00e9mit\u00e9s du guidon<br \/>\nConvient aux guidons les plus courants - le diam\u00e8tre int\u00e9rieur minimum du guidon est de 14,7 mm.<br \/>\n2 pi\u00e8ces (gauche et droite)<br \/>\nIls \u00e9mettent une lumi\u00e8re orange vive, visible sous tous les angles, m\u00eame par temps normal.<br \/>\nPile CR2032 incluse (4 pi\u00e8ces)<br \/>\nBrevet\u00e9 au Royaume-Uni<br \/>\nFabrication parfaite - construction en aluminium anodis\u00e9 de haute qualit\u00e9 usin\u00e9e CNC.<br \/>\n16 lumens - 4 LED extra lumineuses dans chaque indicateur<br \/>\nCertification IP67 (\u00e9tanche)<\/p>","protected":false},"featured_media":4615688,"comment_status":"closed","ping_status":"open","template":"","meta":{"_acf_changed":false},"product_brand":[],"product_cat":[138],"product_tag":[],"class_list":{"0":"post-1104","1":"product","2":"type-product","3":"status-publish","4":"has-post-thumbnail","6":"product_cat-svetla","8":"first","9":"instock","10":"purchasable","11":"product-type-simple"},"acf":[],"_links":{"self":[{"href":"https:\/\/www.hugobike.cz\/fr\/wp-json\/wp\/v2\/product\/1104","targetHints":{"allow":["GET"]}}],"collection":[{"href":"https:\/\/www.hugobike.cz\/fr\/wp-json\/wp\/v2\/product"}],"about":[{"href":"https:\/\/www.hugobike.cz\/fr\/wp-json\/wp\/v2\/types\/product"}],"replies":[{"embeddable":true,"href":"https:\/\/www.hugobike.cz\/fr\/wp-json\/wp\/v2\/comments?post=1104"}],"wp:featuredmedia":[{"embeddable":true,"href":"https:\/\/www.hugobike.cz\/fr\/wp-json\/wp\/v2\/media\/4615688"}],"wp:attachment":[{"href":"https:\/\/www.hugobike.cz\/fr\/wp-json\/wp\/v2\/media?parent=1104"}],"wp:term":[{"taxonomy":"product_brand","embeddable":true,"href":"https:\/\/www.hugobike.cz\/fr\/wp-json\/wp\/v2\/product_brand?post=1104"},{"taxonomy":"product_cat","embeddable":true,"href":"https:\/\/www.hugobike.cz\/fr\/wp-json\/wp\/v2\/product_cat?post=1104"},{"taxonomy":"product_tag","embeddable":true,"href":"https:\/\/www.hugobike.cz\/fr\/wp-json\/wp\/v2\/product_tag?post=1104"}],"curies":[{"name":"wp","href":"https:\/\/api.w.org\/{rel}","templated":true}]}}