{"id":1103,"date":"2026-04-26T17:56:01","date_gmt":"2026-04-26T15:56:01","guid":{"rendered":"https:\/\/www.hugobike.cz\/produkt\/nabijecka-4a-48v\/"},"modified":"2026-04-26T17:56:27","modified_gmt":"2026-04-26T15:56:27","slug":"chargeur-4a-48v","status":"publish","type":"product","link":"https:\/\/www.hugobike.cz\/fr\/p\/nabijecka-4a-48v\/","title":{"rendered":"Chargeur 4A \/ 48V"},"content":{"rendered":"","protected":false},"excerpt":{"rendered":"<p>Mod\u00e8le : STC-8206LD<br \/>\nCourant de charge : 4A<br \/>\nTension de charge : 54,6 V<br \/>\nPuissance : 240W<br \/>\nEfficacit\u00e9 : 91%<br \/>\nConnecteur de sortie DC standard : XLR-3 broches m\u00e2le<br \/>\nDimensions : 195x80x47mm<br \/>\nPoids : 875g<br \/>\nTension d'entr\u00e9e AC : 100-240Vac<br \/>\nTemp\u00e9rature de fonctionnement : &lt; 40\u00b0C\nCE : oui\nRoHS : oui\nContenu de l&#039;emballage : chargeur, cordon d&#039;alimentation, manuel CZ\n\nCaract\u00e9ristiques :\nProtection contre les courts-circuits\nProtection contre les surcharges\nProtection contre l&#039;inversion de polarit\u00e9 de la sortie\n1x indicateur LED\nRefroidissement passif et silencieux\nPassage automatique de l&#039;\u00e9tat de charge \u00e0 l&#039;\u00e9tat de maintenance lorsque la batterie est charg\u00e9e\n<\/p>","protected":false},"featured_media":4622526,"comment_status":"closed","ping_status":"open","template":"","meta":{"_acf_changed":false},"product_brand":[],"product_cat":[150],"product_tag":[],"class_list":{"0":"post-1103","1":"product","2":"type-product","3":"status-publish","4":"has-post-thumbnail","6":"product_cat-nabijecky","8":"first","9":"instock","10":"purchasable","11":"product-type-simple"},"acf":[],"_links":{"self":[{"href":"https:\/\/www.hugobike.cz\/fr\/wp-json\/wp\/v2\/product\/1103","targetHints":{"allow":["GET"]}}],"collection":[{"href":"https:\/\/www.hugobike.cz\/fr\/wp-json\/wp\/v2\/product"}],"about":[{"href":"https:\/\/www.hugobike.cz\/fr\/wp-json\/wp\/v2\/types\/product"}],"replies":[{"embeddable":true,"href":"https:\/\/www.hugobike.cz\/fr\/wp-json\/wp\/v2\/comments?post=1103"}],"wp:featuredmedia":[{"embeddable":true,"href":"https:\/\/www.hugobike.cz\/fr\/wp-json\/wp\/v2\/media\/4622526"}],"wp:attachment":[{"href":"https:\/\/www.hugobike.cz\/fr\/wp-json\/wp\/v2\/media?parent=1103"}],"wp:term":[{"taxonomy":"product_brand","embeddable":true,"href":"https:\/\/www.hugobike.cz\/fr\/wp-json\/wp\/v2\/product_brand?post=1103"},{"taxonomy":"product_cat","embeddable":true,"href":"https:\/\/www.hugobike.cz\/fr\/wp-json\/wp\/v2\/product_cat?post=1103"},{"taxonomy":"product_tag","embeddable":true,"href":"https:\/\/www.hugobike.cz\/fr\/wp-json\/wp\/v2\/product_tag?post=1103"}],"curies":[{"name":"wp","href":"https:\/\/api.w.org\/{rel}","templated":true}]}}