{"id":1100,"date":"2026-04-24T22:52:01","date_gmt":"2026-04-24T20:52:01","guid":{"rendered":"https:\/\/www.hugobike.cz\/produkt\/blatnik-predni-model-sunny-plast\/"},"modified":"2026-04-24T22:52:26","modified_gmt":"2026-04-24T20:52:26","slug":"aile-avant-modele-sunny-couche","status":"publish","type":"product","link":"https:\/\/www.hugobike.cz\/fr\/p\/blatnik-predni-model-sunny-plast\/","title":{"rendered":"Garde-boue avant (mod\u00e8le Sunny) plastique"},"content":{"rendered":"","protected":false},"excerpt":{"rendered":"<p>- garde-boue en plastique pour le mod\u00e8le PRO<br \/>\n- fix\u00e9 au cadre du scooter \u00e0 l'aide de 3 morceaux de ruban adh\u00e9sif en plastique<\/p>","protected":false},"featured_media":4615686,"comment_status":"closed","ping_status":"open","template":"","meta":{"_acf_changed":false},"product_brand":[],"product_cat":[149],"product_tag":[],"class_list":{"0":"post-1100","1":"product","2":"type-product","3":"status-publish","4":"has-post-thumbnail","6":"product_cat-blatniky","8":"first","9":"instock","10":"purchasable","11":"product-type-simple"},"acf":[],"_links":{"self":[{"href":"https:\/\/www.hugobike.cz\/fr\/wp-json\/wp\/v2\/product\/1100","targetHints":{"allow":["GET"]}}],"collection":[{"href":"https:\/\/www.hugobike.cz\/fr\/wp-json\/wp\/v2\/product"}],"about":[{"href":"https:\/\/www.hugobike.cz\/fr\/wp-json\/wp\/v2\/types\/product"}],"replies":[{"embeddable":true,"href":"https:\/\/www.hugobike.cz\/fr\/wp-json\/wp\/v2\/comments?post=1100"}],"wp:featuredmedia":[{"embeddable":true,"href":"https:\/\/www.hugobike.cz\/fr\/wp-json\/wp\/v2\/media\/4615686"}],"wp:attachment":[{"href":"https:\/\/www.hugobike.cz\/fr\/wp-json\/wp\/v2\/media?parent=1100"}],"wp:term":[{"taxonomy":"product_brand","embeddable":true,"href":"https:\/\/www.hugobike.cz\/fr\/wp-json\/wp\/v2\/product_brand?post=1100"},{"taxonomy":"product_cat","embeddable":true,"href":"https:\/\/www.hugobike.cz\/fr\/wp-json\/wp\/v2\/product_cat?post=1100"},{"taxonomy":"product_tag","embeddable":true,"href":"https:\/\/www.hugobike.cz\/fr\/wp-json\/wp\/v2\/product_tag?post=1100"}],"curies":[{"name":"wp","href":"https:\/\/api.w.org\/{rel}","templated":true}]}}