{"id":1080,"date":"2026-04-28T05:48:01","date_gmt":"2026-04-28T03:48:01","guid":{"rendered":"https:\/\/www.hugobike.cz\/produkt\/brzdovy-kotouc-max1-alux-203-mm-cerny\/"},"modified":"2026-04-28T05:48:15","modified_gmt":"2026-04-28T03:48:15","slug":"disque-de-frein-max1-alux-203-mm-noir","status":"publish","type":"product","link":"https:\/\/www.hugobike.cz\/fr\/p\/brzdovy-kotouc-max1-alux-203-mm-cerny\/","title":{"rendered":"Disque de frein MAX1 Alux 203 mm noir"},"content":{"rendered":"","protected":false},"excerpt":{"rendered":"<p>Disque de frein MAX1 203mm avec \u00e9trier Alu.<br \/>\nLa lame est en acier inoxydable 410 tr\u00e8s r\u00e9sistant \u00e0 la chaleur, le support est en AL7075.<br \/>\nFinition de la surface 42HRC.<\/p>\n<p>- La forme du disque assure un tr\u00e8s bon refroidissement<br \/>\n- Conception ultral\u00e9g\u00e8re<br \/>\n- Efficacit\u00e9 \u00e9lev\u00e9e dans toutes les conditions<br \/>\n- Excellente stabilit\u00e9 dimensionnelle gr\u00e2ce \u00e0 la construction en aluminium<br \/>\n- Peut \u00eatre utilis\u00e9 sur tous les types de plaquettes de frein (organiques, fritt\u00e9es, etc...)<br \/>\n- Poids : 194g<br \/>\n- Le paquet comprend des vis<br \/>\n- \u00c9paisseur de la roue : 2 mm<\/p>","protected":false},"featured_media":4628196,"comment_status":"closed","ping_status":"open","template":"","meta":{"_acf_changed":false},"product_brand":[],"product_cat":[132],"product_tag":[],"class_list":{"0":"post-1080","1":"product","2":"type-product","3":"status-publish","4":"has-post-thumbnail","6":"product_cat-brzdy","8":"first","9":"instock","10":"purchasable","11":"product-type-simple"},"acf":[],"_links":{"self":[{"href":"https:\/\/www.hugobike.cz\/fr\/wp-json\/wp\/v2\/product\/1080","targetHints":{"allow":["GET"]}}],"collection":[{"href":"https:\/\/www.hugobike.cz\/fr\/wp-json\/wp\/v2\/product"}],"about":[{"href":"https:\/\/www.hugobike.cz\/fr\/wp-json\/wp\/v2\/types\/product"}],"replies":[{"embeddable":true,"href":"https:\/\/www.hugobike.cz\/fr\/wp-json\/wp\/v2\/comments?post=1080"}],"wp:featuredmedia":[{"embeddable":true,"href":"https:\/\/www.hugobike.cz\/fr\/wp-json\/wp\/v2\/media\/4628196"}],"wp:attachment":[{"href":"https:\/\/www.hugobike.cz\/fr\/wp-json\/wp\/v2\/media?parent=1080"}],"wp:term":[{"taxonomy":"product_brand","embeddable":true,"href":"https:\/\/www.hugobike.cz\/fr\/wp-json\/wp\/v2\/product_brand?post=1080"},{"taxonomy":"product_cat","embeddable":true,"href":"https:\/\/www.hugobike.cz\/fr\/wp-json\/wp\/v2\/product_cat?post=1080"},{"taxonomy":"product_tag","embeddable":true,"href":"https:\/\/www.hugobike.cz\/fr\/wp-json\/wp\/v2\/product_tag?post=1080"}],"curies":[{"name":"wp","href":"https:\/\/api.w.org\/{rel}","templated":true}]}}