{"id":1053,"date":"2026-04-27T17:38:01","date_gmt":"2026-04-27T15:38:01","guid":{"rendered":"https:\/\/www.hugobike.cz\/produkt\/stojanek-max1-e-bike-18-zadni-24-29-cerny\/"},"modified":"2026-04-27T17:38:59","modified_gmt":"2026-04-27T15:38:59","slug":"max1-e-bike-stand-18-rear-24-29-black","status":"publish","type":"product","link":"https:\/\/www.hugobike.cz\/fr\/p\/stojanek-max1-e-bike-18-zadni-24-29-cerny\/","title":{"rendered":"B\u00e9quille MAX1 E-bike 18 arri\u00e8re 24-29&amp;#8243 ; noir"},"content":{"rendered":"","protected":false},"excerpt":{"rendered":"<p>Support en aluminium de haute qualit\u00e9 MAX1 18 E-bike pas seulement pour les v\u00e9los \u00e9lectriques.<\/p>\n<p>- Convient aux v\u00e9los \u00e9lectriques avec montage direct sur la structure arri\u00e8re (pas de trou 18 mm)<br \/>\n- pour les v\u00e9los 24 - 29\u2033.<br \/>\n- r\u00e9glage sans outil de la longueur du support<br \/>\n- y compris 2 vis \u00e0 t\u00eate cylindrique<br \/>\n- poids : 310 g<br \/>\n- noir<\/p>","protected":false},"featured_media":4626122,"comment_status":"closed","ping_status":"open","template":"","meta":{"_acf_changed":false},"product_brand":[],"product_cat":[137],"product_tag":[],"class_list":{"0":"post-1053","1":"product","2":"type-product","3":"status-publish","4":"has-post-thumbnail","6":"product_cat-ram","8":"first","9":"instock","10":"purchasable","11":"product-type-simple"},"acf":[],"_links":{"self":[{"href":"https:\/\/www.hugobike.cz\/fr\/wp-json\/wp\/v2\/product\/1053","targetHints":{"allow":["GET"]}}],"collection":[{"href":"https:\/\/www.hugobike.cz\/fr\/wp-json\/wp\/v2\/product"}],"about":[{"href":"https:\/\/www.hugobike.cz\/fr\/wp-json\/wp\/v2\/types\/product"}],"replies":[{"embeddable":true,"href":"https:\/\/www.hugobike.cz\/fr\/wp-json\/wp\/v2\/comments?post=1053"}],"wp:featuredmedia":[{"embeddable":true,"href":"https:\/\/www.hugobike.cz\/fr\/wp-json\/wp\/v2\/media\/4626122"}],"wp:attachment":[{"href":"https:\/\/www.hugobike.cz\/fr\/wp-json\/wp\/v2\/media?parent=1053"}],"wp:term":[{"taxonomy":"product_brand","embeddable":true,"href":"https:\/\/www.hugobike.cz\/fr\/wp-json\/wp\/v2\/product_brand?post=1053"},{"taxonomy":"product_cat","embeddable":true,"href":"https:\/\/www.hugobike.cz\/fr\/wp-json\/wp\/v2\/product_cat?post=1053"},{"taxonomy":"product_tag","embeddable":true,"href":"https:\/\/www.hugobike.cz\/fr\/wp-json\/wp\/v2\/product_tag?post=1053"}],"curies":[{"name":"wp","href":"https:\/\/api.w.org\/{rel}","templated":true}]}}