{"id":1050026,"date":"2026-04-30T11:42:49","date_gmt":"2026-04-30T09:42:49","guid":{"rendered":"https:\/\/www.hugobike.cz\/p\/formula-nero-c-200mm\/"},"modified":"2026-04-30T11:42:49","modified_gmt":"2026-04-30T09:42:49","slug":"formule-nero-c-200mm","status":"publish","type":"product","link":"https:\/\/www.hugobike.cz\/fr\/p\/formula-nero-c-200mm\/","title":{"rendered":"Formule NERO C 200mm"},"content":{"rendered":"","protected":false},"excerpt":{"rendered":"<p>Diam\u00e8tre des roues - 29\u2033.<br \/>\n- Axe - QR 20*110mm<br \/>\n- Col - effil\u00e9 1 1\/8\u2033( option 1 1\/8\u2033 - 1 1\/5\u2033 )<br \/>\n- Course - 200mm<br \/>\n- Utilisation - DH<br \/>\n- Diam\u00e8tre du patin - 35 mm<br \/>\n- Mat\u00e9riau du patin - Alu 7075<br \/>\n- Mat\u00e9riau du parapente - Alu<br \/>\n- Couronne - Alu creux forg\u00e9<br \/>\n- Poids -2850g<br \/>\n- Contr\u00f4le de la compression : haute - 20 positions \/ basse - 12 positions<br \/>\n- Contr\u00f4le du rebond - 21 positions<br \/>\n- R\u00e9gulation m\u00e9canique de la duret\u00e9 des ressorts<br \/>\nClient en visite libre<br \/>\nDuret\u00e9 du ressort - moyenne (possibilit\u00e9 de plus doux, plus dur) - Taille maximale du disque - 203 mm<br \/>\n- D\u00e9port de fourche - 56mm<br \/>\n- partie de l'emballage - Pompe d'amortisseur DH Liquide lubrifiant c\u00f4t\u00e9 m\u00e9canique ( FX 250ml ) Cartouche hydraulique Liquide lubrifiant ( OJ oil 250ml ) Ecrou \u00e9toile Tubes de direction 1\"1\/8 M6 Outil pour capuchon c\u00f4t\u00e9 air 1 x Autocollant de fourche<\/p>","protected":false},"featured_media":4636814,"comment_status":"closed","ping_status":"open","template":"","meta":{"_acf_changed":false},"product_brand":[],"product_cat":[148],"product_tag":[],"class_list":{"0":"post-1050026","1":"product","2":"type-product","3":"status-publish","4":"has-post-thumbnail","6":"product_cat-vidlice-tlumice","8":"first","9":"onbackorder","10":"purchasable","11":"product-type-simple"},"acf":[],"_links":{"self":[{"href":"https:\/\/www.hugobike.cz\/fr\/wp-json\/wp\/v2\/product\/1050026","targetHints":{"allow":["GET"]}}],"collection":[{"href":"https:\/\/www.hugobike.cz\/fr\/wp-json\/wp\/v2\/product"}],"about":[{"href":"https:\/\/www.hugobike.cz\/fr\/wp-json\/wp\/v2\/types\/product"}],"replies":[{"embeddable":true,"href":"https:\/\/www.hugobike.cz\/fr\/wp-json\/wp\/v2\/comments?post=1050026"}],"wp:featuredmedia":[{"embeddable":true,"href":"https:\/\/www.hugobike.cz\/fr\/wp-json\/wp\/v2\/media\/4636814"}],"wp:attachment":[{"href":"https:\/\/www.hugobike.cz\/fr\/wp-json\/wp\/v2\/media?parent=1050026"}],"wp:term":[{"taxonomy":"product_brand","embeddable":true,"href":"https:\/\/www.hugobike.cz\/fr\/wp-json\/wp\/v2\/product_brand?post=1050026"},{"taxonomy":"product_cat","embeddable":true,"href":"https:\/\/www.hugobike.cz\/fr\/wp-json\/wp\/v2\/product_cat?post=1050026"},{"taxonomy":"product_tag","embeddable":true,"href":"https:\/\/www.hugobike.cz\/fr\/wp-json\/wp\/v2\/product_tag?post=1050026"}],"curies":[{"name":"wp","href":"https:\/\/api.w.org\/{rel}","templated":true}]}}