{"id":1042,"date":"2026-04-25T05:06:01","date_gmt":"2026-04-25T03:06:01","guid":{"rendered":"https:\/\/www.hugobike.cz\/produkt\/klakson-rovny-rozsireny-fe-guma-chromovany\/"},"modified":"2026-04-25T05:06:39","modified_gmt":"2026-04-25T03:06:39","slug":"cornet-droit-avec-fe-etendu-caoutchouc-chrome","status":"publish","type":"product","link":"https:\/\/www.hugobike.cz\/fr\/p\/klakson-rovny-rozsireny-fe-guma-chromovany\/","title":{"rendered":"Corne droite prolong\u00e9e Fe caoutchouc, chrom\u00e9"},"content":{"rendered":"","protected":false},"excerpt":{"rendered":"<p>corne droite chrom\u00e9e avec ballon<br \/>\n\u00e0 la fin de la p\u00e9riode prolong\u00e9e<br \/>\npour le guidon : 25,4 mm<br \/>\nlongueur : environ 22 cm<br \/>\nmat\u00e9riau : fer\/caoutchouc<br \/>\npoids : 100 g<\/p>","protected":false},"featured_media":4615925,"comment_status":"closed","ping_status":"open","template":"","meta":{"_acf_changed":false},"product_brand":[],"product_cat":[144],"product_tag":[],"class_list":{"0":"post-1042","1":"product","2":"type-product","3":"status-publish","4":"has-post-thumbnail","6":"product_cat-doplnky","8":"first","9":"instock","10":"purchasable","11":"product-type-simple"},"acf":[],"_links":{"self":[{"href":"https:\/\/www.hugobike.cz\/fr\/wp-json\/wp\/v2\/product\/1042","targetHints":{"allow":["GET"]}}],"collection":[{"href":"https:\/\/www.hugobike.cz\/fr\/wp-json\/wp\/v2\/product"}],"about":[{"href":"https:\/\/www.hugobike.cz\/fr\/wp-json\/wp\/v2\/types\/product"}],"replies":[{"embeddable":true,"href":"https:\/\/www.hugobike.cz\/fr\/wp-json\/wp\/v2\/comments?post=1042"}],"wp:featuredmedia":[{"embeddable":true,"href":"https:\/\/www.hugobike.cz\/fr\/wp-json\/wp\/v2\/media\/4615925"}],"wp:attachment":[{"href":"https:\/\/www.hugobike.cz\/fr\/wp-json\/wp\/v2\/media?parent=1042"}],"wp:term":[{"taxonomy":"product_brand","embeddable":true,"href":"https:\/\/www.hugobike.cz\/fr\/wp-json\/wp\/v2\/product_brand?post=1042"},{"taxonomy":"product_cat","embeddable":true,"href":"https:\/\/www.hugobike.cz\/fr\/wp-json\/wp\/v2\/product_cat?post=1042"},{"taxonomy":"product_tag","embeddable":true,"href":"https:\/\/www.hugobike.cz\/fr\/wp-json\/wp\/v2\/product_tag?post=1042"}],"curies":[{"name":"wp","href":"https:\/\/api.w.org\/{rel}","templated":true}]}}