{"id":1040,"date":"2026-04-24T22:58:01","date_gmt":"2026-04-24T20:58:01","guid":{"rendered":"https:\/\/www.hugobike.cz\/produkt\/madla-force-bond-jistena-silikonova-cerna-balena\/"},"modified":"2026-04-24T22:58:23","modified_gmt":"2026-04-24T20:58:23","slug":"force-bond-poignees-en-silicone-noir-emballe","status":"publish","type":"product","link":"https:\/\/www.hugobike.cz\/fr\/p\/madla-force-bond-jistena-silikonova-cerna-balena\/","title":{"rendered":"poign\u00e9es FORCE BOND silicone s\u00e9curis\u00e9, noir, emball\u00e9"},"content":{"rendered":"","protected":false},"excerpt":{"rendered":"<p>poign\u00e9es en silicone avec bouchons FORCE<br \/>\ndouble face s\u00e9curis\u00e9e<br \/>\nabsorbent bien les chocs, ne collent pas<br \/>\ndiam\u00e8tre int\u00e9rieur des poign\u00e9es : 22,2 mm<br \/>\nLongueur : 130 mm<br \/>\nmat\u00e9riau : caoutchouc - silicone<br \/>\npoids d'une paire : 142 g<br \/>\nemball\u00e9 sur une carte FORCE<\/p>","protected":false},"featured_media":4615794,"comment_status":"closed","ping_status":"open","template":"","meta":{"_acf_changed":false},"product_brand":[],"product_cat":[143],"product_tag":[],"class_list":{"0":"post-1040","1":"product","2":"type-product","3":"status-publish","4":"has-post-thumbnail","6":"product_cat-madla-gripy","8":"first","9":"instock","10":"purchasable","11":"product-type-simple"},"acf":[],"_links":{"self":[{"href":"https:\/\/www.hugobike.cz\/fr\/wp-json\/wp\/v2\/product\/1040","targetHints":{"allow":["GET"]}}],"collection":[{"href":"https:\/\/www.hugobike.cz\/fr\/wp-json\/wp\/v2\/product"}],"about":[{"href":"https:\/\/www.hugobike.cz\/fr\/wp-json\/wp\/v2\/types\/product"}],"replies":[{"embeddable":true,"href":"https:\/\/www.hugobike.cz\/fr\/wp-json\/wp\/v2\/comments?post=1040"}],"wp:featuredmedia":[{"embeddable":true,"href":"https:\/\/www.hugobike.cz\/fr\/wp-json\/wp\/v2\/media\/4615794"}],"wp:attachment":[{"href":"https:\/\/www.hugobike.cz\/fr\/wp-json\/wp\/v2\/media?parent=1040"}],"wp:term":[{"taxonomy":"product_brand","embeddable":true,"href":"https:\/\/www.hugobike.cz\/fr\/wp-json\/wp\/v2\/product_brand?post=1040"},{"taxonomy":"product_cat","embeddable":true,"href":"https:\/\/www.hugobike.cz\/fr\/wp-json\/wp\/v2\/product_cat?post=1040"},{"taxonomy":"product_tag","embeddable":true,"href":"https:\/\/www.hugobike.cz\/fr\/wp-json\/wp\/v2\/product_tag?post=1040"}],"curies":[{"name":"wp","href":"https:\/\/api.w.org\/{rel}","templated":true}]}}