{"id":1039,"date":"2026-04-24T22:58:01","date_gmt":"2026-04-24T20:58:01","guid":{"rendered":"https:\/\/www.hugobike.cz\/produkt\/madla-force-ergo-jistena-celocerna-balena\/"},"modified":"2026-04-24T22:58:15","modified_gmt":"2026-04-24T20:58:15","slug":"poignees-force-ergo-tout-acier-emballe","status":"publish","type":"product","link":"https:\/\/www.hugobike.cz\/fr\/p\/madla-force-ergo-jistena-celocerna-balena\/","title":{"rendered":"Poign\u00e9es FORCE ERGO, s\u00e9curis\u00e9es, enti\u00e8rement noires, emball\u00e9es"},"content":{"rendered":"","protected":false},"excerpt":{"rendered":"<p>poign\u00e9es en caoutchouc avec bouchons<br \/>\nforme ergonomique<br \/>\ndouble face s\u00e9curis\u00e9e<br \/>\nDiam\u00e8tre int\u00e9rieur : 22,2 mm<br \/>\nLongueur : 130 mm<br \/>\npoids d'une paire : 190 g<br \/>\nemball\u00e9 sur une carte FORCE<\/p>","protected":false},"featured_media":4615793,"comment_status":"closed","ping_status":"open","template":"","meta":{"_acf_changed":false},"product_brand":[],"product_cat":[143],"product_tag":[],"class_list":{"0":"post-1039","1":"product","2":"type-product","3":"status-publish","4":"has-post-thumbnail","6":"product_cat-madla-gripy","8":"first","9":"instock","10":"purchasable","11":"product-type-simple"},"acf":[],"_links":{"self":[{"href":"https:\/\/www.hugobike.cz\/fr\/wp-json\/wp\/v2\/product\/1039","targetHints":{"allow":["GET"]}}],"collection":[{"href":"https:\/\/www.hugobike.cz\/fr\/wp-json\/wp\/v2\/product"}],"about":[{"href":"https:\/\/www.hugobike.cz\/fr\/wp-json\/wp\/v2\/types\/product"}],"replies":[{"embeddable":true,"href":"https:\/\/www.hugobike.cz\/fr\/wp-json\/wp\/v2\/comments?post=1039"}],"wp:featuredmedia":[{"embeddable":true,"href":"https:\/\/www.hugobike.cz\/fr\/wp-json\/wp\/v2\/media\/4615793"}],"wp:attachment":[{"href":"https:\/\/www.hugobike.cz\/fr\/wp-json\/wp\/v2\/media?parent=1039"}],"wp:term":[{"taxonomy":"product_brand","embeddable":true,"href":"https:\/\/www.hugobike.cz\/fr\/wp-json\/wp\/v2\/product_brand?post=1039"},{"taxonomy":"product_cat","embeddable":true,"href":"https:\/\/www.hugobike.cz\/fr\/wp-json\/wp\/v2\/product_cat?post=1039"},{"taxonomy":"product_tag","embeddable":true,"href":"https:\/\/www.hugobike.cz\/fr\/wp-json\/wp\/v2\/product_tag?post=1039"}],"curies":[{"name":"wp","href":"https:\/\/api.w.org\/{rel}","templated":true}]}}