{"id":1008,"date":"2026-04-24T22:58:01","date_gmt":"2026-04-24T20:58:01","guid":{"rendered":"https:\/\/www.hugobike.cz\/produkt\/kotouc-brzdovy-force-160-mm-6-der-stribrny\/"},"modified":"2026-04-24T22:58:01","modified_gmt":"2026-04-24T20:58:01","slug":"disque-de-frein-force-160-mm-6-der-argent","status":"publish","type":"product","link":"https:\/\/www.hugobike.cz\/fr\/p\/kotouc-brzdovy-force-160-mm-6-der-stribrny\/","title":{"rendered":"Disque de frein FORCE 160 mm, 6 trous, argent"},"content":{"rendered":"","protected":false},"excerpt":{"rendered":"<p>Diam\u00e8tre du disque de frein : 160 mm<br \/>\nfixation par 6 vis<br \/>\ny compris les vis torx, poids : 135 g<br \/>\nMat\u00e9riau : acier inoxydable r\u00e9sistant \u00e0 la chaleur 2Cr13 (SUS410)<\/p>","protected":false},"featured_media":4615785,"comment_status":"closed","ping_status":"open","template":"","meta":{"_acf_changed":false},"product_brand":[],"product_cat":[132],"product_tag":[],"class_list":{"0":"post-1008","1":"product","2":"type-product","3":"status-publish","4":"has-post-thumbnail","6":"product_cat-brzdy","8":"first","9":"instock","10":"purchasable","11":"product-type-simple"},"acf":[],"_links":{"self":[{"href":"https:\/\/www.hugobike.cz\/fr\/wp-json\/wp\/v2\/product\/1008","targetHints":{"allow":["GET"]}}],"collection":[{"href":"https:\/\/www.hugobike.cz\/fr\/wp-json\/wp\/v2\/product"}],"about":[{"href":"https:\/\/www.hugobike.cz\/fr\/wp-json\/wp\/v2\/types\/product"}],"replies":[{"embeddable":true,"href":"https:\/\/www.hugobike.cz\/fr\/wp-json\/wp\/v2\/comments?post=1008"}],"wp:featuredmedia":[{"embeddable":true,"href":"https:\/\/www.hugobike.cz\/fr\/wp-json\/wp\/v2\/media\/4615785"}],"wp:attachment":[{"href":"https:\/\/www.hugobike.cz\/fr\/wp-json\/wp\/v2\/media?parent=1008"}],"wp:term":[{"taxonomy":"product_brand","embeddable":true,"href":"https:\/\/www.hugobike.cz\/fr\/wp-json\/wp\/v2\/product_brand?post=1008"},{"taxonomy":"product_cat","embeddable":true,"href":"https:\/\/www.hugobike.cz\/fr\/wp-json\/wp\/v2\/product_cat?post=1008"},{"taxonomy":"product_tag","embeddable":true,"href":"https:\/\/www.hugobike.cz\/fr\/wp-json\/wp\/v2\/product_tag?post=1008"}],"curies":[{"name":"wp","href":"https:\/\/api.w.org\/{rel}","templated":true}]}}