{"id":3,"date":"2022-06-28T18:36:23","date_gmt":"2022-06-28T16:36:23","guid":{"rendered":"https:\/\/www.hugobike.cz\/?page_id=3"},"modified":"2025-02-11T19:35:55","modified_gmt":"2025-02-11T18:35:55","slug":"protection-des-donnees-personnelles","status":"publish","type":"page","link":"https:\/\/www.hugobike.cz\/fr\/ochrana-osobnich-udaju\/","title":{"rendered":"Protection des donn\u00e9es personnelles"},"content":{"rendered":"<p>Nous sommes HUGO Bike s.r.o., dont le si\u00e8ge social est situ\u00e9 Po\u0159\u00ed\u010dsk\u00e1 282, 373 82 Bor\u0161ov nad Vltavou, num\u00e9ro d'identification : 28146603, num\u00e9ro de TVA : CZ28146603, inscrit au registre du commerce tenu au tribunal r\u00e9gional de \u010cesk\u00e9 Bud\u011bjovice, section C, encart 20398.<\/p>\n\n\n\n<p>Nous exploitons un site web sur&nbsp;<a href=\"https:\/\/www.hugobike.cz\/fr\/\" data-type=\"URL\" data-id=\"https:\/\/www.hugobike.cz\/\">https:\/\/www.hugobike.cz\/<\/a>. Nous utilisons des cookies sur ce site web.<\/p>\n\n\n\n<h2 class=\"wp-block-heading\"><strong>Quelles sont les donn\u00e9es avec lesquelles nous travaillons ?<\/strong><\/h2>\n\n\n\n<ol class=\"wp-block-list\">\n<li>Pour r\u00e9pondre \u00e0 vos demandes de services, nous disposons d'un formulaire de contact et de commande sur le site web. Nous traiterons les donn\u00e9es que vous remplissez (ou que vous nous envoyez par courrier \u00e9lectronique) afin de pouvoir r\u00e9pondre \u00e0 vos demandes de renseignements, \u00e0 vos commandes et \u00e0 vos demandes.<br><br>Si nous convenons d'une coop\u00e9ration ult\u00e9rieure, nous traiterons votre nom, vos coordonn\u00e9es (e-mail, t\u00e9l\u00e9phone), vos donn\u00e9es professionnelles et, le cas \u00e9ch\u00e9ant, les donn\u00e9es que vous nous fournissez afin de vous fournir nos services.<br><br>Si nous ne convenons pas d'une coop\u00e9ration, vos donn\u00e9es ne resteront pas chez nous tr\u00e8s longtemps - nous les supprimerons dans un d\u00e9lai d'un mois. Si nous convenons de coop\u00e9rer, nous traiterons vos donn\u00e9es pendant 10 ans \u00e0 compter de la fin de notre coop\u00e9ration. Tous ces traitements de donn\u00e9es sont possibles gr\u00e2ce au r\u00e8glement dit GDPR (n\u00e9gociation et ex\u00e9cution du contrat).<\/li>\n\n\n\n<li>Nous exploitons une boutique en ligne sur le site web o\u00f9 vous pouvez \u00e9galement saisir vos donn\u00e9es personnelles lors de la commande. Nous collectons ces donn\u00e9es pour des raisons l\u00e9gitimes, sans quoi nous ne serions pas en mesure de livrer votre commande.<\/li>\n\n\n\n<li>Nous n'avons pas de sous-traitants qui peuvent acc\u00e9der \u00e0 vos donn\u00e9es.<\/li>\n\n\n\n<li>Nous ne profilons ni ne transf\u00e9rons vos donn\u00e9es personnelles en dehors de l'Union europ\u00e9enne.<\/li>\n\n\n\n<li>Si vous souhaitez nous contacter au sujet de vos donn\u00e9es et de l'utilisation que nous en faisons, veuillez nous envoyer un courriel \u00e0 l'adresse suivante&nbsp;<a href=\"mailto:info@hugobike.cz\">info@hugobike.cz<\/a> ou appelez-nous au <a href=\"tel:+420 735 750 755\">+420 735 750 755<\/a>.<\/li>\n\n\n\n<li>Le GDPR (R\u00e8glement (UE) 2016\/679 du Parlement europ\u00e9en et du Conseil relatif \u00e0 la protection des personnes physiques \u00e0 l'\u00e9gard du traitement des donn\u00e9es \u00e0 caract\u00e8re personnel et \u00e0 la libre circulation de ces donn\u00e9es, et abrogeant la directive 95\/46\/CE) vous donne de nombreux droits. Vous avez notamment le droit de nous contacter et de demander des informations sur les donn\u00e9es \u00e0 caract\u00e8re personnel que nous traitons, de demander l'acc\u00e8s \u00e0 vos donn\u00e9es \u00e0 caract\u00e8re personnel, de les faire mettre \u00e0 jour ou rectifier, de demander une restriction du traitement, une copie de vos donn\u00e9es \u00e0 caract\u00e8re personnel, de transf\u00e9rer vos donn\u00e9es \u00e0 caract\u00e8re personnel ou de demander que nous les effacions. Si vous estimez que nous ne traitons pas vos donn\u00e9es personnelles comme nous le devrions, vous avez la possibilit\u00e9 de d\u00e9poser une plainte aupr\u00e8s de l'autorit\u00e9 charg\u00e9e de la protection des donn\u00e9es ou d'intenter une action en justice. Toutefois, nous sommes convaincus que rien de tel ne se produira entre nous. ?<\/li>\n<\/ol>\n\n\n\n<h2 class=\"wp-block-heading\">Qu'est-ce qu'un biscuit ?<\/h2>\n\n\n\n<p>Les cookies sont des fichiers texte que mon site web envoie au navigateur ou \u00e0 votre appareil \u00e0 partir duquel vous consultez mon site web (par exemple, t\u00e9l\u00e9phone, tablette, ordinateur). Ils nous permettent de vous reconna\u00eetre et d'adapter le site web en cons\u00e9quence, de vous montrer certains contenus ou de m'aider \u00e0 analyser qui est venu sur le site web, s'il y revient r\u00e9guli\u00e8rement, etc.<\/p>\n\n\n\n<h2 class=\"wp-block-heading\">Quels types de cookies utilisons-nous ?<\/h2>\n\n\n\n<p><strong>Technique et fonctionnel -&nbsp;<\/strong>Ces \u00e9l\u00e9ments sont n\u00e9cessaires pour que le site web s'affiche correctement et de mani\u00e8re s\u00e9curis\u00e9e.<\/p>\n\n\n\n<p><strong>Analytique<\/strong>&nbsp;- Ils nous aident \u00e0 analyser le fonctionnement de mon site web du point de vue de l'utilisateur et \u00e0 l'am\u00e9liorer ici et l\u00e0.<\/p>\n\n\n\n<p><strong>Marketing<\/strong> - ils nous aident \u00e0 cibler des publicit\u00e9s personnalis\u00e9es.<\/p>\n\n\n\n<p>Vous pouvez encore choisir vos pr\u00e9f\u00e9rences ici :<\/p>\n\n\n\n<a href=\"#cookie-settings\" data-cc=\"c-settings\" aria-haspopup=\"dialog\">Param\u00e8tres des cookies<\/a>\n\n\n\n<h2 class=\"wp-block-heading\">Sur quelle base traitons-nous les cookies ?<\/h2>\n\n\n\n<p>S&nbsp;<strong>cookies techniques et fonctionnels<\/strong>&nbsp;nous pouvons travailler sur la base de la l\u00e9gislation. Sans eux, nous ne pourrions pas vous montrer le contenu, et ce serait une erreur !<\/p>\n\n\n\n<p><strong>Cookies analytiques et marketing<\/strong>&nbsp;mais nous ne pouvons les traiter qu'avec votre consentement. C'est bien s\u00fbr \u00e0 vous de d\u00e9cider, et nous en serions heureux, mais personne ne peut vous obliger \u00e0 donner votre consentement.<\/p>\n\n\n\n<a href=\"#cookie-settings\" data-cc=\"c-settings\" aria-haspopup=\"dialog\">Param\u00e8tres des cookies<\/a>\n\n\n\n<h2 class=\"wp-block-heading\">Comment puis-je emp\u00eacher l'utilisation de cookies ?<\/h2>\n\n\n\n<p>Je ne stocke les cookies n\u00e9cessaires \u00e0 un acc\u00e8s fonctionnel et s\u00e9curis\u00e9 au site web que pendant le temps n\u00e9cessaire \u00e0 la transmission et \u00e0 l'affichage du contenu.<\/p>\n\n\n\n<p>Je ne traite les cookies analytiques que si vous me donnez votre accord via la barre de cookies - consultez le tableau ci-dessous pour conna\u00eetre les d\u00e9lais de traitement.<\/p>\n\n\n\n<a href=\"#cookie-settings\" data-cc=\"c-settings\" aria-haspopup=\"dialog\">Param\u00e8tres des cookies<\/a>\n\n\n\n<p>Les param\u00e8tres de votre navigateur constituent un autre moyen d'emp\u00eacher le traitement des cookies analytiques. Vous pouvez \u00e9galement naviguer sur le web en mode anonyme.<\/p>\n\n\n\n<p>Vous trouverez ici de plus amples informations sur les diff\u00e9rents navigateurs et sur la suppression\/le blocage des cookies :<\/p>\n\n\n\n<ul class=\"wp-block-list\">\n<li><a href=\"https:\/\/support.google.com\/accounts\/answer\/61416?hl=cs\" target=\"_blank\" rel=\"noreferrer noopener\">Chrome<\/a><\/li>\n\n\n\n<li><a href=\"https:\/\/support.mozilla.org\/cs\/kb\/vymazani-cookies-dat-stranek?redirectlocale=cs&amp;redirectslug=vymazani-cookies\" target=\"_blank\" rel=\"noreferrer noopener\">Firefox<\/a><\/li>\n\n\n\n<li><a href=\"https:\/\/support.microsoft.com\/cs-cz\/help\/17442\/windows-internet-explorer-delete-manage-cookies\" target=\"_blank\" rel=\"noreferrer noopener\">Internet Explorer<\/a><\/li>\n\n\n\n<li><a href=\"https:\/\/help.opera.com\/cs\/latest\/web-preferences\/\" target=\"_blank\" rel=\"noreferrer noopener\">Op\u00e9ra<\/a><\/li>\n\n\n\n<li><a href=\"https:\/\/napoveda.seznam.cz\/cz\/email\/seznam.cz-prohlizec\/smazani-docasnych-souboru-cookies-seznam\/\" target=\"_blank\" rel=\"noreferrer noopener\">Liste<\/a><\/li>\n\n\n\n<li><a href=\"https:\/\/support.google.com\/chrome\/answer\/2392709?visit_id=1-636270856459123937-2696746637&amp;rd=1&amp;co=GENIE.Platform%3DAndroid&amp;oco=1\" target=\"_blank\" rel=\"noreferrer noopener\">Android<\/a><\/li>\n\n\n\n<li><a href=\"https:\/\/support.apple.com\/cs-cz\/guide\/safari\/sfri11471\/mac\" target=\"_blank\" rel=\"noreferrer noopener\">Safari<\/a><\/li>\n\n\n\n<li><a href=\"https:\/\/support.microsoft.com\/cs-cz\/windows\/microsoft-edge-data-o-proch%C3%A1zen%C3%AD-a-ochrana-soukrom%C3%AD-bb8174ba-9d73-dcf2-9b4a-c582b4e640dd\" target=\"_blank\" rel=\"noreferrer noopener\">Microsoft Edge<\/a><\/li>\n<\/ul>\n\n\n\n<p>N'oubliez pas que vous devez effectuer les r\u00e9glages pour chacun de vos appareils (t\u00e9l\u00e9phone, tablette, ordinateur) s\u00e9par\u00e9ment.<\/p>\n\n\n\n<p><strong>Analyse et marketing<\/strong>&nbsp;Les cookies sont trait\u00e9s par le fournisseur de Google Analytics, Ads et Doubleclick, Google Ireland Ltd, Google Building Gordon House, 4 Barrow St, Dublin, D04 E5W5, Ireland, conform\u00e9ment \u00e0 ses conditions g\u00e9n\u00e9rales d'utilisation - consultez-les.&nbsp;<a href=\"https:\/\/policies.google.com\/technologies\/cookies?hl=cs\" target=\"_blank\" rel=\"noreferrer noopener\">ici<\/a>.<\/p>\n\n\n\n<h2 class=\"wp-block-heading\">Nous tenons \u00e9galement \u00e0 mentionner :<\/h2>\n\n\n\n<p>Le traitement des donn\u00e9es personnelles a lieu au sein de l'Union europ\u00e9enne. Si le traitement a lieu en dehors de l'UE, il s'effectue sur la base de la l\u00e9gislation applicable (d\u00e9rogations approuv\u00e9es par l'Union europ\u00e9enne, ou apr\u00e8s avoir satisfait \u00e0 d'autres exigences en mati\u00e8re de s\u00e9curit\u00e9 des donn\u00e9es).<\/p>\n\n\n\n<p>Pour en savoir plus sur les donn\u00e9es \u00e0 caract\u00e8re personnel, voir&nbsp;<a href=\"https:\/\/www.bohemiaproperty.cz\/ochrana-osobnich-udaju\/\">\"Traitement des donn\u00e9es \u00e0 caract\u00e8re personnel<\/a>dans le pied de page de notre site web.<\/p>\n\n\n\n<p><\/p>","protected":false},"excerpt":{"rendered":"<p>Comment traitons-nous vos donn\u00e9es ?<\/p>","protected":false},"author":1,"featured_media":0,"parent":0,"menu_order":0,"comment_status":"closed","ping_status":"open","template":"","meta":{"_acf_changed":false,"footnotes":""},"class_list":["post-3","page","type-page","status-publish","hentry"],"acf":[],"_links":{"self":[{"href":"https:\/\/www.hugobike.cz\/fr\/wp-json\/wp\/v2\/pages\/3","targetHints":{"allow":["GET"]}}],"collection":[{"href":"https:\/\/www.hugobike.cz\/fr\/wp-json\/wp\/v2\/pages"}],"about":[{"href":"https:\/\/www.hugobike.cz\/fr\/wp-json\/wp\/v2\/types\/page"}],"author":[{"embeddable":true,"href":"https:\/\/www.hugobike.cz\/fr\/wp-json\/wp\/v2\/users\/1"}],"replies":[{"embeddable":true,"href":"https:\/\/www.hugobike.cz\/fr\/wp-json\/wp\/v2\/comments?post=3"}],"version-history":[{"count":2,"href":"https:\/\/www.hugobike.cz\/fr\/wp-json\/wp\/v2\/pages\/3\/revisions"}],"predecessor-version":[{"id":2503168,"href":"https:\/\/www.hugobike.cz\/fr\/wp-json\/wp\/v2\/pages\/3\/revisions\/2503168"}],"wp:attachment":[{"href":"https:\/\/www.hugobike.cz\/fr\/wp-json\/wp\/v2\/media?parent=3"}],"curies":[{"name":"wp","href":"https:\/\/api.w.org\/{rel}","templated":true}]}}