{"id":2,"date":"2022-06-28T18:36:23","date_gmt":"2022-06-28T16:36:23","guid":{"rendered":"https:\/\/www.hugobike.cz\/?page_id=2"},"modified":"2023-01-04T11:12:56","modified_gmt":"2023-01-04T10:12:56","slug":"partie-au-proces","status":"publish","type":"page","link":"https:\/\/www.hugobike.cz\/fr\/","title":{"rendered":"V\u00e9lo \u00e9lectrique HUGO"},"content":{"rendered":"<p>Il s'agit de scooters \u00e9lectriques tch\u00e8ques de luxe. Chacun d'entre eux est assembl\u00e9 \u00e0 la main et con\u00e7u selon un mod\u00e8le unique. La construction solide et stable garantit la facilit\u00e9 d'utilisation, le confort de conduite est une \u00e9vidence, m\u00eame sur des trajets plus longs.<\/p>","protected":false},"excerpt":{"rendered":"<p>Il s'agit de scooters \u00e9lectriques tch\u00e8ques de luxe. Chacun d'entre eux est assembl\u00e9 \u00e0 la main et con\u00e7u selon un mod\u00e8le unique. La construction solide et stable garantit la facilit\u00e9 d'utilisation, le confort de conduite est une \u00e9vidence, m\u00eame sur des trajets plus longs.<\/p>","protected":false},"author":1,"featured_media":0,"parent":0,"menu_order":0,"comment_status":"closed","ping_status":"open","template":"","meta":{"_acf_changed":false,"footnotes":""},"class_list":["post-2","page","type-page","status-publish","hentry"],"acf":[],"_links":{"self":[{"href":"https:\/\/www.hugobike.cz\/fr\/wp-json\/wp\/v2\/pages\/2","targetHints":{"allow":["GET"]}}],"collection":[{"href":"https:\/\/www.hugobike.cz\/fr\/wp-json\/wp\/v2\/pages"}],"about":[{"href":"https:\/\/www.hugobike.cz\/fr\/wp-json\/wp\/v2\/types\/page"}],"author":[{"embeddable":true,"href":"https:\/\/www.hugobike.cz\/fr\/wp-json\/wp\/v2\/users\/1"}],"replies":[{"embeddable":true,"href":"https:\/\/www.hugobike.cz\/fr\/wp-json\/wp\/v2\/comments?post=2"}],"version-history":[{"count":0,"href":"https:\/\/www.hugobike.cz\/fr\/wp-json\/wp\/v2\/pages\/2\/revisions"}],"wp:attachment":[{"href":"https:\/\/www.hugobike.cz\/fr\/wp-json\/wp\/v2\/media?parent=2"}],"curies":[{"name":"wp","href":"https:\/\/api.w.org\/{rel}","templated":true}]}}