{"id":147,"date":"2022-08-25T14:42:09","date_gmt":"2022-08-25T12:42:09","guid":{"rendered":"https:\/\/www.hugobike.cz\/kosik\/"},"modified":"2023-11-07T17:27:19","modified_gmt":"2023-11-07T16:27:19","slug":"kosik","status":"publish","type":"page","link":"https:\/\/www.hugobike.cz\/fr\/kosik\/","title":{"rendered":"Panier"},"content":{"rendered":"<div data-block-name=\"woocommerce\/cart\" class=\"wp-block-woocommerce-cart alignwide is-loading width--full\">\n<div data-block-name=\"woocommerce\/filled-cart-block\" class=\"wp-block-woocommerce-filled-cart-block\">\n<div data-block-name=\"woocommerce\/cart-items-block\" class=\"wp-block-woocommerce-cart-items-block\">\n<div data-block-name=\"woocommerce\/cart-line-items-block\" class=\"wp-block-woocommerce-cart-line-items-block\"><\/div>\n\n\n\n<div data-block-name=\"woocommerce\/cart-cross-sells-block\" class=\"wp-block-woocommerce-cart-cross-sells-block\">\n<h2 class=\"wp-block-heading has-large-font-size\">Vous pourriez \u00eatre int\u00e9ress\u00e9 par...<\/h2>\n\n\n\n<div data-block-name=\"woocommerce\/cart-cross-sells-products-block\" class=\"wp-block-woocommerce-cart-cross-sells-products-block\"><\/div>\n<\/div>\n<\/div>\n\n\n\n<div data-block-name=\"woocommerce\/cart-totals-block\" class=\"wp-block-woocommerce-cart-totals-block\">\n<div data-block-name=\"woocommerce\/cart-order-summary-block\" class=\"wp-block-woocommerce-cart-order-summary-block\">\n<div data-block-name=\"woocommerce\/cart-order-summary-heading-block\" data-content=\"Celkem k platb\u011b\" class=\"wp-block-woocommerce-cart-order-summary-heading-block\"><\/div><div data-block-name=\"woocommerce\/cart-order-summary-coupon-form-block\" class=\"wp-block-woocommerce-cart-order-summary-coupon-form-block\"><\/div><div data-block-name=\"woocommerce\/cart-order-summary-totals-block\" class=\"wp-block-woocommerce-cart-order-summary-totals-block\">\n<div data-block-name=\"woocommerce\/cart-order-summary-subtotal-block\" class=\"wp-block-woocommerce-cart-order-summary-subtotal-block\"><\/div>\n<div data-block-name=\"woocommerce\/cart-order-summary-discount-block\" class=\"wp-block-woocommerce-cart-order-summary-discount-block\"><\/div>\n<div data-block-name=\"woocommerce\/cart-order-summary-fee-block\" class=\"wp-block-woocommerce-cart-order-summary-fee-block\"><\/div>\n<div data-block-name=\"woocommerce\/cart-order-summary-shipping-block\" class=\"wp-block-woocommerce-cart-order-summary-shipping-block\"><\/div>\n<div data-block-name=\"woocommerce\/cart-order-summary-taxes-block\" class=\"wp-block-woocommerce-cart-order-summary-taxes-block\"><\/div><\/div>\n<\/div>\n\n\n\n<div data-block-name=\"woocommerce\/cart-express-payment-block\" class=\"wp-block-woocommerce-cart-express-payment-block\"><\/div>\n\n\n\n<div data-block-name=\"woocommerce\/proceed-to-checkout-block\" class=\"wp-block-woocommerce-proceed-to-checkout-block\"><\/div>\n\n\n\n<div data-block-name=\"woocommerce\/cart-accepted-payment-methods-block\" class=\"wp-block-woocommerce-cart-accepted-payment-methods-block\"><\/div>\n<\/div>\n<\/div>\n\n\n\n<div data-block-name=\"woocommerce\/empty-cart-block\" class=\"wp-block-woocommerce-empty-cart-block\">\n<h2 class=\"wp-block-heading has-text-align-center with-empty-cart-icon wc-block-cart__empty-cart__title\">Votre panier est actuellement vide !<\/h2>\n\n\n\n<p class=\"has-text-align-center\"><a href=\"https:\/\/www.hugobike.cz\/fr\/boutique\/\">Parcourir la boutique<\/a>.<\/p>\n\n\n\n<hr class=\"wp-block-separator has-alpha-channel-opacity is-style-dots\"\/>\n\n\n\n<h2 class=\"wp-block-heading has-text-align-center\">Nouveau<\/h2>\n\n\n<div data-block-name=\"woocommerce\/product-new\" data-rows=\"1\" class=\"wc-block-grid wp-block-product-new wp-block-woocommerce-product-new wc-block-product-new has-3-columns\"><ul class=\"wc-block-grid__products\"><li class=\"wc-block-grid__product\"><span class=\"gtm4wp_productdata\" style=\"display:none; visibility:hidden;\" data-gtm4wp_product_data=\"{&quot;internal_id&quot;:1782,&quot;item_id&quot;:&quot;387&quot;,&quot;item_name&quot;:&quot;ko\\u0161 plastov\\u00fd na \\u0159\\u00edd\\u00edtka KLICK FIX, zelen\\u00fd&quot;,&quot;sku&quot;:&quot;387&quot;,&quot;price&quot;:699,&quot;stocklevel&quot;:1,&quot;stockstatus&quot;:&quot;instock&quot;,&quot;google_business_vertical&quot;:&quot;retail&quot;,&quot;item_category&quot;:&quot;Dopl\\u0148ky&quot;,&quot;id&quot;:&quot;387&quot;,&quot;productlink&quot;:&quot;https:\\\/\\\/www.hugobike.cz\\\/fr\\\/p\\\/kos-plastovy-na-riditka-klick-fix-zeleny\\\/&quot;,&quot;item_list_name&quot;:&quot;Liste g\\u00e9n\\u00e9rale des produits&quot;,&quot;index&quot;:0,&quot;product_type&quot;:&quot;simple&quot;,&quot;item_brand&quot;:&quot;&quot;}\"><\/span>\n\t\t\t\t<a href=\"https:\/\/www.hugobike.cz\/fr\/p\/kos-plastovy-na-riditka-klick-fix-zeleny\/\" class=\"wc-block-grid__product-link\">\n\t\t\t\t\t\n\t\t\t\t\t<div class=\"wc-block-grid__product-image\"><img loading=\"lazy\" decoding=\"async\" width=\"600\" height=\"697\" src=\"https:\/\/www.hugobike.cz\/wp-content\/uploads\/2026\/05\/387-600x697.jpg\" class=\"attachment-woocommerce_thumbnail size-woocommerce_thumbnail\" alt=\"panier de guidon en plastique KLICK FIX, vert\" srcset=\"https:\/\/www.hugobike.cz\/wp-content\/uploads\/2026\/05\/387-600x697.jpg 600w, https:\/\/www.hugobike.cz\/wp-content\/uploads\/2026\/05\/387-258x300.jpg 258w, https:\/\/www.hugobike.cz\/wp-content\/uploads\/2026\/05\/387-10x12.jpg 10w, https:\/\/www.hugobike.cz\/wp-content\/uploads\/2026\/05\/387.jpg 768w\" sizes=\"auto, (max-width: 600px) 100vw, 600px\" \/><\/div>\n\t\t\t\t\t<div class=\"wc-block-grid__product-title\">panier de guidon en plastique KLICK FIX, vert<\/div>\n\t\t\t\t<\/a>\n\t\t\t\t<div class=\"wc-block-grid__product-price price\"><span class=\"woocommerce-Price-amount amount\">699,00&nbsp;<span class=\"woocommerce-Price-currencySymbol\">CZK<\/span><\/span><\/div>\n\t\t\t\t\n\t\t\t\t<div class=\"wp-block-button wc-block-grid__product-add-to-cart\"><a href=\"\/fr\/wp-json\/wp\/v2\/pages\/147?add-to-cart=1782\" aria-label=\"Ajouter au panier\u00a0: \u201cko\u0161 plastov\u00fd na \u0159\u00edd\u00edtka KLICK FIX, zelen\u00fd\u201d\" data-quantity=\"1\" data-product_id=\"1782\" data-product_sku=\"387\" data-price=\"699\" rel=\"nofollow\" class=\"wp-block-button__link  add_to_cart_button ajax_add_to_cart\" data-no-translation=\"\" data-trp-gettext=\"\" data-no-translation-aria-label=\"\">Ajouter au panier<\/a><\/div>\n\t\t\t<\/li><li class=\"wc-block-grid__product\"><span class=\"gtm4wp_productdata\" style=\"display:none; visibility:hidden;\" data-gtm4wp_product_data=\"{&quot;internal_id&quot;:1780,&quot;item_id&quot;:&quot;386&quot;,&quot;item_name&quot;:&quot;Hlavov\\u00e9 slo\\u017een\\u00ed MAX1 A-Head 1 1\\\/8\\&quot; \\u010dern\\u00e9&quot;,&quot;sku&quot;:&quot;386&quot;,&quot;price&quot;:399,&quot;stocklevel&quot;:1,&quot;stockstatus&quot;:&quot;instock&quot;,&quot;google_business_vertical&quot;:&quot;retail&quot;,&quot;item_category&quot;:&quot;Hlavov\\u00e9 slo\\u017een\\u00ed&quot;,&quot;id&quot;:&quot;386&quot;,&quot;productlink&quot;:&quot;https:\\\/\\\/www.hugobike.cz\\\/fr\\\/p\\\/hlavove-slozeni-max1-a-head-1-1-8-cerne\\\/&quot;,&quot;item_list_name&quot;:&quot;Liste g\\u00e9n\\u00e9rale des produits&quot;,&quot;index&quot;:0,&quot;product_type&quot;:&quot;simple&quot;,&quot;item_brand&quot;:&quot;&quot;}\"><\/span>\n\t\t\t\t<a href=\"https:\/\/www.hugobike.cz\/fr\/p\/hlavove-slozeni-max1-a-head-1-1-8-cerne\/\" class=\"wc-block-grid__product-link\">\n\t\t\t\t\t\n\t\t\t\t\t<div class=\"wc-block-grid__product-image\"><img loading=\"lazy\" decoding=\"async\" width=\"600\" height=\"705\" src=\"https:\/\/www.hugobike.cz\/wp-content\/uploads\/2026\/05\/386-600x705.jpg\" class=\"attachment-woocommerce_thumbnail size-woocommerce_thumbnail\" alt=\"MAX1 T\u00eate A 1 1\/8&quot; noir\" srcset=\"https:\/\/www.hugobike.cz\/wp-content\/uploads\/2026\/05\/386-600x705.jpg 600w, https:\/\/www.hugobike.cz\/wp-content\/uploads\/2026\/05\/386-255x300.jpg 255w, https:\/\/www.hugobike.cz\/wp-content\/uploads\/2026\/05\/386-10x12.jpg 10w, https:\/\/www.hugobike.cz\/wp-content\/uploads\/2026\/05\/386.jpg 681w\" sizes=\"auto, (max-width: 600px) 100vw, 600px\" \/><\/div>\n\t\t\t\t\t<div class=\"wc-block-grid__product-title\">MAX1 T\u00eate A 1 1\/8\u2033 noir<\/div>\n\t\t\t\t<\/a>\n\t\t\t\t<div class=\"wc-block-grid__product-price price\"><span class=\"woocommerce-Price-amount amount\">399,00&nbsp;<span class=\"woocommerce-Price-currencySymbol\">CZK<\/span><\/span><\/div>\n\t\t\t\t\n\t\t\t\t<div class=\"wp-block-button wc-block-grid__product-add-to-cart\"><a href=\"\/fr\/wp-json\/wp\/v2\/pages\/147?add-to-cart=1780\" aria-label=\"Ajouter au panier\u00a0: \u201cHlavov\u00e9 slo\u017een\u00ed MAX1 A-Head 1 1\/8&quot; \u010dern\u00e9\u201d\" data-quantity=\"1\" data-product_id=\"1780\" data-product_sku=\"386\" data-price=\"399\" rel=\"nofollow\" class=\"wp-block-button__link  add_to_cart_button ajax_add_to_cart\" data-no-translation=\"\" data-trp-gettext=\"\" data-no-translation-aria-label=\"\">Ajouter au panier<\/a><\/div>\n\t\t\t<\/li><li class=\"wc-block-grid__product\"><span class=\"gtm4wp_productdata\" style=\"display:none; visibility:hidden;\" data-gtm4wp_product_data=\"{&quot;internal_id&quot;:1778,&quot;item_id&quot;:&quot;385&quot;,&quot;item_name&quot;:&quot;rohy FORCE BET 9 cm Al, \\u010dern\\u00e9 matn\\u00e9&quot;,&quot;sku&quot;:&quot;385&quot;,&quot;price&quot;:299,&quot;stocklevel&quot;:2,&quot;stockstatus&quot;:&quot;instock&quot;,&quot;google_business_vertical&quot;:&quot;retail&quot;,&quot;item_category&quot;:&quot;Madla (gripy)&quot;,&quot;id&quot;:&quot;385&quot;,&quot;productlink&quot;:&quot;https:\\\/\\\/www.hugobike.cz\\\/fr\\\/p\\\/rohy-force-bet-9-cm-al-cerne-matne\\\/&quot;,&quot;item_list_name&quot;:&quot;Liste g\\u00e9n\\u00e9rale des produits&quot;,&quot;index&quot;:0,&quot;product_type&quot;:&quot;simple&quot;,&quot;item_brand&quot;:&quot;&quot;}\"><\/span>\n\t\t\t\t<a href=\"https:\/\/www.hugobike.cz\/fr\/p\/rohy-force-bet-9-cm-al-cerne-matne\/\" class=\"wc-block-grid__product-link\">\n\t\t\t\t\t\n\t\t\t\t\t<div class=\"wc-block-grid__product-image\"><img loading=\"lazy\" decoding=\"async\" width=\"600\" height=\"741\" src=\"https:\/\/www.hugobike.cz\/wp-content\/uploads\/2026\/05\/385-600x741.jpg\" class=\"attachment-woocommerce_thumbnail size-woocommerce_thumbnail\" alt=\"Cornes FORCE BET 9 cm Al, noir mat\" srcset=\"https:\/\/www.hugobike.cz\/wp-content\/uploads\/2026\/05\/385-600x741.jpg 600w, https:\/\/www.hugobike.cz\/wp-content\/uploads\/2026\/05\/385-243x300.jpg 243w, https:\/\/www.hugobike.cz\/wp-content\/uploads\/2026\/05\/385-830x1024.jpg 830w, https:\/\/www.hugobike.cz\/wp-content\/uploads\/2026\/05\/385-768x948.jpg 768w, https:\/\/www.hugobike.cz\/wp-content\/uploads\/2026\/05\/385-1244x1536.jpg 1244w, https:\/\/www.hugobike.cz\/wp-content\/uploads\/2026\/05\/385-1659x2048.jpg 1659w, https:\/\/www.hugobike.cz\/wp-content\/uploads\/2026\/05\/385-10x12.jpg 10w, https:\/\/www.hugobike.cz\/wp-content\/uploads\/2026\/05\/385-scaled.jpg 2074w\" sizes=\"auto, (max-width: 600px) 100vw, 600px\" \/><\/div>\n\t\t\t\t\t<div class=\"wc-block-grid__product-title\">Cornes FORCE BET 9 cm Al, noir mat<\/div>\n\t\t\t\t<\/a>\n\t\t\t\t<div class=\"wc-block-grid__product-price price\"><span class=\"woocommerce-Price-amount amount\">299,00&nbsp;<span class=\"woocommerce-Price-currencySymbol\">CZK<\/span><\/span><\/div>\n\t\t\t\t\n\t\t\t\t<div class=\"wp-block-button wc-block-grid__product-add-to-cart\"><a href=\"\/fr\/wp-json\/wp\/v2\/pages\/147?add-to-cart=1778\" aria-label=\"Ajouter au panier\u00a0: \u201crohy FORCE BET 9 cm Al, \u010dern\u00e9 matn\u00e9\u201d\" data-quantity=\"1\" data-product_id=\"1778\" data-product_sku=\"385\" data-price=\"299\" rel=\"nofollow\" class=\"wp-block-button__link  add_to_cart_button ajax_add_to_cart\" data-no-translation=\"\" data-trp-gettext=\"\" data-no-translation-aria-label=\"\">Ajouter au panier<\/a><\/div>\n\t\t\t<\/li><\/ul><\/div><\/div>\n<\/div>","protected":false},"excerpt":{"rendered":"","protected":false},"author":1,"featured_media":0,"parent":0,"menu_order":0,"comment_status":"closed","ping_status":"closed","template":"","meta":{"_acf_changed":false,"footnotes":""},"class_list":["post-147","page","type-page","status-publish","hentry"],"acf":[],"_links":{"self":[{"href":"https:\/\/www.hugobike.cz\/fr\/wp-json\/wp\/v2\/pages\/147","targetHints":{"allow":["GET"]}}],"collection":[{"href":"https:\/\/www.hugobike.cz\/fr\/wp-json\/wp\/v2\/pages"}],"about":[{"href":"https:\/\/www.hugobike.cz\/fr\/wp-json\/wp\/v2\/types\/page"}],"author":[{"embeddable":true,"href":"https:\/\/www.hugobike.cz\/fr\/wp-json\/wp\/v2\/users\/1"}],"replies":[{"embeddable":true,"href":"https:\/\/www.hugobike.cz\/fr\/wp-json\/wp\/v2\/comments?post=147"}],"version-history":[{"count":0,"href":"https:\/\/www.hugobike.cz\/fr\/wp-json\/wp\/v2\/pages\/147\/revisions"}],"wp:attachment":[{"href":"https:\/\/www.hugobike.cz\/fr\/wp-json\/wp\/v2\/media?parent=147"}],"curies":[{"name":"wp","href":"https:\/\/api.w.org\/{rel}","templated":true}]}}