{"id":4305431,"date":"2026-04-24T22:56:29","date_gmt":"2026-04-24T20:56:29","guid":{"rendered":"https:\/\/www.hugobike.cz\/p\/duse-ralson-26x1-75-2-125-47-57-559-av-48mm\/"},"modified":"2026-04-24T22:56:43","modified_gmt":"2026-04-24T20:56:43","slug":"duse-ralson-26x1-75-2-125-47-57-559-av-48mm","status":"publish","type":"product","link":"https:\/\/www.hugobike.cz\/es\/p\/duse-ralson-26x1-75-2-125-47-57-559-av-48mm\/","title":{"rendered":"Bujes RALSON 26&#8243;x1.75-2.125 (47\/57-559) AV\/48mm"},"content":{"rendered":"","protected":false},"excerpt":{"rendered":"<p>Tama\u00f1o universal: se adapta a neum\u00e1ticos de 26\u2033 de 1,75 a 2,125 pulgadas de ancho.<br \/>\nAutosventilek (AV): inflado sencillo con una bomba de coche est\u00e1ndar<br \/>\nDise\u00f1o ligero: s\u00f3lo 230 g que no lastrar\u00e1n tu moto<br \/>\nDurabilidad: materiales de calidad para una larga vida \u00fatil<br \/>\nF\u00e1cil instalaci\u00f3n: cambio r\u00e1pido y compatibilidad con ruedas convencionales<\/p>","protected":false},"featured_media":4615784,"comment_status":"closed","ping_status":"open","template":"","meta":{"_acf_changed":false},"product_brand":[],"product_cat":[147],"product_tag":[],"class_list":{"0":"post-4305431","1":"product","2":"type-product","3":"status-publish","4":"has-post-thumbnail","6":"product_cat-duse","8":"first","9":"onbackorder","10":"purchasable","11":"product-type-simple"},"acf":[],"_links":{"self":[{"href":"https:\/\/www.hugobike.cz\/es\/wp-json\/wp\/v2\/product\/4305431","targetHints":{"allow":["GET"]}}],"collection":[{"href":"https:\/\/www.hugobike.cz\/es\/wp-json\/wp\/v2\/product"}],"about":[{"href":"https:\/\/www.hugobike.cz\/es\/wp-json\/wp\/v2\/types\/product"}],"replies":[{"embeddable":true,"href":"https:\/\/www.hugobike.cz\/es\/wp-json\/wp\/v2\/comments?post=4305431"}],"wp:featuredmedia":[{"embeddable":true,"href":"https:\/\/www.hugobike.cz\/es\/wp-json\/wp\/v2\/media\/4615784"}],"wp:attachment":[{"href":"https:\/\/www.hugobike.cz\/es\/wp-json\/wp\/v2\/media?parent=4305431"}],"wp:term":[{"taxonomy":"product_brand","embeddable":true,"href":"https:\/\/www.hugobike.cz\/es\/wp-json\/wp\/v2\/product_brand?post=4305431"},{"taxonomy":"product_cat","embeddable":true,"href":"https:\/\/www.hugobike.cz\/es\/wp-json\/wp\/v2\/product_cat?post=4305431"},{"taxonomy":"product_tag","embeddable":true,"href":"https:\/\/www.hugobike.cz\/es\/wp-json\/wp\/v2\/product_tag?post=4305431"}],"curies":[{"name":"wp","href":"https:\/\/api.w.org\/{rel}","templated":true}]}}