{"id":4206141,"date":"2026-01-08T14:03:36","date_gmt":"2026-01-08T13:03:36","guid":{"rendered":"https:\/\/www.hugobike.cz\/?post_type=product&#038;p=4206141"},"modified":"2026-01-08T14:08:25","modified_gmt":"2026-01-08T13:08:25","slug":"escorpio-eco","status":"publish","type":"product","link":"https:\/\/www.hugobike.cz\/es\/p\/scorpio-eco\/","title":{"rendered":"Escorpio ECO"},"content":{"rendered":"<div id=\"div_block-241-14\" class=\"ct-div-block bike-desc_table-column\">\n<h4 id=\"headline-242-14\" class=\"ct-headline text--uppercase bike-desc_table-column_head\">Bater\u00eda 10Ah Motor 750W Autonom\u00eda \u00d8 40 km Velocidad 25 km\/h * Carga 3 A (se puede comprar m\u00e1s fuerte) Ciudad Designaci\u00f3n Cuadro dural Horquilla\/amortiguador mec\u00e1nico\/sin amortiguador Frenos\/disco mec\u00e1nico (160 mm) Tama\u00f1o de rueda 12\u2033 Dimensiones h x a x p - 124 x 61 x 117 cm Peso 17,5 kg<\/h4>\n<\/div>","protected":false},"excerpt":{"rendered":"<h2 id=\"headline-819-14\" class=\"ct-headline text--uppercase text--italic\"><span id=\"span-820-256\" class=\"ct-span\">Escorpio ECO<\/span><\/h2>\n<div id=\"text_block-822-14\" class=\"ct-text-block text--uppercase margin-bottom--l geom-light width--m\"><span id=\"span-823-256\" class=\"ct-span\">UN E-SCOOTER PARA LA CIUDAD, Y PARA EL TRABAJO.<\/span><\/div>\n<div>\n<div id=\"div_block-241-14\" class=\"ct-div-block bike-desc_table-column\">Bater\u00eda 10Ah<\/div>\n<div class=\"ct-div-block bike-desc_table-column\">Motor 750W<\/div>\n<div class=\"ct-div-block bike-desc_table-column\">Alcance \u00d8 40 km<\/div>\n<div class=\"ct-div-block bike-desc_table-column\">Velocidad 25 km\/h *<\/div>\n<div class=\"ct-div-block bike-desc_table-column\">Carga 3 A (puede adquirirse m\u00e1s potente)<\/div>\n<div class=\"ct-div-block bike-desc_table-column\">Ciudad de designaci\u00f3n<\/div>\n<div class=\"ct-div-block bike-desc_table-column\">Cuadro dural Horquilla\/amortiguador mec\u00e1nico\/sin amortiguador<\/div>\n<div class=\"ct-div-block bike-desc_table-column\">Frenos\/disco mec\u00e1nicos (160 mm)<\/div>\n<div class=\"ct-div-block bike-desc_table-column\">Tama\u00f1o de rueda 12<\/div>\n<div class=\"ct-div-block bike-desc_table-column\">Dimensiones alto x ancho x fondo - 124 x 61 x 117 cm Peso 17,5 kg<\/div>\n<\/div>\n<div><\/div>\n<div>Plazo de entrega: 6 - 8 semanas<\/div>\n<div>\n<div id=\"div_block-2458-256\" class=\"ct-div-block bike-desc_table-column\">\n<div id=\"text_block-2461-256\" class=\"ct-text-block bike-desc_table-column_text\"><\/div>\n<\/div>\n<\/div>","protected":false},"featured_media":4206136,"comment_status":"open","ping_status":"closed","template":"","meta":{"_acf_changed":false},"product_brand":[],"product_cat":[174],"product_tag":[],"class_list":{"0":"post-4206141","1":"product","2":"type-product","3":"status-publish","4":"has-post-thumbnail","6":"product_cat-e-kolobezky","8":"first","9":"instock","10":"taxable","11":"shipping-taxable","12":"purchasable","13":"product-type-simple"},"acf":[],"_links":{"self":[{"href":"https:\/\/www.hugobike.cz\/es\/wp-json\/wp\/v2\/product\/4206141","targetHints":{"allow":["GET"]}}],"collection":[{"href":"https:\/\/www.hugobike.cz\/es\/wp-json\/wp\/v2\/product"}],"about":[{"href":"https:\/\/www.hugobike.cz\/es\/wp-json\/wp\/v2\/types\/product"}],"replies":[{"embeddable":true,"href":"https:\/\/www.hugobike.cz\/es\/wp-json\/wp\/v2\/comments?post=4206141"}],"wp:featuredmedia":[{"embeddable":true,"href":"https:\/\/www.hugobike.cz\/es\/wp-json\/wp\/v2\/media\/4206136"}],"wp:attachment":[{"href":"https:\/\/www.hugobike.cz\/es\/wp-json\/wp\/v2\/media?parent=4206141"}],"wp:term":[{"taxonomy":"product_brand","embeddable":true,"href":"https:\/\/www.hugobike.cz\/es\/wp-json\/wp\/v2\/product_brand?post=4206141"},{"taxonomy":"product_cat","embeddable":true,"href":"https:\/\/www.hugobike.cz\/es\/wp-json\/wp\/v2\/product_cat?post=4206141"},{"taxonomy":"product_tag","embeddable":true,"href":"https:\/\/www.hugobike.cz\/es\/wp-json\/wp\/v2\/product_tag?post=4206141"}],"curies":[{"name":"wp","href":"https:\/\/api.w.org\/{rel}","templated":true}]}}