{"id":4206137,"date":"2026-01-08T13:54:12","date_gmt":"2026-01-08T12:54:12","guid":{"rendered":"https:\/\/www.hugobike.cz\/?post_type=product&#038;p=4206137"},"modified":"2026-01-08T14:01:09","modified_gmt":"2026-01-08T13:01:09","slug":"4206137","status":"publish","type":"product","link":"https:\/\/www.hugobike.cz\/es\/p\/4206137\/","title":{"rendered":"ESCORPIO"},"content":{"rendered":"<p>Bater\u00eda 21 Ah Motor 1000 W Autonom\u00eda Alrededor de 50 km Velocidad 25km Carga 3 A (se puede comprar m\u00e1s fuerte) Ciudad Designaci\u00f3n Cuadro dural Horquilla\/amortiguador mec\u00e1nicos\/sin amortiguador Frenos\/ruedas mec\u00e1nicos (160 mm) Tama\u00f1o de rueda 12\u2033 Dimensiones h x a x p - 124 x 61 x 117 cm Peso 17,5 kg Plazo de entrega: 6 - 8 semanas<\/p>","protected":false},"excerpt":{"rendered":"<h2 id=\"headline-819-14\" class=\"ct-headline text--uppercase text--italic\"><span id=\"span-820-256\" class=\"ct-span\">Escorpio<\/span><\/h2>\n<div id=\"text_block-822-14\" class=\"ct-text-block text--uppercase margin-bottom--l geom-light width--m\"><span id=\"span-823-256\" class=\"ct-span\">Si buscas un scooter el\u00e9ctrico que no te defraude para tus desplazamientos diarios o rutas m\u00e1s largas, \u00a1el Scorpio TOP es la elecci\u00f3n correcta!<\/span><\/div>\n<div>Bater\u00eda 21 Ah<\/div>\n<div>Motor 1000 W<\/div>\n<div>Alcance Unos 50 km<\/div>\n<div>Velocidad 25km<\/div>\n<div>Carga 3 A (puede adquirirse m\u00e1s potente)<\/div>\n<div>Ciudad de designaci\u00f3n<\/div>\n<div>Marco duraluminio<\/div>\n<div>Horquilla\/amortiguador mec\u00e1nico\/sin amortiguador<\/div>\n<div>Frenos\/disco mec\u00e1nicos (160 mm)<\/div>\n<div>Tama\u00f1o de rueda 12<\/div>\n<div>Dimensiones alto x ancho x fondo - 124 x 61 x 117 cm<\/div>\n<div>Peso 17,5 kg<\/div>\n<div><\/div>\n<div>Plazo de entrega: 6 - 8 semanas<\/div>","protected":false},"featured_media":4206136,"comment_status":"open","ping_status":"closed","template":"","meta":{"_acf_changed":false},"product_brand":[],"product_cat":[174],"product_tag":[],"class_list":{"0":"post-4206137","1":"product","2":"type-product","3":"status-publish","4":"has-post-thumbnail","6":"product_cat-e-kolobezky","8":"first","9":"instock","10":"taxable","11":"shipping-taxable","12":"purchasable","13":"product-type-simple"},"acf":[],"_links":{"self":[{"href":"https:\/\/www.hugobike.cz\/es\/wp-json\/wp\/v2\/product\/4206137","targetHints":{"allow":["GET"]}}],"collection":[{"href":"https:\/\/www.hugobike.cz\/es\/wp-json\/wp\/v2\/product"}],"about":[{"href":"https:\/\/www.hugobike.cz\/es\/wp-json\/wp\/v2\/types\/product"}],"replies":[{"embeddable":true,"href":"https:\/\/www.hugobike.cz\/es\/wp-json\/wp\/v2\/comments?post=4206137"}],"wp:featuredmedia":[{"embeddable":true,"href":"https:\/\/www.hugobike.cz\/es\/wp-json\/wp\/v2\/media\/4206136"}],"wp:attachment":[{"href":"https:\/\/www.hugobike.cz\/es\/wp-json\/wp\/v2\/media?parent=4206137"}],"wp:term":[{"taxonomy":"product_brand","embeddable":true,"href":"https:\/\/www.hugobike.cz\/es\/wp-json\/wp\/v2\/product_brand?post=4206137"},{"taxonomy":"product_cat","embeddable":true,"href":"https:\/\/www.hugobike.cz\/es\/wp-json\/wp\/v2\/product_cat?post=4206137"},{"taxonomy":"product_tag","embeddable":true,"href":"https:\/\/www.hugobike.cz\/es\/wp-json\/wp\/v2\/product_tag?post=4206137"}],"curies":[{"name":"wp","href":"https:\/\/api.w.org\/{rel}","templated":true}]}}