{"id":1807,"date":"2026-04-28T05:52:01","date_gmt":"2026-04-28T03:52:01","guid":{"rendered":"https:\/\/www.hugobike.cz\/p\/zadni-sekvencni-led-blinkry-s-brzdovym-svetlem-lampa-line-sq-rear-90477\/"},"modified":"2026-04-28T05:52:17","modified_gmt":"2026-04-28T03:52:17","slug":"intermitente-trasero-secuencial-led-con-luz-de-freno-lampara-linea-sq-trasera-90477","status":"publish","type":"product","link":"https:\/\/www.hugobike.cz\/es\/p\/zadni-sekvencni-led-blinkry-s-brzdovym-svetlem-lampa-line-sq-rear-90477\/","title":{"rendered":"Intermitentes Traseros LED Secuenciales con Luz de Freno LAMPA LINE SQ REAR (90477)"},"content":{"rendered":"","protected":false},"excerpt":{"rendered":"<p>Intermitentes traseros secuenciales LED para motocicleta LINE SQ REAR de la empresa italiana Lampa.<\/p>\n<p>Especificaciones:<\/p>\n<p>Intermitentes secuenciales con moderno indicador de direcci\u00f3n<br \/>\ntambi\u00e9n incluye una luz de freno roja para que est\u00e9s m\u00e1s seguro<br \/>\nlos indicadores de direcci\u00f3n est\u00e1n homologados<br \/>\ndimensiones 92 x 16 mm<br \/>\nrosca M8<br \/>\nImpermeable<br \/>\nAlimentaci\u00f3n de 12 V<br \/>\nequipado con LED SMD de alta calidad<br \/>\ndise\u00f1o moderno y sencillo<br \/>\nlos cables est\u00e1n equipados con conectores r\u00e1pidos<br \/>\nalta resistencia a las vibraciones<br \/>\nlos intermitentes est\u00e1n en una junta de goma<\/p>","protected":false},"featured_media":4628283,"comment_status":"closed","ping_status":"open","template":"","meta":{"_acf_changed":false},"product_brand":[],"product_cat":[138],"product_tag":[],"class_list":{"0":"post-1807","1":"product","2":"type-product","3":"status-publish","4":"has-post-thumbnail","6":"product_cat-svetla","8":"first","9":"instock","10":"purchasable","11":"product-type-simple"},"acf":[],"_links":{"self":[{"href":"https:\/\/www.hugobike.cz\/es\/wp-json\/wp\/v2\/product\/1807","targetHints":{"allow":["GET"]}}],"collection":[{"href":"https:\/\/www.hugobike.cz\/es\/wp-json\/wp\/v2\/product"}],"about":[{"href":"https:\/\/www.hugobike.cz\/es\/wp-json\/wp\/v2\/types\/product"}],"replies":[{"embeddable":true,"href":"https:\/\/www.hugobike.cz\/es\/wp-json\/wp\/v2\/comments?post=1807"}],"wp:featuredmedia":[{"embeddable":true,"href":"https:\/\/www.hugobike.cz\/es\/wp-json\/wp\/v2\/media\/4628283"}],"wp:attachment":[{"href":"https:\/\/www.hugobike.cz\/es\/wp-json\/wp\/v2\/media?parent=1807"}],"wp:term":[{"taxonomy":"product_brand","embeddable":true,"href":"https:\/\/www.hugobike.cz\/es\/wp-json\/wp\/v2\/product_brand?post=1807"},{"taxonomy":"product_cat","embeddable":true,"href":"https:\/\/www.hugobike.cz\/es\/wp-json\/wp\/v2\/product_cat?post=1807"},{"taxonomy":"product_tag","embeddable":true,"href":"https:\/\/www.hugobike.cz\/es\/wp-json\/wp\/v2\/product_tag?post=1807"}],"curies":[{"name":"wp","href":"https:\/\/api.w.org\/{rel}","templated":true}]}}