{"id":1805,"date":"2026-05-11T17:52:33","date_gmt":"2026-05-11T15:52:33","guid":{"rendered":"https:\/\/www.hugobike.cz\/p\/predni-sekvencni-led-blinkry-s-pozicnim-svetlem-lampa-line-sq-front-90478\/"},"modified":"2026-05-11T17:52:45","modified_gmt":"2026-05-11T15:52:45","slug":"intermitente-delantero-secuencial-led-con-luz-de-posicion-line-sq-delantero-90478","status":"publish","type":"product","link":"https:\/\/www.hugobike.cz\/es\/p\/predni-sekvencni-led-blinkry-s-pozicnim-svetlem-lampa-line-sq-front-90478\/","title":{"rendered":"Intermitentes delanteros LED secuenciales con luz de posici\u00f3n LAMPA LINE SQ FRONT (90478)"},"content":{"rendered":"","protected":false},"excerpt":{"rendered":"<p>Intermitentes secuenciales LED para motocicleta con luz de posici\u00f3n blanca, juego de 2, dise\u00f1o moderno, alimentaci\u00f3n 12V, homologados, dimensiones 92 x 16 mm<\/p>","protected":false},"featured_media":4679921,"comment_status":"closed","ping_status":"open","template":"","meta":{"_acf_changed":false},"product_brand":[],"product_cat":[138],"product_tag":[],"class_list":{"0":"post-1805","1":"product","2":"type-product","3":"status-publish","4":"has-post-thumbnail","6":"product_cat-svetla","8":"first","9":"instock","10":"purchasable","11":"product-type-simple"},"acf":[],"_links":{"self":[{"href":"https:\/\/www.hugobike.cz\/es\/wp-json\/wp\/v2\/product\/1805","targetHints":{"allow":["GET"]}}],"collection":[{"href":"https:\/\/www.hugobike.cz\/es\/wp-json\/wp\/v2\/product"}],"about":[{"href":"https:\/\/www.hugobike.cz\/es\/wp-json\/wp\/v2\/types\/product"}],"replies":[{"embeddable":true,"href":"https:\/\/www.hugobike.cz\/es\/wp-json\/wp\/v2\/comments?post=1805"}],"wp:featuredmedia":[{"embeddable":true,"href":"https:\/\/www.hugobike.cz\/es\/wp-json\/wp\/v2\/media\/4679921"}],"wp:attachment":[{"href":"https:\/\/www.hugobike.cz\/es\/wp-json\/wp\/v2\/media?parent=1805"}],"wp:term":[{"taxonomy":"product_brand","embeddable":true,"href":"https:\/\/www.hugobike.cz\/es\/wp-json\/wp\/v2\/product_brand?post=1805"},{"taxonomy":"product_cat","embeddable":true,"href":"https:\/\/www.hugobike.cz\/es\/wp-json\/wp\/v2\/product_cat?post=1805"},{"taxonomy":"product_tag","embeddable":true,"href":"https:\/\/www.hugobike.cz\/es\/wp-json\/wp\/v2\/product_tag?post=1805"}],"curies":[{"name":"wp","href":"https:\/\/api.w.org\/{rel}","templated":true}]}}