{"id":1257,"date":"2026-04-25T05:50:02","date_gmt":"2026-04-25T03:50:02","guid":{"rendered":"https:\/\/www.hugobike.cz\/produkt\/plast-kenda-20-x-40\/"},"modified":"2026-04-25T05:50:27","modified_gmt":"2026-04-25T03:50:27","slug":"plastico-kenda-20-x-40","status":"publish","type":"product","link":"https:\/\/www.hugobike.cz\/es\/p\/plast-kenda-20-x-40\/","title":{"rendered":"Neum\u00e1ticos Kenda 20 x 4,0"},"content":{"rendered":"","protected":false},"excerpt":{"rendered":"<p>- neum\u00e1tico fatbike para rueda trasera de scooter Big one<br \/>\n- tama\u00f1o 20 x 4,0<br \/>\n- presi\u00f3n m\u00edn. y m\u00e1x. 0,4 - 2,1 bar (5-30 PSI)<br \/>\n- pie de alambre<br \/>\n+ EMBALAJE 450,- (cobrado 1 vez)<\/p>","protected":false},"featured_media":4616630,"comment_status":"closed","ping_status":"open","template":"","meta":{"_acf_changed":false},"product_brand":[],"product_cat":[151],"product_tag":[],"class_list":{"0":"post-1257","1":"product","2":"type-product","3":"status-publish","4":"has-post-thumbnail","6":"product_cat-plaste","8":"first","9":"instock","10":"purchasable","11":"product-type-simple"},"acf":[],"_links":{"self":[{"href":"https:\/\/www.hugobike.cz\/es\/wp-json\/wp\/v2\/product\/1257","targetHints":{"allow":["GET"]}}],"collection":[{"href":"https:\/\/www.hugobike.cz\/es\/wp-json\/wp\/v2\/product"}],"about":[{"href":"https:\/\/www.hugobike.cz\/es\/wp-json\/wp\/v2\/types\/product"}],"replies":[{"embeddable":true,"href":"https:\/\/www.hugobike.cz\/es\/wp-json\/wp\/v2\/comments?post=1257"}],"wp:featuredmedia":[{"embeddable":true,"href":"https:\/\/www.hugobike.cz\/es\/wp-json\/wp\/v2\/media\/4616630"}],"wp:attachment":[{"href":"https:\/\/www.hugobike.cz\/es\/wp-json\/wp\/v2\/media?parent=1257"}],"wp:term":[{"taxonomy":"product_brand","embeddable":true,"href":"https:\/\/www.hugobike.cz\/es\/wp-json\/wp\/v2\/product_brand?post=1257"},{"taxonomy":"product_cat","embeddable":true,"href":"https:\/\/www.hugobike.cz\/es\/wp-json\/wp\/v2\/product_cat?post=1257"},{"taxonomy":"product_tag","embeddable":true,"href":"https:\/\/www.hugobike.cz\/es\/wp-json\/wp\/v2\/product_tag?post=1257"}],"curies":[{"name":"wp","href":"https:\/\/api.w.org\/{rel}","templated":true}]}}