{"id":1243,"date":"2026-04-24T22:54:01","date_gmt":"2026-04-24T20:54:01","guid":{"rendered":"https:\/\/www.hugobike.cz\/produkt\/hustilka-beto-na-odpruzene-vidlice-al\/"},"modified":"2026-04-24T22:54:01","modified_gmt":"2026-04-24T20:54:01","slug":"beto-densificador-para-muelles-de-horquilla-al","status":"publish","type":"product","link":"https:\/\/www.hugobike.cz\/es\/p\/hustilka-beto-na-odpruzene-vidlice-al\/","title":{"rendered":"Inflador Beto para horquillas de suspensi\u00f3n Al"},"content":{"rendered":"","protected":false},"excerpt":{"rendered":"<p>Inflador para horquillas de suspensi\u00f3n<br \/>\n300 PSI<br \/>\nBot\u00f3n de reducci\u00f3n controlable de la presi\u00f3n<br \/>\nManguera giratoria para facilitar el bombeo<br \/>\nSistema para poner y quitar sin p\u00e9rdida de presi\u00f3n<br \/>\nLongitud: 260 mm<br \/>\nPeso: 185 g<br \/>\nMaterial.<\/p>","protected":false},"featured_media":4615716,"comment_status":"closed","ping_status":"open","template":"","meta":{"_acf_changed":false},"product_brand":[],"product_cat":[144],"product_tag":[],"class_list":{"0":"post-1243","1":"product","2":"type-product","3":"status-publish","4":"has-post-thumbnail","6":"product_cat-doplnky","8":"first","9":"instock","10":"purchasable","11":"product-type-simple"},"acf":[],"_links":{"self":[{"href":"https:\/\/www.hugobike.cz\/es\/wp-json\/wp\/v2\/product\/1243","targetHints":{"allow":["GET"]}}],"collection":[{"href":"https:\/\/www.hugobike.cz\/es\/wp-json\/wp\/v2\/product"}],"about":[{"href":"https:\/\/www.hugobike.cz\/es\/wp-json\/wp\/v2\/types\/product"}],"replies":[{"embeddable":true,"href":"https:\/\/www.hugobike.cz\/es\/wp-json\/wp\/v2\/comments?post=1243"}],"wp:featuredmedia":[{"embeddable":true,"href":"https:\/\/www.hugobike.cz\/es\/wp-json\/wp\/v2\/media\/4615716"}],"wp:attachment":[{"href":"https:\/\/www.hugobike.cz\/es\/wp-json\/wp\/v2\/media?parent=1243"}],"wp:term":[{"taxonomy":"product_brand","embeddable":true,"href":"https:\/\/www.hugobike.cz\/es\/wp-json\/wp\/v2\/product_brand?post=1243"},{"taxonomy":"product_cat","embeddable":true,"href":"https:\/\/www.hugobike.cz\/es\/wp-json\/wp\/v2\/product_cat?post=1243"},{"taxonomy":"product_tag","embeddable":true,"href":"https:\/\/www.hugobike.cz\/es\/wp-json\/wp\/v2\/product_tag?post=1243"}],"curies":[{"name":"wp","href":"https:\/\/api.w.org\/{rel}","templated":true}]}}