{"id":1103,"date":"2026-04-26T17:56:01","date_gmt":"2026-04-26T15:56:01","guid":{"rendered":"https:\/\/www.hugobike.cz\/produkt\/nabijecka-4a-48v\/"},"modified":"2026-04-26T17:56:27","modified_gmt":"2026-04-26T15:56:27","slug":"cargador-4a-48v","status":"publish","type":"product","link":"https:\/\/www.hugobike.cz\/es\/p\/nabijecka-4a-48v\/","title":{"rendered":"Cargador 4A \/ 48V"},"content":{"rendered":"","protected":false},"excerpt":{"rendered":"<p>Modelo: STC-8206LD<br \/>\nCorriente de carga: 4A<br \/>\nTensi\u00f3n de carga: 54,6 V<br \/>\nPotencia: 240 W<br \/>\nEficacia: 91%<br \/>\nConector de salida de CC est\u00e1ndar: XLR macho de 3 patillas<br \/>\nDimensiones: 195x80x47mm<br \/>\nPeso: 875 g<br \/>\nTensi\u00f3n de entrada CA: 100-240Vac<br \/>\nTemperatura de funcionamiento: &lt; 40\u00b0C\nCE: s\u00ed\nRoHS: s\u00ed\nContenido del paquete: cargador, cable de alimentaci\u00f3n, manual CZ\n\nCaracter\u00edsticas:\nProtecci\u00f3n contra cortocircuitos\nProtecci\u00f3n contra sobrecarga\nProtecci\u00f3n contra polaridad inversa de salida\n1x indicador LED\nRefrigeraci\u00f3n pasiva silenciosa\nPaso autom\u00e1tico del estado de carga al de mantenimiento cuando la bater\u00eda est\u00e1 cargada\n<\/p>","protected":false},"featured_media":4622526,"comment_status":"closed","ping_status":"open","template":"","meta":{"_acf_changed":false},"product_brand":[],"product_cat":[150],"product_tag":[],"class_list":{"0":"post-1103","1":"product","2":"type-product","3":"status-publish","4":"has-post-thumbnail","6":"product_cat-nabijecky","8":"first","9":"instock","10":"purchasable","11":"product-type-simple"},"acf":[],"_links":{"self":[{"href":"https:\/\/www.hugobike.cz\/es\/wp-json\/wp\/v2\/product\/1103","targetHints":{"allow":["GET"]}}],"collection":[{"href":"https:\/\/www.hugobike.cz\/es\/wp-json\/wp\/v2\/product"}],"about":[{"href":"https:\/\/www.hugobike.cz\/es\/wp-json\/wp\/v2\/types\/product"}],"replies":[{"embeddable":true,"href":"https:\/\/www.hugobike.cz\/es\/wp-json\/wp\/v2\/comments?post=1103"}],"wp:featuredmedia":[{"embeddable":true,"href":"https:\/\/www.hugobike.cz\/es\/wp-json\/wp\/v2\/media\/4622526"}],"wp:attachment":[{"href":"https:\/\/www.hugobike.cz\/es\/wp-json\/wp\/v2\/media?parent=1103"}],"wp:term":[{"taxonomy":"product_brand","embeddable":true,"href":"https:\/\/www.hugobike.cz\/es\/wp-json\/wp\/v2\/product_brand?post=1103"},{"taxonomy":"product_cat","embeddable":true,"href":"https:\/\/www.hugobike.cz\/es\/wp-json\/wp\/v2\/product_cat?post=1103"},{"taxonomy":"product_tag","embeddable":true,"href":"https:\/\/www.hugobike.cz\/es\/wp-json\/wp\/v2\/product_tag?post=1103"}],"curies":[{"name":"wp","href":"https:\/\/api.w.org\/{rel}","templated":true}]}}