{"id":1074,"date":"2026-04-24T22:52:01","date_gmt":"2026-04-24T20:52:01","guid":{"rendered":"https:\/\/www.hugobike.cz\/produkt\/duse-mitas-26-x-175-245-auto-ventilek-av40\/"},"modified":"2026-04-24T22:52:03","modified_gmt":"2026-04-24T20:52:03","slug":"duse-mitas-26-x-175-245-auto-valve-av40","status":"publish","type":"product","link":"https:\/\/www.hugobike.cz\/es\/p\/duse-mitas-26-x-175-245-auto-ventilek-av40\/","title":{"rendered":"C\u00e1mara de aire MITAS 26 x 1,75-2,45, v\u00e1lvula autom\u00e1tica AV40"},"content":{"rendered":"","protected":false},"excerpt":{"rendered":"<p>Dimensiones: 26 x 1,75-2,45, (ETRTO 47\/62-559)<br \/>\nautov\u00e1lvula - AV40 mm (no sustituible)<br \/>\npeso: 170 g<br \/>\nembalado en una caja<\/p>","protected":false},"featured_media":4615677,"comment_status":"closed","ping_status":"open","template":"","meta":{"_acf_changed":false},"product_brand":[],"product_cat":[147],"product_tag":[],"class_list":{"0":"post-1074","1":"product","2":"type-product","3":"status-publish","4":"has-post-thumbnail","6":"product_cat-duse","8":"first","9":"instock","10":"purchasable","11":"product-type-simple"},"acf":[],"_links":{"self":[{"href":"https:\/\/www.hugobike.cz\/es\/wp-json\/wp\/v2\/product\/1074","targetHints":{"allow":["GET"]}}],"collection":[{"href":"https:\/\/www.hugobike.cz\/es\/wp-json\/wp\/v2\/product"}],"about":[{"href":"https:\/\/www.hugobike.cz\/es\/wp-json\/wp\/v2\/types\/product"}],"replies":[{"embeddable":true,"href":"https:\/\/www.hugobike.cz\/es\/wp-json\/wp\/v2\/comments?post=1074"}],"wp:featuredmedia":[{"embeddable":true,"href":"https:\/\/www.hugobike.cz\/es\/wp-json\/wp\/v2\/media\/4615677"}],"wp:attachment":[{"href":"https:\/\/www.hugobike.cz\/es\/wp-json\/wp\/v2\/media?parent=1074"}],"wp:term":[{"taxonomy":"product_brand","embeddable":true,"href":"https:\/\/www.hugobike.cz\/es\/wp-json\/wp\/v2\/product_brand?post=1074"},{"taxonomy":"product_cat","embeddable":true,"href":"https:\/\/www.hugobike.cz\/es\/wp-json\/wp\/v2\/product_cat?post=1074"},{"taxonomy":"product_tag","embeddable":true,"href":"https:\/\/www.hugobike.cz\/es\/wp-json\/wp\/v2\/product_tag?post=1074"}],"curies":[{"name":"wp","href":"https:\/\/api.w.org\/{rel}","templated":true}]}}