{"id":1050026,"date":"2026-04-24T22:56:29","date_gmt":"2026-04-24T20:56:29","guid":{"rendered":"https:\/\/www.hugobike.cz\/p\/formula-nero-c-200mm\/"},"modified":"2026-04-24T22:56:30","modified_gmt":"2026-04-24T20:56:30","slug":"formula-nero-c-200mm","status":"publish","type":"product","link":"https:\/\/www.hugobike.cz\/es\/p\/formula-nero-c-200mm\/","title":{"rendered":"F\u00f3rmula NERO C 200mm"},"content":{"rendered":"","protected":false},"excerpt":{"rendered":"<p>Di\u00e1metro de la rueda - 29\u2033.<br \/>\n- Eje - QR 20*110mm<br \/>\n- Cuello - C\u00f3nico 1 1\/8\u2033( opci\u00f3n 1 1\/8\u2033 - 1 1\/5\u2033 )<br \/>\n- Carrera - 200 mm<br \/>\n- Uso - DH<br \/>\n- Di\u00e1metro de la vela - 35 mm<br \/>\n- Material de la vela - Alu 7075<br \/>\n- Material del parapente - Alu<br \/>\n- Corona - Alu forjado hueco<br \/>\n- Peso -2850g<br \/>\n- Control de compresi\u00f3n: Alto - 20 posiciones \/ Bajo - 12 posiciones<br \/>\n- Control de rebote - 21 posiciones<br \/>\n- Regulaci\u00f3n mec\u00e1nica de la dureza de los muelles<br \/>\nPatr\u00f3n sin cita previa<br \/>\nDureza del muelle - media (posibilidad de m\u00e1s blando, m\u00e1s duro) - Tama\u00f1o m\u00e1ximo del disco - 203 mm<br \/>\n- Desplazamiento de la horquilla - 56mm<br \/>\n- parte del paquete - Bomba de amortiguador DH L\u00edquido lubricante lateral mec\u00e1nico ( FX 250ml ) L\u00edquido lubricante de cartucho hidr\u00e1ulico ( aceite OJ 250ml ) Tuerca de estrella Tubos de horquilla 1\"1\/8 M6 Herramienta de tap\u00f3n lateral neum\u00e1tico 1 x adhesivo de horquilla<\/p>","protected":false},"featured_media":4615776,"comment_status":"closed","ping_status":"open","template":"","meta":{"_acf_changed":false},"product_brand":[],"product_cat":[148],"product_tag":[],"class_list":{"0":"post-1050026","1":"product","2":"type-product","3":"status-publish","4":"has-post-thumbnail","6":"product_cat-vidlice-tlumice","8":"first","9":"onbackorder","10":"purchasable","11":"product-type-simple"},"acf":[],"_links":{"self":[{"href":"https:\/\/www.hugobike.cz\/es\/wp-json\/wp\/v2\/product\/1050026","targetHints":{"allow":["GET"]}}],"collection":[{"href":"https:\/\/www.hugobike.cz\/es\/wp-json\/wp\/v2\/product"}],"about":[{"href":"https:\/\/www.hugobike.cz\/es\/wp-json\/wp\/v2\/types\/product"}],"replies":[{"embeddable":true,"href":"https:\/\/www.hugobike.cz\/es\/wp-json\/wp\/v2\/comments?post=1050026"}],"wp:featuredmedia":[{"embeddable":true,"href":"https:\/\/www.hugobike.cz\/es\/wp-json\/wp\/v2\/media\/4615776"}],"wp:attachment":[{"href":"https:\/\/www.hugobike.cz\/es\/wp-json\/wp\/v2\/media?parent=1050026"}],"wp:term":[{"taxonomy":"product_brand","embeddable":true,"href":"https:\/\/www.hugobike.cz\/es\/wp-json\/wp\/v2\/product_brand?post=1050026"},{"taxonomy":"product_cat","embeddable":true,"href":"https:\/\/www.hugobike.cz\/es\/wp-json\/wp\/v2\/product_cat?post=1050026"},{"taxonomy":"product_tag","embeddable":true,"href":"https:\/\/www.hugobike.cz\/es\/wp-json\/wp\/v2\/product_tag?post=1050026"}],"curies":[{"name":"wp","href":"https:\/\/api.w.org\/{rel}","templated":true}]}}