{"id":997,"date":"2023-10-27T19:16:52","date_gmt":"2023-10-27T17:16:52","guid":{"rendered":"https:\/\/www.hugobike.cz\/?page_id=997"},"modified":"2023-10-27T19:17:58","modified_gmt":"2023-10-27T17:17:58","slug":"impressum","status":"publish","type":"page","link":"https:\/\/www.hugobike.cz\/es\/impressum\/","title":{"rendered":"Impresionante"},"content":{"rendered":"<p><strong>Informaci\u00f3n conforme al art\u00edculo 5 de la TMG:<\/strong><\/p>\n\n\n\n<p>HUGO Bike s.r.o.<br>Po\u0159\u00ed\u010dsk\u00e1 282<br>CZ - 373 82 Bor\u0161ov nad Vltavou<\/p>\n\n\n\n<p><strong>Representado por:<\/strong><strong>&nbsp;<\/strong><br>Josef Bigas, Director General<\/p>\n\n\n\n<p><strong>Contacto:<\/strong><br>Tel\u00e9fono: +42 (0) 773750755<br>Correo electr\u00f3nico: info@hugobike.cz<\/p>\n\n\n\n<p><strong>La empresa est\u00e1 registrada:<\/strong><br>Inscripci\u00f3n en el Registro Mercantil<br>Tribunal de registro: Tribunal Regional de \u010cesk\u00e9 Bud\u011bjovice<br>N\u00famero de registro: C 20398<\/p>\n\n\n\n<p><strong>N\u00famero de identificaci\u00f3n fiscal:<\/strong><strong><br><\/strong>N\u00famero de identificaci\u00f3n fiscal para el impuesto sobre las ventas con arreglo al art\u00edculo 27a de la Ley del Impuesto sobre las Ventas:<br>CZ28146603<\/p>\n\n\n\n<p><strong>Responsabilidad por el contenido seg\u00fan \u00a7 55 (2) RStV:<\/strong><strong><br><\/strong>Josef Bigas<br>HUGO Bike s.r.o.<br>Po\u0159\u00ed\u010dsk\u00e1 282,&nbsp;<br>CZ - 373 82 Bor\u0161ov nad Vltavou<\/p>\n\n\n\n<p>Si tiene alguna pregunta o comentario sobre este sitio o nuestros servicios, no dude en ponerse en contacto con nosotros a trav\u00e9s de los datos de contacto facilitados.<\/p>\n\n\n\n<p>(El contenido de esta p\u00e1gina es meramente informativo y no constituye un documento legal. HUGO Bike s.r.o. se reserva el derecho de modificar la informaci\u00f3n sin previo aviso).<\/p>\n\n\n\n<p>\u00daltima actualizaci\u00f3n: 26 de octubre de 2023<\/p>","protected":false},"excerpt":{"rendered":"<p>&nbsp;<\/p>","protected":false},"author":1,"featured_media":0,"parent":0,"menu_order":0,"comment_status":"closed","ping_status":"closed","template":"","meta":{"_acf_changed":false,"footnotes":""},"class_list":["post-997","page","type-page","status-publish","hentry"],"acf":[],"_links":{"self":[{"href":"https:\/\/www.hugobike.cz\/es\/wp-json\/wp\/v2\/pages\/997","targetHints":{"allow":["GET"]}}],"collection":[{"href":"https:\/\/www.hugobike.cz\/es\/wp-json\/wp\/v2\/pages"}],"about":[{"href":"https:\/\/www.hugobike.cz\/es\/wp-json\/wp\/v2\/types\/page"}],"author":[{"embeddable":true,"href":"https:\/\/www.hugobike.cz\/es\/wp-json\/wp\/v2\/users\/1"}],"replies":[{"embeddable":true,"href":"https:\/\/www.hugobike.cz\/es\/wp-json\/wp\/v2\/comments?post=997"}],"version-history":[{"count":0,"href":"https:\/\/www.hugobike.cz\/es\/wp-json\/wp\/v2\/pages\/997\/revisions"}],"wp:attachment":[{"href":"https:\/\/www.hugobike.cz\/es\/wp-json\/wp\/v2\/media?parent=997"}],"curies":[{"name":"wp","href":"https:\/\/api.w.org\/{rel}","templated":true}]}}