{"id":35,"date":"2022-07-06T21:47:08","date_gmt":"2022-07-06T19:47:08","guid":{"rendered":"https:\/\/www.hugobike.cz\/?page_id=35"},"modified":"2022-10-25T13:09:30","modified_gmt":"2022-10-25T11:09:30","slug":"relaciones-de-intercambio","status":"publish","type":"page","link":"https:\/\/www.hugobike.cz\/es\/obchodni-podminky\/","title":{"rendered":"Condiciones generales"},"content":{"rendered":"<p>Condiciones generales de HUGO Bike s.r.o.<br>I.<br>disposiciones generales<\/p>\n\n\n\n<ol class=\"wp-block-list\"><li>Las presentes condiciones generales (en lo sucesivo \"Condiciones Generales\") de la Sociedad<br>HUGO Bike s.r.o., domicilio social Po\u0159\u00ed\u010dsk\u00e1 282, Bor\u0161ov nad Vltavou, n\u00famero de identificaci\u00f3n.<br>28146603, inscrita en el Registro Mercantil del Tribunal Regional de \u010cesk\u00e9<br>Bud\u011bjovice, secci\u00f3n C, inserto 20398 (en lo sucesivo, el \"Vendedor\") ) regulan la mutua<br>los derechos y obligaciones de las partes que surjan en relaci\u00f3n con la compra o en virtud de la misma<br>contratos (en lo sucesivo, el \"Contrato de compra\") celebrados entre el Vendedor y otra persona<br>(en lo sucesivo, el \"Comprador\")<\/li><li>Las ofertas sin plazo de validez limitado ser\u00e1n vinculantes durante 30 d\u00edas.<br>a partir de la fecha especificada en la oferta.<\/li><li>Todos los contratos celebrados y las declaraciones materiales realizadas est\u00e1n sujetos a la validez de<br>participantes sea por escrito. Cualquier reserva del comprador que sea contraria a<br>por las presentes CGV s\u00f3lo ser\u00e1n v\u00e1lidas si se aceptan expresamente por escrito<br>el vendedor.<\/li><li>En el contrato de compraventa pueden acordarse disposiciones que se aparten de las condiciones.<br>Las disposiciones divergentes del contrato de venta prevalecen sobre las disposiciones del contrato comercial.<br>condiciones.<\/li><li>Las disposiciones de las condiciones generales forman parte integrante del contrato de compra. Compra<br>el contrato puede celebrarse en checo o en ingl\u00e9s.<\/li><li>El Vendedor podr\u00e1 modificar o completar la redacci\u00f3n de las Condiciones Generales. Por la presente<br>Esta disposici\u00f3n se entender\u00e1 sin perjuicio de los derechos y obligaciones que surjan durante el per\u00edodo de vigencia de<br>la versi\u00f3n anterior de las Condiciones Generales.<br>II.<br>m\u00e9todo de pedido<\/li><li>El pedido debe hacerse siempre por escrito en papel o a trav\u00e9s de<br>contacto electr\u00f3nico marcado del vendedor en una situaci\u00f3n en la que el pedido<br>ha sido entregado al Vendedor de forma concluyente. El contrato de venta nacer\u00e1<br>mediante el env\u00edo del pedido por parte del comprador tras seleccionar la forma de transporte y de pago y aceptar<br>ordena HUGO Bike s.r.o. , por cualquier error en la transmisi\u00f3n de datos HUGO Bike s.r.o.<br>no es responsable. HUGO Bike s.r.o. confirmar\u00e1 inmediatamente la celebraci\u00f3n del contrato<br>al comprador mediante un correo electr\u00f3nico informativo a la direcci\u00f3n de correo electr\u00f3nico especificada por el comprador. El contrato puede modificarse<br>o cancelar s\u00f3lo por acuerdo de las partes o por motivos legales.<br>El contrato se celebra en lengua checa. Si surge por necesidad del comprador<br>traducci\u00f3n del texto del contrato, en caso de litigio sobre la interpretaci\u00f3n de los t\u00e9rminos, la interpretaci\u00f3n de<br>contratos en lengua checa.<br>P\u00e1gina 1 de 6<\/li><li>Por el contrato de compra HUGO Bike s.r.o. se compromete a entregar al comprador el art\u00edculo que<br>es objeto de la compra, y le permitir\u00e1 adquirir la titularidad de la misma, y el comprador deber\u00e1<br>se compromete a hacerse cargo del art\u00edculo y a pagar a HUGO Bike s.r.o. el precio de compra.<\/li><li>HUGO Bike s.r.o. se reserva la propiedad del art\u00edculo y por lo tanto el comprador se convierte en<br>por el propietario \u00fanicamente mediante el pago \u00edntegro del precio de compra.<\/li><li>HUGO Bike s.r.o. entregar\u00e1 el art\u00edculo al comprador, as\u00ed como los documentos relacionados con el art\u00edculo<br>y permitir que el comprador adquiera la titularidad de la propiedad de acuerdo con el<br>por contrato.<\/li><li>Si HUGO Bike s.r.o. tiene que enviar el art\u00edculo, entregar\u00e1 el art\u00edculo al comprador (empresario).<br>la entrega al transportista para el transporte por cuenta del comprador y la posibilidad de que \u00e9ste ejerza los derechos que le correspondan en virtud del<br>contrato de transporte contra el transportista, el objeto de la compra se entrega al comprador -<br>al consumidor tan pronto como el transportista le entregue el art\u00edculo.<\/li><li>HUGO Bike s.r.o. entregar\u00e1 al Comprador el objeto de compra en la cantidad acordada,<br>calidad y rendimiento.<\/li><li>Si no se acuerda c\u00f3mo se debe embalar el art\u00edculo, HUGO Bike s.r.o. embalar\u00e1 el art\u00edculo seg\u00fan<br>costumbres; si no, de la manera necesaria para la conservaci\u00f3n y protecci\u00f3n de la cosa.<br>HUGO Bike s.r.o. proporcionar\u00e1 el art\u00edculo para el transporte de la misma manera.<\/li><li>El comprador est\u00e1 obligado a inspeccionar el art\u00edculo sin demora indebida tras<br>el paso del riesgo de da\u00f1os a los bienes y comprueba sus caracter\u00edsticas y cantidad.<\/li><li>El riesgo de da\u00f1os pasa al comprador en el momento de la aceptaci\u00f3n del art\u00edculo. La misma consecuencia tiene,<br>si el comprador no toma posesi\u00f3n del art\u00edculo, aunque HUGO Bike s.r.o. le haya permitido disponer de \u00e9l.<br>10.Los da\u00f1os a la propiedad, que se producen despu\u00e9s de que el riesgo de da\u00f1o a la propiedad ha pasado al comprador, no<br>afectar\u00e1 a su obligaci\u00f3n de pagar el precio de compra, a menos que HUGO Bike s.r.o.<br>causada por un incumplimiento del deber.<br>11.Tras el acuerdo de la parte de aceptar el art\u00edculo, la otra parte tendr\u00e1 derecho al art\u00edculo tras previa<br>notificaci\u00f3n en nombre del vendedor de forma adecuada para vender despu\u00e9s de<br>concedi\u00f3 a la parte morosa un plazo adicional razonable para tomar posesi\u00f3n. Esto se aplica incluso entonces,<br>si la parte se encuentra en situaci\u00f3n de impago, que est\u00e1 condicionado a la entrega del art\u00edculo.<br>III.<br>requisitos de pedido<\/li><li>La orden tambi\u00e9n debe contener lo siguiente<br>a) nombre y apellidos del comprador, direcci\u00f3n, conexi\u00f3n bancaria<br>(b) raz\u00f3n social, direcci\u00f3n, n\u00famero de registro, n\u00famero de identificaci\u00f3n fiscal, cuenta bancaria y persona de contacto<br>del comprador, datos de inscripci\u00f3n en el registro mercantil o de otro tipo;<br>c) tel\u00e9fono, fax, comunicaci\u00f3n electr\u00f3nica;<br>(d) la fecha y el lugar solicitados para la entrega de las mercanc\u00edas<br>(e) la especificaci\u00f3n exacta de las mercanc\u00edas:<\/li><li>Junto con la mercanc\u00eda, el comprador recibir\u00e1: manual de funcionamiento y uso del producto<br>P\u00e1gina 2 de 6<br>IV.<br>precio y condiciones de pago<br>1.El precio de los bienes y cualquier coste asociado a la entrega de los bienes en virtud del contrato de compraventa podr\u00e1n ser abonados por el comprador<br>pagar al vendedor<br>o mediante transferencia bancaria a la cuenta del vendedor n\u00ba 2700406262 \/ 2010, mantenida por<br>en Fio banka a.s. (en lo sucesivo, la \"cuenta del Vendedor\");<br>o mediante un pr\u00e9stamo concedido por un tercero.<\/li><li>Junto con el precio de compra, el comprador tambi\u00e9n est\u00e1 obligado a pagar al vendedor los costes asociados a<br>con el embalaje y la entrega de la mercanc\u00eda por el importe acordado. Salvo que se indique expresamente lo contrario, se entender\u00e1 por<br>el precio de compra y los costes asociados a la entrega de los bienes.<\/li><li>El vendedor no exige un dep\u00f3sito al comprador y los documentos fiscales por adelantado - las facturas no son<br>expuesta. No obstante, el Vendedor exige el pago del precio de compra \u00edntegro antes del env\u00edo de la mercanc\u00eda<br>al comprador. En el caso de bienes modificados seg\u00fan los deseos del comprador, la modificaci\u00f3n se iniciar\u00e1<br>s\u00f3lo tras el pago del precio de compra \u00edntegro. El plazo de entrega comienza en la fecha de pago del precio de compra \u00edntegro.<br>No se aplicar\u00e1 el apartado 1 del art\u00edculo 2119 del C\u00f3digo Civil.<\/li><li>El precio de compra es pagadero en un plazo de 14 d\u00edas a partir de la celebraci\u00f3n del contrato de compra. En caso de pago no en efectivo, el<br>el comprador est\u00e1 obligado a pagar el precio de compra de la mercanc\u00eda junto con la variable s\u00edmbolo del pago.<br>En caso de pago no en efectivo, la obligaci\u00f3n del comprador de pagar el precio de compra se cumple en el momento de<br>abonando el importe correspondiente en la cuenta del vendedor.<br>5.Los descuentos sobre el precio de la mercanc\u00eda proporcionados por el Vendedor al Comprador no son acumulables entre s\u00ed.<\/li><li>Si es habitual en el curso de los negocios o si est\u00e1 previsto por normas jur\u00eddicas generalmente vinculantes.<br>reglamento, el vendedor expedir\u00e1 al comprador en concepto de pagos efectuados en virtud del contrato de venta<br>documento fiscal - factura. El vendedor es sujeto pasivo del impuesto sobre el valor a\u00f1adido. Documento fiscal - factura<br>el vendedor emitir\u00e1 una factura al comprador tras el pago del precio de la mercanc\u00eda con la fecha de emisi\u00f3n en<br>pago del precio de compra de la mercanc\u00eda y lo env\u00eda en formato electr\u00f3nico a la direcci\u00f3n electr\u00f3nica del comprador.<br>El documento fiscal - factura tambi\u00e9n est\u00e1 disponible para el comprador en su cuenta de usuario.<br>V.<br>transporte y entrega de mercanc\u00edas<\/li><li>Si el modo de transporte se acuerda sobre la base de una solicitud especial<br>comprador, \u00e9ste asume el riesgo y cualquier coste adicional asociado a esta<br>modo de transporte.<\/li><li>Si el vendedor est\u00e1 obligado en virtud del contrato de compraventa a entregar la mercanc\u00eda en el lugar especificado<br>por el comprador en el pedido, el comprador est\u00e1 obligado a aceptar la mercanc\u00eda en el momento de la entrega.<\/li><li>En caso de que por razones del comprador sea necesario entregar la mercanc\u00eda repetidamente<br>o de forma distinta a la especificada en el pedido, el comprador estar\u00e1 obligado a pagar<br>los costes asociados a la entrega repetida de los bienes, o los costes asociados a otras<br>m\u00e9todo de entrega.<\/li><li>Al recibir la mercanc\u00eda del transportista, el comprador est\u00e1 obligado a comprobar la integridad del embalaje<br>la mercanc\u00eda y, en caso de cualquier defecto, notif\u00edquelo inmediatamente al transportista. En caso de<br>que una rotura del embalaje sea indicio de manipulaci\u00f3n no puede<br>que el comprador acepte el env\u00edo del transportista.<\/li><li>Otros derechos y obligaciones de las partes en el transporte de mercanc\u00edas pueden regirse por la entrega especial<br>las condiciones del vendedor, si \u00e9ste las ha emitido.<br>P\u00e1gina 3 de 6<br>VI.<br>rescisi\u00f3n del contrato de compraventa<\/li><li>El Comprador reconoce que, de conformidad con lo dispuesto en el art\u00edculo 1837 del C\u00f3digo Civil, no es posible<br>entre otras cosas, a rescindir un contrato de suministro de bienes que se hayan ajustado de acuerdo con<br>los deseos del comprador o para su persona y del contrato de suministro de bienes en<br>un envase precintado que el consumidor ha sacado del envase. El comprador reconoce adem\u00e1s,<br>que todas las mercanc\u00edas del vendedor de la categor\u00eda de scooters, excluidas las piezas usadas<br>claramente marcados como tales (con las palabras \"bazar\" o \"sala de exposici\u00f3n\") son mercanc\u00edas,<br>que se ajusta en funci\u00f3n de los deseos del comprador.<\/li><li>Salvo en el caso contemplado en el p\u00e1rrafo anterior o en cualquier otro en que no sea posible<br>del contrato de compraventa, el comprador deber\u00e1, de conformidad con lo dispuesto en el \u00a7 1829 p\u00e1rr.<br>el C\u00f3digo Civil el derecho a rescindir el contrato de compra en un plazo de catorce (14) d\u00edas<br>desde la recepci\u00f3n de la mercanc\u00eda, cuando el objeto del contrato de compraventa sean varios<br>tipos de mercanc\u00edas o la entrega de varias piezas, este plazo empezar\u00e1 a contar a partir de la fecha de recepci\u00f3n de la \u00faltima<br>entrega de la mercanc\u00eda. El desistimiento del contrato de compra deber\u00e1 enviarse al vendedor en<br>el plazo mencionado en la frase anterior. El comprador podr\u00e1 rescindir el contrato de compraventa<br>enviarlo, entre otras, a la direcci\u00f3n comercial del vendedor o a la direcci\u00f3n electr\u00f3nica<br>Correo del vendedor info@hugobike.cz.<\/li><li>En caso de desistimiento del contrato de compraventa conforme al p\u00e1rrafo anterior, el contrato de compraventa<br>desde el principio. La mercanc\u00eda debe devolverse al vendedor en un plazo de catorce (14) d\u00edas a partir de<br>desistimiento del contrato al vendedor. Si el comprador desiste del contrato de compraventa, correr\u00e1 a su cargo<br>al comprador los gastos de devoluci\u00f3n de la mercanc\u00eda al vendedor, aunque,<br>cuando la mercanc\u00eda no pueda devolverse por los medios postales normales debido a su naturaleza.<br>En caso de desistimiento del contrato conforme al p\u00e1rrafo anterior, el vendedor deber\u00e1 devolver<br>los fondos recibidos del comprador sin demora indebida, a m\u00e1s tardar el<br>catorce (14) d\u00edas despu\u00e9s de que el comprador haya desistido del contrato de compraventa, por el mismo<br>en la forma en que el vendedor los ha aceptado del comprador. El vendedor tambi\u00e9n<br>derecho a devolver el rendimiento proporcionado por el comprador ya cuando las mercanc\u00edas son devueltas por el comprador o<br>de cualquier otra forma, siempre que el comprador est\u00e9 de acuerdo con ello y no incurra en<br>otros gastos. Si el comprador desiste del contrato de compra, el vendedor no est\u00e1 obligado a<br>devolver al comprador los fondos recibidos antes de que \u00e9ste le devuelva la mercanc\u00eda<br>o demuestre que ha enviado la mercanc\u00eda al vendedor.<\/li><li>El Vendedor tiene derecho a reclamar unilateralmente una indemnizaci\u00f3n por da\u00f1os en la mercanc\u00eda<br>se compensar\u00e1 con la reclamaci\u00f3n del comprador de la devoluci\u00f3n del precio de compra. El comprador es responsable<br>al vendedor \u00fanicamente por la disminuci\u00f3n de valor de la mercanc\u00eda resultante de la manipulaci\u00f3n<br>las mercanc\u00edas se manipulen de forma distinta a la necesaria habida cuenta de su naturaleza y<br>Caracter\u00edsticas.<\/li><li>Hasta el momento de la aceptaci\u00f3n de las mercanc\u00edas por el comprador, el vendedor tiene derecho en cualquier momento desde la compra<br>desistir del contrato. En este caso, el vendedor reembolsar\u00e1 el precio de compra al comprador sin<br>sin demora indebida, en efectivo a la cuenta designada por el comprador.<br>VII.<br>otras condiciones de entrega<\/li><li>El Vendedor tiene derecho a retener la entrega de la mercanc\u00eda si el Comprador incurre en mora<br>con el pago del precio de compra o parte del mismo, o si el comprador no ha cumplido todos los<br>sus obligaciones cuyo cumplimiento se haya acordado antes de la expedici\u00f3n o.<br>entrega de la mercanc\u00eda.<\/li><li>En caso de que el Vendedor incurra en mora en la entrega de la mercanc\u00eda debido a<br>exclusivamente por parte del vendedor, el comprador est\u00e1 obligado a proporcionar a los vendedores<br>un plazo adicional razonable para cumplir la obligaci\u00f3n.<br>P\u00e1gina 4 de 6<\/li><li>La entrega de la mercanc\u00eda debe ser aceptada por el comprador. El comprador est\u00e1 obligado a comprobar<br>el embalaje y el contenido de la entrega sin demora indebida tras la entrega y la aceptaci\u00f3n de la entrega<br>la mercanc\u00eda e informar inmediatamente por escrito al vendedor de cualquier defecto<br>entrega (incluida la entrega incompleta). En caso de que el comprador no env\u00ede en el plazo de 5<br>d\u00edas h\u00e1biles de preaviso por escrito de otros defectos y vicios en la entrega de la mercanc\u00eda,<br>la entrega de las mercanc\u00edas se considerar\u00e1 debidamente aprobada y aceptada por el Comprador sin<br>defectos evidentes. Las partes declaran que el incumplimiento de esta obligaci\u00f3n dar\u00e1 lugar a<br>exclusi\u00f3n de la responsabilidad del vendedor por los bienes entregados.<\/li><li>Si la mercanc\u00eda resulta da\u00f1ada durante el transporte, el defecto deber\u00e1 ser subsanado inmediatamente.<br>denunciado y reclamado.<\/li><li>Se admiten entregas parciales. La entrega parcial ser\u00e1 decidida por el Vendedor si<br>las partes no acuerdan otra cosa.<\/li><li>En caso de retraso por parte del Comprador en la recepci\u00f3n de la mercanc\u00eda o en caso de incumplimiento de<br>cualquier obligaci\u00f3n de cooperaci\u00f3n por parte del comprador, el vendedor tiene derecho a<br>reclamar una indemnizaci\u00f3n por da\u00f1os y perjuicios, incluidos los gastos m\u00faltiples. En este<br>el riesgo de deterioro de la mercanc\u00eda se transmite al comprador en el momento de<br>en la que el comprador se demora en la recepci\u00f3n de la mercanc\u00eda. Lo mismo se aplica a la situaci\u00f3n,<br>cuando el env\u00edo de la entrega de los bienes se retrase a petici\u00f3n del comprador o por motivo de,<br>en el que no puede influir el vendedor. El riesgo de da\u00f1os pasa primero al comprador<br>el d\u00eda siguiente a la fecha de entrega original acordada.<\/li><li>Fallos operativos, retrasos en los plazos de entrega o interrupciones de los subcontratistas,<br>cortes de electricidad, interrupciones del tr\u00e1fico cuando tales acontecimientos no puedan preverse, tales como<br>por ejemplo, huelgas, cierres patronales, procedimientos oficiales y casos de fuerza mayor privan durante un periodo de<br>la duraci\u00f3n del impedimento y, dentro de su \u00e1mbito, la responsabilidad de la parte afectada.<br>VIII.<br>exclusiones de la garant\u00eda<\/li><li>Los derechos del comprador por defectos o garant\u00edas cesar\u00e1n si<br>a) el comprador o un tercero repare los defectos o modifique la entrega<br>por separado sin el consentimiento previo por escrito del Vendedor;<br>b) el comprador -en caso de defecto- no realiza las oportunas<br>medidas para minimizar los da\u00f1os y no da al vendedor la oportunidad de desertar<br>Quita;<\/li><li>Tambi\u00e9n quedan excluidos de la garant\u00eda del vendedor los defectos que no se pueda demostrar que han<br>origen de un material deficiente, una mano de obra deficiente o un dise\u00f1o defectuoso,<br>por ejemplo, defectos derivados de un uso normal, de un mantenimiento inadecuado, de la inobservancia de<br>las instrucciones de mantenimiento, el incumplimiento de las condiciones b\u00e1sicas notificadas por escrito<br>el vendedor.<\/li><li>Si resulta que la mercanc\u00eda entregada no tiene defectos que el vendedor estar\u00eda obligado a<br>retirar gratuitamente, el vendedor tiene derecho a cobrar al comprador los gastos que<br>...va a incurrir.<br>IX.<br>limitaci\u00f3n de responsabilidad<\/li><li>Todas las reclamaciones de indemnizaci\u00f3n (incluidos los da\u00f1os indirectos como<br>interrupci\u00f3n de las ventas, lucro cesante y cualquier otra p\u00e9rdida financiera), reducci\u00f3n o descuento<br>del precio de compra, rescisi\u00f3n del contrato, etc., que no se mencionen expresamente en las presentes CGC,<br>est\u00e1n excluidos.<br>P\u00e1gina 5 de 6<\/li><li>En particular, el comprador no tiene derecho a reclamar da\u00f1os tales como la fabricaci\u00f3n<br>p\u00e9rdida, p\u00e9rdida de utilidad, p\u00e9rdida de contratos, p\u00e9rdida de beneficios y otras p\u00e9rdidas indirectas y consecuentes o<br>p\u00e9rdidas econ\u00f3micas.<br>X.<br>disposiciones finales<\/li><li>Si la relaci\u00f3n establecida por el contrato de compraventa contiene un elemento internacional (extranjero),<br>las partes acuerdan que la relaci\u00f3n se regir\u00e1 por la legislaci\u00f3n checa. Esto se entiende sin perjuicio de<br>derechos de los consumidores en virtud de una legislaci\u00f3n generalmente vinculante.<\/li><li>Si alguna disposici\u00f3n de las Condiciones Generales fuera inv\u00e1lida o ineficaz, o el<br>tal caso, las disposiciones inv\u00e1lidas se sustituyen por una disposici\u00f3n cuyo significado<br>sea lo m\u00e1s parecida posible a la disposici\u00f3n inv\u00e1lida. Nulidad o ineficacia<br>una disposici\u00f3n no afectar\u00e1 a la validez de las dem\u00e1s. Modificaciones y complementos<br>El contrato de compra o las condiciones de venta requieren una forma escrita.<\/li><li>El contrato de compraventa, incluidas las condiciones generales, es archivado por el vendedor<br>en formato electr\u00f3nico y no es accesible para el comprador.<br>En Bor\u0161ov nad Vltavou el 2 enero 2017<\/li><\/ol>","protected":false},"excerpt":{"rendered":"<p>V\u0161eobecn\u00e9 obchodn\u00ed podm\u00ednky HUGO Bike s.r.o.I.obecn\u00e1 ustanoven\u00ed Tyto obchodn\u00ed podm\u00ednky (d\u00e1le jen \u201eobchodn\u00ed podm\u00ednky\u201c) obchodn\u00ed spole\u010dnostiHUGO Bike s.r.o., se s\u00eddlem Po\u0159\u00ed\u010dsk\u00e1 282, Bor\u0161ov nad Vltavou, identifika\u010dn\u00ed \u010d\u00edslo28146603, zapsan\u00e9 v obchodn\u00edm rejst\u0159\u00edku veden\u00e9m u Krajsk\u00e9ho soudu v \u010cesk\u00fdchBud\u011bjovic\u00edch, odd\u00edl C, vlo\u017eka 20398 (d\u00e1le jen \u201eprod\u00e1vaj\u00edc\u00ed\u201c) ) upravuj\u00ed vz\u00e1jemn\u00e1pr\u00e1va a povinnosti smluvn\u00edch stran vznikl\u00e9 v souvislosti nebo [&hellip;]<\/p>\n","protected":false},"author":1,"featured_media":0,"parent":0,"menu_order":0,"comment_status":"closed","ping_status":"closed","template":"","meta":{"_acf_changed":false,"footnotes":""},"class_list":["post-35","page","type-page","status-publish","hentry"],"acf":[],"_links":{"self":[{"href":"https:\/\/www.hugobike.cz\/es\/wp-json\/wp\/v2\/pages\/35","targetHints":{"allow":["GET"]}}],"collection":[{"href":"https:\/\/www.hugobike.cz\/es\/wp-json\/wp\/v2\/pages"}],"about":[{"href":"https:\/\/www.hugobike.cz\/es\/wp-json\/wp\/v2\/types\/page"}],"author":[{"embeddable":true,"href":"https:\/\/www.hugobike.cz\/es\/wp-json\/wp\/v2\/users\/1"}],"replies":[{"embeddable":true,"href":"https:\/\/www.hugobike.cz\/es\/wp-json\/wp\/v2\/comments?post=35"}],"version-history":[{"count":1,"href":"https:\/\/www.hugobike.cz\/es\/wp-json\/wp\/v2\/pages\/35\/revisions"}],"predecessor-version":[{"id":3402415,"href":"https:\/\/www.hugobike.cz\/es\/wp-json\/wp\/v2\/pages\/35\/revisions\/3402415"}],"wp:attachment":[{"href":"https:\/\/www.hugobike.cz\/es\/wp-json\/wp\/v2\/media?parent=35"}],"curies":[{"name":"wp","href":"https:\/\/api.w.org\/{rel}","templated":true}]}}