{"id":2,"date":"2022-06-28T18:36:23","date_gmt":"2022-06-28T16:36:23","guid":{"rendered":"https:\/\/www.hugobike.cz\/?page_id=2"},"modified":"2023-01-04T11:12:56","modified_gmt":"2023-01-04T10:12:56","slug":"parte-acusadora","status":"publish","type":"page","link":"https:\/\/www.hugobike.cz\/es\/","title":{"rendered":"HUGO E-Bike"},"content":{"rendered":"<p>Son scooters el\u00e9ctricos checos de lujo. Cada uno se monta a mano y se basa en un dise\u00f1o \u00fanico. La construcci\u00f3n s\u00f3lida y estable garantiza la facilidad de uso, el confort de marcha es una obviedad incluso en los recorridos m\u00e1s largos.<\/p>","protected":false},"excerpt":{"rendered":"<p>Son scooters el\u00e9ctricos checos de lujo. Cada uno se monta a mano y se basa en un dise\u00f1o \u00fanico. La construcci\u00f3n s\u00f3lida y estable garantiza la facilidad de uso, el confort de marcha es una obviedad incluso en los recorridos m\u00e1s largos.<\/p>","protected":false},"author":1,"featured_media":0,"parent":0,"menu_order":0,"comment_status":"closed","ping_status":"open","template":"","meta":{"_acf_changed":false,"footnotes":""},"class_list":["post-2","page","type-page","status-publish","hentry"],"acf":[],"_links":{"self":[{"href":"https:\/\/www.hugobike.cz\/es\/wp-json\/wp\/v2\/pages\/2","targetHints":{"allow":["GET"]}}],"collection":[{"href":"https:\/\/www.hugobike.cz\/es\/wp-json\/wp\/v2\/pages"}],"about":[{"href":"https:\/\/www.hugobike.cz\/es\/wp-json\/wp\/v2\/types\/page"}],"author":[{"embeddable":true,"href":"https:\/\/www.hugobike.cz\/es\/wp-json\/wp\/v2\/users\/1"}],"replies":[{"embeddable":true,"href":"https:\/\/www.hugobike.cz\/es\/wp-json\/wp\/v2\/comments?post=2"}],"version-history":[{"count":0,"href":"https:\/\/www.hugobike.cz\/es\/wp-json\/wp\/v2\/pages\/2\/revisions"}],"wp:attachment":[{"href":"https:\/\/www.hugobike.cz\/es\/wp-json\/wp\/v2\/media?parent=2"}],"curies":[{"name":"wp","href":"https:\/\/api.w.org\/{rel}","templated":true}]}}