{"id":147,"date":"2022-08-25T14:42:09","date_gmt":"2022-08-25T12:42:09","guid":{"rendered":"https:\/\/www.hugobike.cz\/kosik\/"},"modified":"2023-11-07T17:27:19","modified_gmt":"2023-11-07T16:27:19","slug":"kosik","status":"publish","type":"page","link":"https:\/\/www.hugobike.cz\/en\/kosik\/","title":{"rendered":"Basket"},"content":{"rendered":"<div data-block-name=\"woocommerce\/cart\" class=\"wp-block-woocommerce-cart alignwide is-loading width--full\">\n<div data-block-name=\"woocommerce\/filled-cart-block\" class=\"wp-block-woocommerce-filled-cart-block\">\n<div data-block-name=\"woocommerce\/cart-items-block\" class=\"wp-block-woocommerce-cart-items-block\">\n<div data-block-name=\"woocommerce\/cart-line-items-block\" class=\"wp-block-woocommerce-cart-line-items-block\"><\/div>\n\n\n\n<div data-block-name=\"woocommerce\/cart-cross-sells-block\" class=\"wp-block-woocommerce-cart-cross-sells-block\">\n<h2 class=\"wp-block-heading has-large-font-size\">You may be interested in...<\/h2>\n\n\n\n<div data-block-name=\"woocommerce\/cart-cross-sells-products-block\" class=\"wp-block-woocommerce-cart-cross-sells-products-block\"><\/div>\n<\/div>\n<\/div>\n\n\n\n<div data-block-name=\"woocommerce\/cart-totals-block\" class=\"wp-block-woocommerce-cart-totals-block\">\n<div data-block-name=\"woocommerce\/cart-order-summary-block\" class=\"wp-block-woocommerce-cart-order-summary-block\">\n<div data-block-name=\"woocommerce\/cart-order-summary-heading-block\" data-content=\"Celkem k platb\u011b\" class=\"wp-block-woocommerce-cart-order-summary-heading-block\"><\/div><div data-block-name=\"woocommerce\/cart-order-summary-coupon-form-block\" class=\"wp-block-woocommerce-cart-order-summary-coupon-form-block\"><\/div><div data-block-name=\"woocommerce\/cart-order-summary-totals-block\" class=\"wp-block-woocommerce-cart-order-summary-totals-block\">\n<div data-block-name=\"woocommerce\/cart-order-summary-subtotal-block\" class=\"wp-block-woocommerce-cart-order-summary-subtotal-block\"><\/div>\n<div data-block-name=\"woocommerce\/cart-order-summary-discount-block\" class=\"wp-block-woocommerce-cart-order-summary-discount-block\"><\/div>\n<div data-block-name=\"woocommerce\/cart-order-summary-fee-block\" class=\"wp-block-woocommerce-cart-order-summary-fee-block\"><\/div>\n<div data-block-name=\"woocommerce\/cart-order-summary-shipping-block\" class=\"wp-block-woocommerce-cart-order-summary-shipping-block\"><\/div>\n<div data-block-name=\"woocommerce\/cart-order-summary-taxes-block\" class=\"wp-block-woocommerce-cart-order-summary-taxes-block\"><\/div><\/div>\n<\/div>\n\n\n\n<div data-block-name=\"woocommerce\/cart-express-payment-block\" class=\"wp-block-woocommerce-cart-express-payment-block\"><\/div>\n\n\n\n<div data-block-name=\"woocommerce\/proceed-to-checkout-block\" class=\"wp-block-woocommerce-proceed-to-checkout-block\"><\/div>\n\n\n\n<div data-block-name=\"woocommerce\/cart-accepted-payment-methods-block\" class=\"wp-block-woocommerce-cart-accepted-payment-methods-block\"><\/div>\n<\/div>\n<\/div>\n\n\n\n<div data-block-name=\"woocommerce\/empty-cart-block\" class=\"wp-block-woocommerce-empty-cart-block\">\n<h2 class=\"wp-block-heading has-text-align-center with-empty-cart-icon wc-block-cart__empty-cart__title\">Your cart is currently empty!<\/h2>\n\n\n\n<p class=\"has-text-align-center\"><a href=\"https:\/\/www.hugobike.cz\/en\/shop\/\">Browse the store<\/a>.<\/p>\n\n\n\n<hr class=\"wp-block-separator has-alpha-channel-opacity is-style-dots\"\/>\n\n\n\n<h2 class=\"wp-block-heading has-text-align-center\">New<\/h2>\n\n\n<div data-block-name=\"woocommerce\/product-new\" data-rows=\"1\" class=\"wc-block-grid wp-block-product-new wp-block-woocommerce-product-new wc-block-product-new has-3-columns\"><ul class=\"wc-block-grid__products\"><li class=\"wc-block-grid__product\"><span class=\"gtm4wp_productdata\" style=\"display:none; visibility:hidden;\" data-gtm4wp_product_data=\"{&quot;internal_id&quot;:4236851,&quot;item_id&quot;:&quot;61&quot;,&quot;item_name&quot;:&quot;Hlavov\\u00e9 sl. Force AHEAD 1 1\\\/8&#039;&#039; Fe, \\u010dern\\u00e9&quot;,&quot;sku&quot;:&quot;61&quot;,&quot;price&quot;:99,&quot;stocklevel&quot;:22,&quot;stockstatus&quot;:&quot;instock&quot;,&quot;google_business_vertical&quot;:&quot;retail&quot;,&quot;item_category&quot;:&quot;Hlavov\\u00e9 slo\\u017een\\u00ed&quot;,&quot;id&quot;:&quot;61&quot;,&quot;productlink&quot;:&quot;https:\\\/\\\/www.hugobike.cz\\\/en\\\/p\\\/hlavove-sl-force-ahead-1-1-8-fe-cerne\\\/&quot;,&quot;item_list_name&quot;:&quot;General Product List&quot;,&quot;index&quot;:0,&quot;product_type&quot;:&quot;simple&quot;,&quot;item_brand&quot;:&quot;&quot;}\"><\/span>\n\t\t\t\t<a href=\"https:\/\/www.hugobike.cz\/en\/p\/hlavove-sl-force-ahead-1-1-8-fe-cerne\/\" class=\"wc-block-grid__product-link\">\n\t\t\t\t\t\n\t\t\t\t\t<div class=\"wc-block-grid__product-image\"><img loading=\"lazy\" decoding=\"async\" width=\"600\" height=\"635\" src=\"https:\/\/www.hugobike.cz\/wp-content\/uploads\/2026\/05\/61-600x635.jpg\" class=\"attachment-woocommerce_thumbnail size-woocommerce_thumbnail\" alt=\"Head sl. Force AHEAD 1 1\/8&#039;&#039; Fe, black\" srcset=\"https:\/\/www.hugobike.cz\/wp-content\/uploads\/2026\/05\/61-600x635.jpg 600w, https:\/\/www.hugobike.cz\/wp-content\/uploads\/2026\/05\/61-284x300.jpg 284w, https:\/\/www.hugobike.cz\/wp-content\/uploads\/2026\/05\/61-768x812.jpg 768w, https:\/\/www.hugobike.cz\/wp-content\/uploads\/2026\/05\/61-11x12.jpg 11w, https:\/\/www.hugobike.cz\/wp-content\/uploads\/2026\/05\/61.jpg 834w\" sizes=\"auto, (max-width: 600px) 100vw, 600px\" \/><\/div>\n\t\t\t\t\t<div class=\"wc-block-grid__product-title\">Head sl. Force AHEAD 1 1\/8\" Fe, black<\/div>\n\t\t\t\t<\/a>\n\t\t\t\t<div class=\"wc-block-grid__product-price price\"><span class=\"woocommerce-Price-amount amount\">99,00&nbsp;<span class=\"woocommerce-Price-currencySymbol\">CZK<\/span><\/span><\/div>\n\t\t\t\t\n\t\t\t\t<div class=\"wp-block-button wc-block-grid__product-add-to-cart\"><a href=\"\/en\/wp-json\/wp\/v2\/pages\/147?add-to-cart=4236851\" aria-label=\"Add to basket: \u201cHlavov\u00e9 sl. Force AHEAD 1 1\/8&#039;&#039; Fe, \u010dern\u00e9\u201d\" data-quantity=\"1\" data-product_id=\"4236851\" data-product_sku=\"61\" data-price=\"99\" rel=\"nofollow\" class=\"wp-block-button__link  add_to_cart_button ajax_add_to_cart\" data-no-translation=\"\" data-trp-gettext=\"\" data-no-translation-aria-label=\"\">Add to basket<\/a><\/div>\n\t\t\t<\/li><li class=\"wc-block-grid__product\"><span class=\"gtm4wp_productdata\" style=\"display:none; visibility:hidden;\" data-gtm4wp_product_data=\"{&quot;internal_id&quot;:1070,&quot;item_id&quot;:&quot;82&quot;,&quot;item_name&quot;:&quot;\\u0159\\u00edd\\u00edtka FORCE BASIC rovn\\u00e9 31,8\\\/ 780,karbon matn\\u00fd&quot;,&quot;sku&quot;:&quot;82&quot;,&quot;price&quot;:2299,&quot;stocklevel&quot;:2,&quot;stockstatus&quot;:&quot;instock&quot;,&quot;google_business_vertical&quot;:&quot;retail&quot;,&quot;item_category&quot;:&quot;\\u0158id\\u00edtka&quot;,&quot;id&quot;:&quot;82&quot;,&quot;productlink&quot;:&quot;https:\\\/\\\/www.hugobike.cz\\\/en\\\/p\\\/riditka-force-basic-rovne-318-780karbon-matny\\\/&quot;,&quot;item_list_name&quot;:&quot;General Product List&quot;,&quot;index&quot;:0,&quot;product_type&quot;:&quot;simple&quot;,&quot;item_brand&quot;:&quot;&quot;}\"><\/span>\n\t\t\t\t<a href=\"https:\/\/www.hugobike.cz\/en\/p\/riditka-force-basic-rovne-318-780karbon-matny\/\" class=\"wc-block-grid__product-link\">\n\t\t\t\t\t\n\t\t\t\t\t<div class=\"wc-block-grid__product-image\"><img loading=\"lazy\" decoding=\"async\" width=\"600\" height=\"103\" src=\"https:\/\/www.hugobike.cz\/wp-content\/uploads\/2026\/05\/82-600x103.jpg\" class=\"attachment-woocommerce_thumbnail size-woocommerce_thumbnail\" alt=\"Handlebar FORCE BASIC straight 31,8\/ 780,carbon matt\" srcset=\"https:\/\/www.hugobike.cz\/wp-content\/uploads\/2026\/05\/82-600x103.jpg 600w, https:\/\/www.hugobike.cz\/wp-content\/uploads\/2026\/05\/82-300x52.jpg 300w, https:\/\/www.hugobike.cz\/wp-content\/uploads\/2026\/05\/82-1024x176.jpg 1024w, https:\/\/www.hugobike.cz\/wp-content\/uploads\/2026\/05\/82-768x132.jpg 768w, https:\/\/www.hugobike.cz\/wp-content\/uploads\/2026\/05\/82-1536x264.jpg 1536w, https:\/\/www.hugobike.cz\/wp-content\/uploads\/2026\/05\/82-18x3.jpg 18w, https:\/\/www.hugobike.cz\/wp-content\/uploads\/2026\/05\/82.jpg 2000w\" sizes=\"auto, (max-width: 600px) 100vw, 600px\" \/><\/div>\n\t\t\t\t\t<div class=\"wc-block-grid__product-title\">Handlebar FORCE BASIC straight 31,8\/ 780,carbon matt<\/div>\n\t\t\t\t<\/a>\n\t\t\t\t<div class=\"wc-block-grid__product-price price\"><span class=\"woocommerce-Price-amount amount\">2 299,00&nbsp;<span class=\"woocommerce-Price-currencySymbol\">CZK<\/span><\/span><\/div>\n\t\t\t\t\n\t\t\t\t<div class=\"wp-block-button wc-block-grid__product-add-to-cart\"><a href=\"\/en\/wp-json\/wp\/v2\/pages\/147?add-to-cart=1070\" aria-label=\"Add to basket: \u201c\u0159\u00edd\u00edtka FORCE BASIC rovn\u00e9 31,8\/ 780,karbon matn\u00fd\u201d\" data-quantity=\"1\" data-product_id=\"1070\" data-product_sku=\"82\" data-price=\"2299\" rel=\"nofollow\" class=\"wp-block-button__link  add_to_cart_button ajax_add_to_cart\" data-no-translation=\"\" data-trp-gettext=\"\" data-no-translation-aria-label=\"\">Add to basket<\/a><\/div>\n\t\t\t<\/li><li class=\"wc-block-grid__product\"><span class=\"gtm4wp_productdata\" style=\"display:none; visibility:hidden;\" data-gtm4wp_product_data=\"{&quot;internal_id&quot;:1067,&quot;item_id&quot;:&quot;79&quot;,&quot;item_name&quot;:&quot;Sv\\u011btlo p\\u0159edn\\u00ed 12 led 12-24V diod b\\u00edl\\u00e1 716 W97,3&quot;,&quot;sku&quot;:&quot;79&quot;,&quot;price&quot;:230,&quot;stocklevel&quot;:200,&quot;stockstatus&quot;:&quot;instock&quot;,&quot;google_business_vertical&quot;:&quot;retail&quot;,&quot;item_category&quot;:&quot;Sv\\u011btla&quot;,&quot;id&quot;:&quot;79&quot;,&quot;productlink&quot;:&quot;https:\\\/\\\/www.hugobike.cz\\\/en\\\/p\\\/svetlo-predni-12-led-12-24v-diod-bila-716-w973\\\/&quot;,&quot;item_list_name&quot;:&quot;General Product List&quot;,&quot;index&quot;:0,&quot;product_type&quot;:&quot;simple&quot;,&quot;item_brand&quot;:&quot;&quot;}\"><\/span>\n\t\t\t\t<a href=\"https:\/\/www.hugobike.cz\/en\/p\/svetlo-predni-12-led-12-24v-diod-bila-716-w973\/\" class=\"wc-block-grid__product-link\">\n\t\t\t\t\t\n\t\t\t\t\t<div class=\"wc-block-grid__product-image\"><img loading=\"lazy\" decoding=\"async\" width=\"600\" height=\"600\" src=\"https:\/\/www.hugobike.cz\/wp-content\/uploads\/2026\/05\/79-600x600.jpg\" class=\"attachment-woocommerce_thumbnail size-woocommerce_thumbnail\" alt=\"Front light 12 led 12-24V diode white 716 W97,3\" srcset=\"https:\/\/www.hugobike.cz\/wp-content\/uploads\/2026\/05\/79-600x600.jpg 600w, https:\/\/www.hugobike.cz\/wp-content\/uploads\/2026\/05\/79-300x300.jpg 300w, https:\/\/www.hugobike.cz\/wp-content\/uploads\/2026\/05\/79-1024x1024.jpg 1024w, https:\/\/www.hugobike.cz\/wp-content\/uploads\/2026\/05\/79-150x150.jpg 150w, https:\/\/www.hugobike.cz\/wp-content\/uploads\/2026\/05\/79-768x768.jpg 768w, https:\/\/www.hugobike.cz\/wp-content\/uploads\/2026\/05\/79-12x12.jpg 12w, https:\/\/www.hugobike.cz\/wp-content\/uploads\/2026\/05\/79-100x100.jpg 100w, https:\/\/www.hugobike.cz\/wp-content\/uploads\/2026\/05\/79.jpg 1080w\" sizes=\"auto, (max-width: 600px) 100vw, 600px\" \/><\/div>\n\t\t\t\t\t<div class=\"wc-block-grid__product-title\">Front light 12 led 12-24V diode white 716 W97,3<\/div>\n\t\t\t\t<\/a>\n\t\t\t\t<div class=\"wc-block-grid__product-price price\"><span class=\"woocommerce-Price-amount amount\">230,00&nbsp;<span class=\"woocommerce-Price-currencySymbol\">CZK<\/span><\/span><\/div>\n\t\t\t\t\n\t\t\t\t<div class=\"wp-block-button wc-block-grid__product-add-to-cart\"><a href=\"\/en\/wp-json\/wp\/v2\/pages\/147?add-to-cart=1067\" aria-label=\"Add to basket: \u201cSv\u011btlo p\u0159edn\u00ed 12 led 12-24V diod b\u00edl\u00e1 716 W97,3\u201d\" data-quantity=\"1\" data-product_id=\"1067\" data-product_sku=\"79\" data-price=\"230\" rel=\"nofollow\" class=\"wp-block-button__link  add_to_cart_button ajax_add_to_cart\" data-no-translation=\"\" data-trp-gettext=\"\" data-no-translation-aria-label=\"\">Add to basket<\/a><\/div>\n\t\t\t<\/li><\/ul><\/div><\/div>\n<\/div>","protected":false},"excerpt":{"rendered":"","protected":false},"author":1,"featured_media":0,"parent":0,"menu_order":0,"comment_status":"closed","ping_status":"closed","template":"","meta":{"_acf_changed":false,"footnotes":""},"class_list":["post-147","page","type-page","status-publish","hentry"],"acf":[],"_links":{"self":[{"href":"https:\/\/www.hugobike.cz\/en\/wp-json\/wp\/v2\/pages\/147","targetHints":{"allow":["GET"]}}],"collection":[{"href":"https:\/\/www.hugobike.cz\/en\/wp-json\/wp\/v2\/pages"}],"about":[{"href":"https:\/\/www.hugobike.cz\/en\/wp-json\/wp\/v2\/types\/page"}],"author":[{"embeddable":true,"href":"https:\/\/www.hugobike.cz\/en\/wp-json\/wp\/v2\/users\/1"}],"replies":[{"embeddable":true,"href":"https:\/\/www.hugobike.cz\/en\/wp-json\/wp\/v2\/comments?post=147"}],"version-history":[{"count":0,"href":"https:\/\/www.hugobike.cz\/en\/wp-json\/wp\/v2\/pages\/147\/revisions"}],"wp:attachment":[{"href":"https:\/\/www.hugobike.cz\/en\/wp-json\/wp\/v2\/media?parent=147"}],"curies":[{"name":"wp","href":"https:\/\/api.w.org\/{rel}","templated":true}]}}