{"id":4209246,"date":"2026-01-09T08:43:09","date_gmt":"2026-01-09T07:43:09","guid":{"rendered":"https:\/\/www.hugobike.cz\/?post_type=product&#038;p=4209246"},"modified":"2026-01-09T08:43:09","modified_gmt":"2026-01-09T07:43:09","slug":"big-one-x1","status":"publish","type":"product","link":"https:\/\/www.hugobike.cz\/de\/p\/big-one-x1\/","title":{"rendered":"BIG ONE X1"},"content":{"rendered":"","protected":false},"excerpt":{"rendered":"<h2 id=\"headline-2238-256\" class=\"ct-headline text--uppercase text--italic\"><span id=\"span-2239-256\" class=\"ct-span\">Der Gro\u00dfe X1<\/span>\u00a0<span id=\"span-2244-256\" class=\"ct-span text--300\">-<\/span>\u00a0<span id=\"span-2240-256\" class=\"ct-span text--300\">2025<\/span><\/h2>\n<div id=\"text_block-222-14\" class=\"ct-text-block text--uppercase margin-bottom--l geom-light width--m\"><span id=\"span-223-14\" class=\"ct-span\">E-Scooter mit Hinterradfederung f\u00fcr anspruchsvolles, moderates und h\u00fcgeliges Gel\u00e4nde. In der Version mit 7 kW Motor (Spitzenleistung 1s bis zu 13 kW).<\/span><\/div>\n<div>\n<p>Batterie 45 Ah\/ 52V<\/p>\n<p>Motor 250W - 6 kW<\/p>\n<p>Reichweite \u00d8 90 km<\/p>\n<p>Geschwindigkeit 70 km\/h *<\/p>\n<p>Ladung 3 A (st\u00e4rkere Ladung kann erworben werden)<\/p>\n<p>Bezeichnung leichtes - mittelschweres Gel\u00e4nde<\/p>\n<p>Rahmen Stahl\/Doppel<\/p>\n<p>Gabel\/D\u00e4mpfer Luft 120mm\/Luft<\/p>\n<p>Bremsen\/Scheibenhydraulik (180 mm) HB<\/p>\n<p>Radgr\u00f6\u00dfe 26\u2033\/20\u2033<\/p>\n<p>Abmessungen H x B x T - 118 x 75 x 209 cm<\/p>\n<p>Gewicht 55 kg<\/p>\n<p>Lieferfrist: 6 - 8 Wochen<\/p>\n<\/div>","protected":false},"featured_media":4209248,"comment_status":"open","ping_status":"closed","template":"","meta":{"_acf_changed":false},"product_brand":[],"product_cat":[174],"product_tag":[],"class_list":{"0":"post-4209246","1":"product","2":"type-product","3":"status-publish","4":"has-post-thumbnail","6":"product_cat-e-kolobezky","8":"first","9":"instock","10":"taxable","11":"shipping-taxable","12":"purchasable","13":"product-type-simple"},"acf":[],"_links":{"self":[{"href":"https:\/\/www.hugobike.cz\/de\/wp-json\/wp\/v2\/product\/4209246","targetHints":{"allow":["GET"]}}],"collection":[{"href":"https:\/\/www.hugobike.cz\/de\/wp-json\/wp\/v2\/product"}],"about":[{"href":"https:\/\/www.hugobike.cz\/de\/wp-json\/wp\/v2\/types\/product"}],"replies":[{"embeddable":true,"href":"https:\/\/www.hugobike.cz\/de\/wp-json\/wp\/v2\/comments?post=4209246"}],"wp:featuredmedia":[{"embeddable":true,"href":"https:\/\/www.hugobike.cz\/de\/wp-json\/wp\/v2\/media\/4209248"}],"wp:attachment":[{"href":"https:\/\/www.hugobike.cz\/de\/wp-json\/wp\/v2\/media?parent=4209246"}],"wp:term":[{"taxonomy":"product_brand","embeddable":true,"href":"https:\/\/www.hugobike.cz\/de\/wp-json\/wp\/v2\/product_brand?post=4209246"},{"taxonomy":"product_cat","embeddable":true,"href":"https:\/\/www.hugobike.cz\/de\/wp-json\/wp\/v2\/product_cat?post=4209246"},{"taxonomy":"product_tag","embeddable":true,"href":"https:\/\/www.hugobike.cz\/de\/wp-json\/wp\/v2\/product_tag?post=4209246"}],"curies":[{"name":"wp","href":"https:\/\/api.w.org\/{rel}","templated":true}]}}