{"id":4206137,"date":"2026-01-08T13:54:12","date_gmt":"2026-01-08T12:54:12","guid":{"rendered":"https:\/\/www.hugobike.cz\/?post_type=product&#038;p=4206137"},"modified":"2026-01-08T14:01:09","modified_gmt":"2026-01-08T13:01:09","slug":"4206137","status":"publish","type":"product","link":"https:\/\/www.hugobike.cz\/de\/p\/4206137\/","title":{"rendered":"SCORPIO"},"content":{"rendered":"<p>Batterie 21 Ah Motor 1000 W Reichweite ca. 50 km Geschwindigkeit 25km Ladung 3 A (st\u00e4rkere kann erworben werden) City Bezeichnung Duralrahmen Gabel\/Sto\u00dfd\u00e4mpfer mechanisch\/ohne Sto\u00dfd\u00e4mpfer Bremsen\/R\u00e4der mechanisch (160 mm) Radgr\u00f6\u00dfe 12\u2033 Abmessungen h x b x t - 124 x 61 x 117 cm Gewicht 17,5 kg Lieferzeit: 6 - 8 Wochen<\/p>","protected":false},"excerpt":{"rendered":"<h2 id=\"headline-819-14\" class=\"ct-headline text--uppercase text--italic\"><span id=\"span-820-256\" class=\"ct-span\">Skorpion<\/span><\/h2>\n<div id=\"text_block-822-14\" class=\"ct-text-block text--uppercase margin-bottom--l geom-light width--m\"><span id=\"span-823-256\" class=\"ct-span\">Wenn Sie einen Elektroroller suchen, der Sie im Alltag oder auf l\u00e4ngeren Strecken nicht im Stich l\u00e4sst, ist der Scorpio TOP die richtige Wahl!<\/span><\/div>\n<div>Batterie 21 Ah<\/div>\n<div>Motor 1000 W<\/div>\n<div>Reichweite Etwa 50 km<\/div>\n<div>Geschwindigkeit 25km<\/div>\n<div>Ladung 3 A (st\u00e4rkere Ladung kann erworben werden)<\/div>\n<div>Bezeichnung der Stadt<\/div>\n<div>Rahmen Duraluminium<\/div>\n<div>Gabel\/Sto\u00dfd\u00e4mpfer Mechanik\/ohne Sto\u00dfd\u00e4mpfer<\/div>\n<div>Bremsen\/Scheibenmechanik (160 mm)<\/div>\n<div>Radgr\u00f6\u00dfe 12\u2033<\/div>\n<div>Abmessungen H x B x T - 124 x 61 x 117 cm<\/div>\n<div>Gewicht 17,5 kg<\/div>\n<div><\/div>\n<div>Lieferfrist: 6 - 8 Wochen<\/div>","protected":false},"featured_media":4206136,"comment_status":"open","ping_status":"closed","template":"","meta":{"_acf_changed":false},"product_brand":[],"product_cat":[174],"product_tag":[],"class_list":{"0":"post-4206137","1":"product","2":"type-product","3":"status-publish","4":"has-post-thumbnail","6":"product_cat-e-kolobezky","8":"first","9":"instock","10":"taxable","11":"shipping-taxable","12":"purchasable","13":"product-type-simple"},"acf":[],"_links":{"self":[{"href":"https:\/\/www.hugobike.cz\/de\/wp-json\/wp\/v2\/product\/4206137","targetHints":{"allow":["GET"]}}],"collection":[{"href":"https:\/\/www.hugobike.cz\/de\/wp-json\/wp\/v2\/product"}],"about":[{"href":"https:\/\/www.hugobike.cz\/de\/wp-json\/wp\/v2\/types\/product"}],"replies":[{"embeddable":true,"href":"https:\/\/www.hugobike.cz\/de\/wp-json\/wp\/v2\/comments?post=4206137"}],"wp:featuredmedia":[{"embeddable":true,"href":"https:\/\/www.hugobike.cz\/de\/wp-json\/wp\/v2\/media\/4206136"}],"wp:attachment":[{"href":"https:\/\/www.hugobike.cz\/de\/wp-json\/wp\/v2\/media?parent=4206137"}],"wp:term":[{"taxonomy":"product_brand","embeddable":true,"href":"https:\/\/www.hugobike.cz\/de\/wp-json\/wp\/v2\/product_brand?post=4206137"},{"taxonomy":"product_cat","embeddable":true,"href":"https:\/\/www.hugobike.cz\/de\/wp-json\/wp\/v2\/product_cat?post=4206137"},{"taxonomy":"product_tag","embeddable":true,"href":"https:\/\/www.hugobike.cz\/de\/wp-json\/wp\/v2\/product_tag?post=4206137"}],"curies":[{"name":"wp","href":"https:\/\/api.w.org\/{rel}","templated":true}]}}