{"id":2651984,"date":"2026-04-24T22:56:29","date_gmt":"2026-04-24T20:56:29","guid":{"rendered":"https:\/\/www.hugobike.cz\/p\/prilba-cross-cup-2-napa-cassida-piskova-zelena-zluta-fluo-cerna-matna-2025\/"},"modified":"2026-04-24T22:56:36","modified_gmt":"2026-04-24T20:56:36","slug":"helm-cross-cup-2-napa-cassida-bunt-grun-gold-fluo-schwarz-matt-2025","status":"publish","type":"product","link":"https:\/\/www.hugobike.cz\/de\/p\/prilba-cross-cup-2-napa-cassida-piskova-zelena-zluta-fluo-cerna-matna-2025\/","title":{"rendered":"Helm Cross Cup 2 Napa, CASSIDA (sand\/gr\u00fcn\/fluorgelb\/mattschwarz) 2025"},"content":{"rendered":"","protected":false},"excerpt":{"rendered":"<p>Gr\u00f6\u00dfe XL (61 bis 62 cm)<br \/>\nGr\u00f6\u00dfe 2XL (63 bis 64 cm)<\/p>\n<p>Konstruktion:<br \/>\nSchale aus Polycarbonat.<br \/>\nDer innere Kern besteht aus EPS-Polystyrol.<br \/>\nFormgebung an den Seiten des unteren Saums des Helms.<br \/>\nProdukt-Highlights:<br \/>\nVollst\u00e4ndig herausnehmbares und waschbares Polyesterfutter.<br \/>\nMesh-Paneele.<br \/>\nKohlefilter im vorderen L\u00fcftungseinlass enthalten.<br \/>\nInterne Aussparungen im EPS-Wangenbereich f\u00fcr die M\u00f6glichkeit der Anbringung von Kommunikator-Kopfh\u00f6rern.<\/p>","protected":false},"featured_media":4615780,"comment_status":"closed","ping_status":"open","template":"","meta":{"_acf_changed":false},"product_brand":[],"product_cat":[144],"product_tag":[],"class_list":{"0":"post-2651984","1":"product","2":"type-product","3":"status-publish","4":"has-post-thumbnail","6":"product_cat-doplnky","8":"first","9":"onbackorder","10":"purchasable","11":"product-type-simple"},"acf":[],"_links":{"self":[{"href":"https:\/\/www.hugobike.cz\/de\/wp-json\/wp\/v2\/product\/2651984","targetHints":{"allow":["GET"]}}],"collection":[{"href":"https:\/\/www.hugobike.cz\/de\/wp-json\/wp\/v2\/product"}],"about":[{"href":"https:\/\/www.hugobike.cz\/de\/wp-json\/wp\/v2\/types\/product"}],"replies":[{"embeddable":true,"href":"https:\/\/www.hugobike.cz\/de\/wp-json\/wp\/v2\/comments?post=2651984"}],"wp:featuredmedia":[{"embeddable":true,"href":"https:\/\/www.hugobike.cz\/de\/wp-json\/wp\/v2\/media\/4615780"}],"wp:attachment":[{"href":"https:\/\/www.hugobike.cz\/de\/wp-json\/wp\/v2\/media?parent=2651984"}],"wp:term":[{"taxonomy":"product_brand","embeddable":true,"href":"https:\/\/www.hugobike.cz\/de\/wp-json\/wp\/v2\/product_brand?post=2651984"},{"taxonomy":"product_cat","embeddable":true,"href":"https:\/\/www.hugobike.cz\/de\/wp-json\/wp\/v2\/product_cat?post=2651984"},{"taxonomy":"product_tag","embeddable":true,"href":"https:\/\/www.hugobike.cz\/de\/wp-json\/wp\/v2\/product_tag?post=2651984"}],"curies":[{"name":"wp","href":"https:\/\/api.w.org\/{rel}","templated":true}]}}