{"id":2651976,"date":"2026-05-01T05:52:29","date_gmt":"2026-05-01T03:52:29","guid":{"rendered":"https:\/\/www.hugobike.cz\/p\/prilba-cross-cup-2-napa-cassida-piskova-zelena-oranzova-cerna-matna-2025\/"},"modified":"2026-05-01T05:52:33","modified_gmt":"2026-05-01T03:52:33","slug":"helm-cross-cup-2-napa-cassida-bunt-grun-orange-schwarz-matt-2025","status":"publish","type":"product","link":"https:\/\/www.hugobike.cz\/de\/p\/prilba-cross-cup-2-napa-cassida-piskova-zelena-oranzova-cerna-matna-2025\/","title":{"rendered":"Helm Cross Cup 2 Napa, CASSIDA (sand\/gr\u00fcn\/orange\/schwarz matt) 2025"},"content":{"rendered":"","protected":false},"excerpt":{"rendered":"<p>Gr\u00f6\u00dfe 2XL (63 bis 64 cm)<\/p>\n<p>Konstruktion:<br \/>\nSchale aus Polycarbonat.<br \/>\nDer innere Kern besteht aus EPS-Polystyrol.<br \/>\nFormgebung an den Seiten des unteren Saums des Helms.<br \/>\nProdukt-Highlights:<br \/>\nVollst\u00e4ndig herausnehmbares und waschbares Polyesterfutter.<br \/>\nMesh-Paneele.<br \/>\nKohlefilter im vorderen L\u00fcftungseinlass enthalten.<br \/>\nInterne Aussparungen im EPS-Wangenbereich f\u00fcr die M\u00f6glichkeit der Anbringung von Kommunikator-Kopfh\u00f6rern.<\/p>","protected":false},"featured_media":4639669,"comment_status":"closed","ping_status":"open","template":"","meta":{"_acf_changed":false},"product_brand":[],"product_cat":[144],"product_tag":[],"class_list":{"0":"post-2651976","1":"product","2":"type-product","3":"status-publish","4":"has-post-thumbnail","6":"product_cat-doplnky","8":"first","9":"onbackorder","10":"purchasable","11":"product-type-simple"},"acf":[],"_links":{"self":[{"href":"https:\/\/www.hugobike.cz\/de\/wp-json\/wp\/v2\/product\/2651976","targetHints":{"allow":["GET"]}}],"collection":[{"href":"https:\/\/www.hugobike.cz\/de\/wp-json\/wp\/v2\/product"}],"about":[{"href":"https:\/\/www.hugobike.cz\/de\/wp-json\/wp\/v2\/types\/product"}],"replies":[{"embeddable":true,"href":"https:\/\/www.hugobike.cz\/de\/wp-json\/wp\/v2\/comments?post=2651976"}],"wp:featuredmedia":[{"embeddable":true,"href":"https:\/\/www.hugobike.cz\/de\/wp-json\/wp\/v2\/media\/4639669"}],"wp:attachment":[{"href":"https:\/\/www.hugobike.cz\/de\/wp-json\/wp\/v2\/media?parent=2651976"}],"wp:term":[{"taxonomy":"product_brand","embeddable":true,"href":"https:\/\/www.hugobike.cz\/de\/wp-json\/wp\/v2\/product_brand?post=2651976"},{"taxonomy":"product_cat","embeddable":true,"href":"https:\/\/www.hugobike.cz\/de\/wp-json\/wp\/v2\/product_cat?post=2651976"},{"taxonomy":"product_tag","embeddable":true,"href":"https:\/\/www.hugobike.cz\/de\/wp-json\/wp\/v2\/product_tag?post=2651976"}],"curies":[{"name":"wp","href":"https:\/\/api.w.org\/{rel}","templated":true}]}}