{"id":1245,"date":"2026-04-25T05:58:01","date_gmt":"2026-04-25T03:58:01","guid":{"rendered":"https:\/\/www.hugobike.cz\/produkt\/zamek-force-retezovy-100cm-10mm-cerny\/"},"modified":"2026-04-25T05:58:04","modified_gmt":"2026-04-25T03:58:04","slug":"kraft-kettenschloss-100cm-10mm-schwarz","status":"publish","type":"product","link":"https:\/\/www.hugobike.cz\/de\/p\/zamek-force-retezovy-100cm-10mm-cerny\/","title":{"rendered":"Kraftkettenschloss 100cm\/10mm, schwarz"},"content":{"rendered":"","protected":false},"excerpt":{"rendered":"<p>FORCE-Kettenschloss in sch\u00fctzender Stoffverpackung<br \/>\nL\u00e4nge: 100 cm<br \/>\nGr\u00f6\u00dfe der Ketten\u00f6se: 78 mm x 43 mm<br \/>\nKettendurchmesser\/Maschendicke: 10 mm<br \/>\nSchl\u00fcsselverriegelung, 2 Schl\u00fcssel<br \/>\nGewicht: 2000 g<\/p>","protected":false},"featured_media":4616750,"comment_status":"closed","ping_status":"open","template":"","meta":{"_acf_changed":false},"product_brand":[],"product_cat":[144],"product_tag":[],"class_list":{"0":"post-1245","1":"product","2":"type-product","3":"status-publish","4":"has-post-thumbnail","6":"product_cat-doplnky","8":"first","9":"instock","10":"purchasable","11":"product-type-simple"},"acf":[],"_links":{"self":[{"href":"https:\/\/www.hugobike.cz\/de\/wp-json\/wp\/v2\/product\/1245","targetHints":{"allow":["GET"]}}],"collection":[{"href":"https:\/\/www.hugobike.cz\/de\/wp-json\/wp\/v2\/product"}],"about":[{"href":"https:\/\/www.hugobike.cz\/de\/wp-json\/wp\/v2\/types\/product"}],"replies":[{"embeddable":true,"href":"https:\/\/www.hugobike.cz\/de\/wp-json\/wp\/v2\/comments?post=1245"}],"wp:featuredmedia":[{"embeddable":true,"href":"https:\/\/www.hugobike.cz\/de\/wp-json\/wp\/v2\/media\/4616750"}],"wp:attachment":[{"href":"https:\/\/www.hugobike.cz\/de\/wp-json\/wp\/v2\/media?parent=1245"}],"wp:term":[{"taxonomy":"product_brand","embeddable":true,"href":"https:\/\/www.hugobike.cz\/de\/wp-json\/wp\/v2\/product_brand?post=1245"},{"taxonomy":"product_cat","embeddable":true,"href":"https:\/\/www.hugobike.cz\/de\/wp-json\/wp\/v2\/product_cat?post=1245"},{"taxonomy":"product_tag","embeddable":true,"href":"https:\/\/www.hugobike.cz\/de\/wp-json\/wp\/v2\/product_tag?post=1245"}],"curies":[{"name":"wp","href":"https:\/\/api.w.org\/{rel}","templated":true}]}}