{"id":1085,"date":"2026-04-27T11:52:01","date_gmt":"2026-04-27T09:52:01","guid":{"rendered":"https:\/\/www.hugobike.cz\/produkt\/brzdovy-kotouc-max1-evo-203-mm-cerny\/"},"modified":"2026-04-27T11:52:16","modified_gmt":"2026-04-27T09:52:16","slug":"bremsscheibe-max1-evo-203-mm-schwarz","status":"publish","type":"product","link":"https:\/\/www.hugobike.cz\/de\/p\/brzdovy-kotouc-max1-evo-203-mm-cerny\/","title":{"rendered":"Bremsscheibe MAX1 Evo 203 mm schwarz"},"content":{"rendered":"","protected":false},"excerpt":{"rendered":"<p>Bremsscheibe MAX1 Evo 203mm mit Alu-Bremssattel.<br \/>\nDie Klinge ist aus hochhitzebest\u00e4ndigem 410 STAINLESS STEEL, der Halter aus AL7075.<br \/>\nOberfl\u00e4cheng\u00fcte 42HRC.<\/p>\n<p>- Die Form der Scheibe gew\u00e4hrleistet eine sehr gute K\u00fchlung<br \/>\n- Gr\u00f6\u00dfere Bremsfl\u00e4che erh\u00f6ht die Effizienz<br \/>\n- Ultraleichte Konstruktion<br \/>\n- Hohe Effizienz unter allen Bedingungen<br \/>\n- Hervorragende Formstabilit\u00e4t dank der Alu-Konstruktion<br \/>\n- Gewicht: 194g<br \/>\n- Paket enth\u00e4lt Schrauben<br \/>\n- Radst\u00e4rke: 2 mm<\/p>","protected":false},"featured_media":4625359,"comment_status":"closed","ping_status":"open","template":"","meta":{"_acf_changed":false},"product_brand":[],"product_cat":[132],"product_tag":[],"class_list":{"0":"post-1085","1":"product","2":"type-product","3":"status-publish","4":"has-post-thumbnail","6":"product_cat-brzdy","8":"first","9":"instock","10":"purchasable","11":"product-type-simple"},"acf":[],"_links":{"self":[{"href":"https:\/\/www.hugobike.cz\/de\/wp-json\/wp\/v2\/product\/1085","targetHints":{"allow":["GET"]}}],"collection":[{"href":"https:\/\/www.hugobike.cz\/de\/wp-json\/wp\/v2\/product"}],"about":[{"href":"https:\/\/www.hugobike.cz\/de\/wp-json\/wp\/v2\/types\/product"}],"replies":[{"embeddable":true,"href":"https:\/\/www.hugobike.cz\/de\/wp-json\/wp\/v2\/comments?post=1085"}],"wp:featuredmedia":[{"embeddable":true,"href":"https:\/\/www.hugobike.cz\/de\/wp-json\/wp\/v2\/media\/4625359"}],"wp:attachment":[{"href":"https:\/\/www.hugobike.cz\/de\/wp-json\/wp\/v2\/media?parent=1085"}],"wp:term":[{"taxonomy":"product_brand","embeddable":true,"href":"https:\/\/www.hugobike.cz\/de\/wp-json\/wp\/v2\/product_brand?post=1085"},{"taxonomy":"product_cat","embeddable":true,"href":"https:\/\/www.hugobike.cz\/de\/wp-json\/wp\/v2\/product_cat?post=1085"},{"taxonomy":"product_tag","embeddable":true,"href":"https:\/\/www.hugobike.cz\/de\/wp-json\/wp\/v2\/product_tag?post=1085"}],"curies":[{"name":"wp","href":"https:\/\/api.w.org\/{rel}","templated":true}]}}