{"id":1056,"date":"2026-04-24T22:58:01","date_gmt":"2026-04-24T20:58:01","guid":{"rendered":"https:\/\/www.hugobike.cz\/produkt\/stojan-f-kid-16-20-al-pod-ram-protikus-cerny\/"},"modified":"2026-04-24T22:58:53","modified_gmt":"2026-04-24T20:58:53","slug":"rack-f-kid-16-20-al-unter-dem-ram-protikus-schwarz","status":"publish","type":"product","link":"https:\/\/www.hugobike.cz\/de\/p\/stojan-f-kid-16-20-al-pod-ram-protikus-cerny\/","title":{"rendered":"St\u00e4nder F KID 16-20&#8243; Al unter Rahmen + Ber\u00fchrungsschutz, schwarz"},"content":{"rendered":"","protected":false},"excerpt":{"rendered":"<p>FORCE-St\u00e4nder unter dem Rahmen mit Anti-Clock<br \/>\neinstellbar: 16\u2033 - 20\u2033 R\u00e4der<br \/>\nMaximale L\u00e4nge: 26,5 cm<br \/>\nMindestl\u00e4nge: 21 cm<br \/>\nmit Kunststoff-Endkappe<br \/>\nWerkstoff: Aluminium<br \/>\nGewicht: 250 g<br \/>\nverpackt auf einer FORCE-Karte<\/p>","protected":false},"featured_media":4615800,"comment_status":"closed","ping_status":"open","template":"","meta":{"_acf_changed":false},"product_brand":[],"product_cat":[137],"product_tag":[],"class_list":{"0":"post-1056","1":"product","2":"type-product","3":"status-publish","4":"has-post-thumbnail","6":"product_cat-ram","8":"first","9":"instock","10":"purchasable","11":"product-type-simple"},"acf":[],"_links":{"self":[{"href":"https:\/\/www.hugobike.cz\/de\/wp-json\/wp\/v2\/product\/1056","targetHints":{"allow":["GET"]}}],"collection":[{"href":"https:\/\/www.hugobike.cz\/de\/wp-json\/wp\/v2\/product"}],"about":[{"href":"https:\/\/www.hugobike.cz\/de\/wp-json\/wp\/v2\/types\/product"}],"replies":[{"embeddable":true,"href":"https:\/\/www.hugobike.cz\/de\/wp-json\/wp\/v2\/comments?post=1056"}],"wp:featuredmedia":[{"embeddable":true,"href":"https:\/\/www.hugobike.cz\/de\/wp-json\/wp\/v2\/media\/4615800"}],"wp:attachment":[{"href":"https:\/\/www.hugobike.cz\/de\/wp-json\/wp\/v2\/media?parent=1056"}],"wp:term":[{"taxonomy":"product_brand","embeddable":true,"href":"https:\/\/www.hugobike.cz\/de\/wp-json\/wp\/v2\/product_brand?post=1056"},{"taxonomy":"product_cat","embeddable":true,"href":"https:\/\/www.hugobike.cz\/de\/wp-json\/wp\/v2\/product_cat?post=1056"},{"taxonomy":"product_tag","embeddable":true,"href":"https:\/\/www.hugobike.cz\/de\/wp-json\/wp\/v2\/product_tag?post=1056"}],"curies":[{"name":"wp","href":"https:\/\/api.w.org\/{rel}","templated":true}]}}