{"id":1050026,"date":"2026-04-24T22:56:29","date_gmt":"2026-04-24T20:56:29","guid":{"rendered":"https:\/\/www.hugobike.cz\/p\/formula-nero-c-200mm\/"},"modified":"2026-04-24T22:56:30","modified_gmt":"2026-04-24T20:56:30","slug":"formel-nero-c-200mm","status":"publish","type":"product","link":"https:\/\/www.hugobike.cz\/de\/p\/formula-nero-c-200mm\/","title":{"rendered":"Formel NERO C 200mm"},"content":{"rendered":"","protected":false},"excerpt":{"rendered":"<p>Raddurchmesser - 29\u2033<br \/>\n- Achse - QR 20*110mm<br \/>\n- Hals - Verj\u00fcngt 1 1\/8\u2033 (Option 1 1\/8\u2033 - 1 1\/5\u2033)<br \/>\n- Hub - 200mm<br \/>\n- Verwendung - DH<br \/>\n- Durchmesser des Schirms - 35 mm<br \/>\n- Material des Schirms - Alu 7075<br \/>\n- Material des Schirms - Alu<br \/>\n- Krone - Alu hohlgeschmiedet<br \/>\n- Gewicht -2850g<br \/>\n- Kompressionskontrolle: Hi - 20 Positionen \/ Low - 12 Positionen<br \/>\n- R\u00fcckprallkontrolle - 21 Positionen<br \/>\n- Mechanische Regulierung der Federh\u00e4rte<br \/>\nG\u00f6nner einladen<br \/>\nFederh\u00e4rte - mittel (M\u00f6glichkeit von weicher, h\u00e4rter) - Maximale Scheibengr\u00f6\u00dfe - 203 mm<br \/>\n- Einpresstiefe der Gabel - 56mm<br \/>\n- Lieferumfang - DH D\u00e4mpferpumpe Mechanische Seitenschmierfl\u00fcssigkeit ( FX 250ml ) Hydraulikpatrone Schmierfl\u00fcssigkeit ( OJ \u00d6l 250ml ) Sternmutter Gabelschaftrohre 1\"1\/8 M6 Luftseitiges Abdeckwerkzeug 1 x Gabelaufkleber<\/p>","protected":false},"featured_media":4615776,"comment_status":"closed","ping_status":"open","template":"","meta":{"_acf_changed":false},"product_brand":[],"product_cat":[148],"product_tag":[],"class_list":{"0":"post-1050026","1":"product","2":"type-product","3":"status-publish","4":"has-post-thumbnail","6":"product_cat-vidlice-tlumice","8":"first","9":"onbackorder","10":"purchasable","11":"product-type-simple"},"acf":[],"_links":{"self":[{"href":"https:\/\/www.hugobike.cz\/de\/wp-json\/wp\/v2\/product\/1050026","targetHints":{"allow":["GET"]}}],"collection":[{"href":"https:\/\/www.hugobike.cz\/de\/wp-json\/wp\/v2\/product"}],"about":[{"href":"https:\/\/www.hugobike.cz\/de\/wp-json\/wp\/v2\/types\/product"}],"replies":[{"embeddable":true,"href":"https:\/\/www.hugobike.cz\/de\/wp-json\/wp\/v2\/comments?post=1050026"}],"wp:featuredmedia":[{"embeddable":true,"href":"https:\/\/www.hugobike.cz\/de\/wp-json\/wp\/v2\/media\/4615776"}],"wp:attachment":[{"href":"https:\/\/www.hugobike.cz\/de\/wp-json\/wp\/v2\/media?parent=1050026"}],"wp:term":[{"taxonomy":"product_brand","embeddable":true,"href":"https:\/\/www.hugobike.cz\/de\/wp-json\/wp\/v2\/product_brand?post=1050026"},{"taxonomy":"product_cat","embeddable":true,"href":"https:\/\/www.hugobike.cz\/de\/wp-json\/wp\/v2\/product_cat?post=1050026"},{"taxonomy":"product_tag","embeddable":true,"href":"https:\/\/www.hugobike.cz\/de\/wp-json\/wp\/v2\/product_tag?post=1050026"}],"curies":[{"name":"wp","href":"https:\/\/api.w.org\/{rel}","templated":true}]}}